{"id":5724,"date":"2023-01-17T18:24:14","date_gmt":"2023-01-17T18:24:14","guid":{"rendered":"https:\/\/babike.de\/?post_type=product&#038;p=5724"},"modified":"2024-07-03T17:54:01","modified_gmt":"2024-07-03T17:54:01","slug":"oberklasse-performance","status":"publish","type":"product","link":"https:\/\/babike.de\/de\/produkt\/oberklasse-performance\/","title":{"rendered":"Grace Performance"},"content":{"rendered":"<div data-elementor-type=\"wp-post\"   data-elementor-id=\"5724\"   class=\"elementor elementor-5724\">\n\t\t\t\t\t\t<section class=\"elementor-section elementor-top-section elementor-element elementor-element-087c50f elementor-section-content-middle elementor-section-boxed elementor-section-height-default elementor-section-height-default\"   data-id=\"087c50f\"   data-element_type=\"section\">\n\t\t\t\t\t\t<div class=\"elementor-container elementor-column-gap-default\">\n\t\t\t\t\t<div class=\"elementor-column elementor-col-50 elementor-top-column elementor-element elementor-element-d358ad0\"  data-id=\"d358ad0\"  data-element_type=\"column\">\n\t\t\t<div class=\"elementor-widget-wrap elementor-element-populated\" >\n\t\t\t\t\t\t<div class=\"elementor-element elementor-element-7744b75 elementor-widget elementor-widget-image\"   data-id=\"7744b75\"   data-element_type=\"widget\"  data-widget_type=\"image.default\">\n\t\t\t\t<div class=\"elementor-widget-container\">\n\t\t\t\t\t\t\t\t\t\t\t\t\t<img fetchpriority=\"high\"   decoding=\"async\"   width=\"800\"   height=\"800\"   src=\"https:\/\/babike.de\/wp-content\/uploads\/2023\/01\/JY03-03-10.jpg\"   class=\"attachment-full size-full wp-image-5807\"   alt=\"\"   srcset=\"https:\/\/babike.de\/wp-content\/uploads\/2023\/01\/JY03-03-10.jpg 800w, https:\/\/babike.de\/wp-content\/uploads\/2023\/01\/JY03-03-10-300x300.jpg 300w, https:\/\/babike.de\/wp-content\/uploads\/2023\/01\/JY03-03-10-150x150.jpg 150w, https:\/\/babike.de\/wp-content\/uploads\/2023\/01\/JY03-03-10-768x768.jpg 768w, https:\/\/babike.de\/wp-content\/uploads\/2023\/01\/JY03-03-10-12x12.jpg 12w, https:\/\/babike.de\/wp-content\/uploads\/2023\/01\/JY03-03-10-100x100.jpg 100w\"  sizes=\"(max-width: 800px) 100vw, 800px\" \/>\t\t\t\t\t\t\t\t\t\t\t\t\t<\/div>\n\t\t\t\t<\/div>\n\t\t\t\t\t<\/div>\n\t\t<\/div>\n\t\t\t\t<div class=\"elementor-column elementor-col-50 elementor-top-column elementor-element elementor-element-7087dfa\"   data-id=\"7087dfa\"   data-element_type=\"column\">\n\t\t\t<div class=\"elementor-widget-wrap elementor-element-populated\">\n\t\t\t\t\t\t<div class=\"elementor-element elementor-element-8038230 elementor-widget elementor-widget-heading\"   data-id=\"8038230\"   data-element_type=\"widget\"  data-widget_type=\"heading.default\">\n\t\t\t\t<div class=\"elementor-widget-container\">\n\t\t\t<h3 class=\"elementor-heading-title elementor-size-default\">Leistungsstarker Mittelmotor<\/h3>\t\t<\/div>\n\t\t\t\t<\/div>\n\t\t\t\t<div class=\"elementor-element elementor-element-7b90691 elementor-widget elementor-widget-text-editor\"   data-id=\"7b90691\"   data-element_type=\"widget\"   data-widget_type=\"text-editor.default\">\n\t\t\t\t<div class=\"elementor-widget-container\">\n\t\t\t\t\t\t\t<p>Mit dem leistungsstarken Motor von BAFANG werden h\u00fcgelige Regionen und lange Strecken mit Leichtigkeit gemeistert.\u00a0<\/p>\t\t\t\t\t\t<\/div>\n\t\t\t\t<\/div>\n\t\t\t\t\t<\/div>\n\t\t<\/div>\n\t\t\t\t\t<\/div>\n\t\t<\/section>\n\t\t\t\t<section class=\"elementor-section elementor-top-section elementor-element elementor-element-2bf8fff elementor-section-content-middle elementor-reverse-mobile elementor-section-boxed elementor-section-height-default elementor-section-height-default\"   data-id=\"2bf8fff\"   data-element_type=\"section\">\n\t\t\t\t\t\t<div class=\"elementor-container elementor-column-gap-default\">\n\t\t\t\t\t<div class=\"elementor-column elementor-col-50 elementor-top-column elementor-element elementor-element-a58f77d\"   data-id=\"a58f77d\"  data-element_type=\"column\">\n\t\t\t<div class=\"elementor-widget-wrap elementor-element-populated\">\n\t\t\t\t\t\t<div class=\"elementor-element elementor-element-dd0b4ea elementor-widget elementor-widget-heading\"   data-id=\"dd0b4ea\"  data-element_type=\"widget\" data-widget_type=\"heading.default\">\n\t\t\t\t<div class=\"elementor-widget-container\">\n\t\t\t<h3 class=\"elementor-heading-title elementor-size-default\">Schnell fahren, schneller anhalten\n<\/h3>\t\t<\/div>\n\t\t\t\t<\/div>\n\t\t\t\t<div class=\"elementor-element elementor-element-8f288be elementor-widget elementor-widget-text-editor\"   data-id=\"8f288be\"   data-element_type=\"widget\"   data-widget_type=\"text-editor.default\">\n\t\t\t\t<div class=\"elementor-widget-container\">\n\t\t\t\t\t\t\t<p>Die Vorderr\u00e4der sind mit hydraulischen Scheibenbremsen ausgestattet - die gleiche Technik, die ein Auto zum Bremsen verwendet. Die Bremsbel\u00e4ge sind auf Langlebigkeit ausgelegt, damit Sie auch nach vielen Jahren sicher fahren k\u00f6nnen.\u00a0<\/p>\t\t\t\t\t\t<\/div>\n\t\t\t\t<\/div>\n\t\t\t\t\t<\/div>\n\t\t<\/div>\n\t\t\t\t<div class=\"elementor-column elementor-col-50 elementor-top-column elementor-element elementor-element-1bfbac9\"   data-id=\"1bfbac9\"   data-element_type=\"column\">\n\t\t\t<div class=\"elementor-widget-wrap elementor-element-populated\">\n\t\t\t\t\t\t<div class=\"elementor-element elementor-element-a3be526 elementor-widget elementor-widget-image\"   data-id=\"a3be526\"   data-element_type=\"widget\"  data-widget_type=\"image.default\">\n\t\t\t\t<div class=\"elementor-widget-container\">\n\t\t\t\t\t\t\t\t\t\t\t\t\t<img decoding=\"async\"   width=\"800\"   height=\"800\"   src=\"https:\/\/babike.de\/wp-content\/uploads\/2023\/01\/JY03-03-08.jpg\"   class=\"attachment-full size-full wp-image-5814\"   alt=\"\"   srcset=\"https:\/\/babike.de\/wp-content\/uploads\/2023\/01\/JY03-03-08.jpg 800w, https:\/\/babike.de\/wp-content\/uploads\/2023\/01\/JY03-03-08-300x300.jpg 300w, https:\/\/babike.de\/wp-content\/uploads\/2023\/01\/JY03-03-08-150x150.jpg 150w, https:\/\/babike.de\/wp-content\/uploads\/2023\/01\/JY03-03-08-768x768.jpg 768w, https:\/\/babike.de\/wp-content\/uploads\/2023\/01\/JY03-03-08-12x12.jpg 12w, https:\/\/babike.de\/wp-content\/uploads\/2023\/01\/JY03-03-08-100x100.jpg 100w\"  sizes=\"(max-width: 800px) 100vw, 800px\" \/>\t\t\t\t\t\t\t\t\t\t\t\t\t<\/div>\n\t\t\t\t<\/div>\n\t\t\t\t\t<\/div>\n\t\t<\/div>\n\t\t\t\t\t<\/div>\n\t\t<\/section>\n\t\t\t\t<section class=\"elementor-section elementor-top-section elementor-element elementor-element-16dd58a elementor-section-content-middle elementor-section-boxed elementor-section-height-default elementor-section-height-default\"   data-id=\"16dd58a\"   data-element_type=\"section\">\n\t\t\t\t\t\t<div class=\"elementor-container elementor-column-gap-default\">\n\t\t\t\t\t<div class=\"elementor-column elementor-col-50 elementor-top-column elementor-element elementor-element-243f940\"   data-id=\"243f940\" data-element_type=\"column\">\n\t\t\t<div class=\"elementor-widget-wrap elementor-element-populated\">\n\t\t\t\t\t\t<div class=\"elementor-element elementor-element-3ddc461 elementor-widget elementor-widget-image\"   data-id=\"3ddc461\"   data-element_type=\"widget\" data-widget_type=\"image.default\">\n\t\t\t\t<div class=\"elementor-widget-container\">\n\t\t\t\t\t\t\t\t\t\t\t\t\t<img decoding=\"async\"   width=\"750\"   height=\"800\"   src=\"https:\/\/babike.de\/wp-content\/uploads\/2023\/01\/JY03-03-009.jpg\"   class=\"attachment-full size-full wp-image-5806\"   alt=\"\"   srcset=\"https:\/\/babike.de\/wp-content\/uploads\/2023\/01\/JY03-03-009.jpg 750w, https:\/\/babike.de\/wp-content\/uploads\/2023\/01\/JY03-03-009-281x300.jpg 281w, https:\/\/babike.de\/wp-content\/uploads\/2023\/01\/JY03-03-009-11x12.jpg 11w\"  sizes=\"(max-width: 750px) 100vw, 750px\" \/>\t\t\t\t\t\t\t\t\t\t\t\t\t<\/div>\n\t\t\t\t<\/div>\n\t\t\t\t\t<\/div>\n\t\t<\/div>\n\t\t\t\t<div class=\"elementor-column elementor-col-50 elementor-top-column elementor-element elementor-element-2e9ed66\"   data-id=\"2e9ed66\"   data-element_type=\"column\">\n\t\t\t<div class=\"elementor-widget-wrap elementor-element-populated\">\n\t\t\t\t\t\t<div class=\"elementor-element elementor-element-77a2aec elementor-widget elementor-widget-heading\"   data-id=\"77a2aec\"   data-element_type=\"widget\"   data-widget_type=\"heading.default\">\n\t\t\t\t<div class=\"elementor-widget-container\">\n\t\t\t<h3 class=\"elementor-heading-title elementor-size-default\">Leicht und leistungsstark<\/h3>\t\t<\/div>\n\t\t\t\t<\/div>\n\t\t\t\t<div class=\"elementor-element elementor-element-f72e375 elementor-widget elementor-widget-text-editor\"   data-id=\"f72e375\"   data-element_type=\"widget\"   data-widget_type=\"text-editor.default\">\n\t\t\t\t<div class=\"elementor-widget-container\">\n\t\t\t\t\t\t\t<p>Unsere Li-Ionen-Batterien sind auf dem neusten Stand. Sie sind leicht zu transportieren und dennoch leistungsstark. Eine Ladung reicht f\u00fcr eine Reichweite von bis zu 60 km. Mit gleich bleibender Tretunterst\u00fctzung von dem ersten bis zum letzten Kilometer.<\/p>\t\t\t\t\t\t<\/div>\n\t\t\t\t<\/div>\n\t\t\t\t\t<\/div>\n\t\t<\/div>\n\t\t\t\t\t<\/div>\n\t\t<\/section>\n\t\t\t\t<section class=\"elementor-section elementor-top-section elementor-element elementor-element-5cb918a elementor-section-content-middle elementor-reverse-mobile elementor-section-boxed elementor-section-height-default elementor-section-height-default\"   data-id=\"5cb918a\"   data-element_type=\"section\">\n\t\t\t\t\t\t<div class=\"elementor-container elementor-column-gap-default\">\n\t\t\t\t\t<div class=\"elementor-column elementor-col-50 elementor-top-column elementor-element elementor-element-9a959a7\"   data-id=\"9a959a7\"  data-element_type=\"column\">\n\t\t\t<div class=\"elementor-widget-wrap elementor-element-populated\">\n\t\t\t\t\t\t<div class=\"elementor-element elementor-element-86ae108 elementor-widget elementor-widget-heading\"   data-id=\"86ae108\"  data-element_type=\"widget\" data-widget_type=\"heading.default\">\n\t\t\t\t<div class=\"elementor-widget-container\">\n\t\t\t<h3 class=\"elementor-heading-title elementor-size-default\">Rampen, Steigungen, H\u00fcgel und Br\u00fccken sind ein Kinderspiel<\/h3>\t\t<\/div>\n\t\t\t\t<\/div>\n\t\t\t\t<div class=\"elementor-element elementor-element-d7a4679 elementor-widget elementor-widget-text-editor\"   data-id=\"d7a4679\"   data-element_type=\"widget\"   data-widget_type=\"text-editor.default\">\n\t\t\t\t<div class=\"elementor-widget-container\">\n\t\t\t\t\t\t\t<p>Schalten Sie kinderleicht herauf oder herab mit unserer Shimano-Schaltung. Fahren Sie m\u00fchelos steile H\u00fcgel hinauf. Noch nie war das \u00dcberqueren von Br\u00fccken so einfach!\u00a0<span style=\"font-size: 15px;\">Die 7-Gang-Schaltung von Shimano wurde wegen ihrer leichten und reibungslosen Bedienbarkeit sowie langen Lebensdauer ausgew\u00e4hlt.\u00a0<\/span><\/p>\t\t\t\t\t\t<\/div>\n\t\t\t\t<\/div>\n\t\t\t\t\t<\/div>\n\t\t<\/div>\n\t\t\t\t<div class=\"elementor-column elementor-col-50 elementor-top-column elementor-element elementor-element-3d61e8d\"   data-id=\"3d61e8d\"   data-element_type=\"column\">\n\t\t\t<div class=\"elementor-widget-wrap elementor-element-populated\">\n\t\t\t\t\t\t<div class=\"elementor-element elementor-element-2c6bdb8 elementor-widget elementor-widget-image\"   data-id=\"2c6bdb8\"   data-element_type=\"widget\"  data-widget_type=\"image.default\">\n\t\t\t\t<div class=\"elementor-widget-container\">\n\t\t\t\t\t\t\t\t\t\t\t\t\t<img loading=\"lazy\"   decoding=\"async\"   width=\"1024\"   height=\"1019\"   src=\"https:\/\/babike.de\/wp-content\/uploads\/2017\/12\/\u9f7f\u8f6e\u7f51\u7ad9\u7248161kb-1024x1019.jpg\"   class=\"attachment-large size-large wp-image-3328\"   alt=\"\"   srcset=\"\"  sizes=\"(max-width: 1024px) 100vw, 1024px\" data-srcset=\"\" \/>\t\t\t\t\t\t\t\t\t\t\t\t\t<\/div>\n\t\t\t\t<\/div>\n\t\t\t\t\t<\/div>\n\t\t<\/div>\n\t\t\t\t\t<\/div>\n\t\t<\/section>\n\t\t\t\t<section class=\"elementor-section elementor-top-section elementor-element elementor-element-d6e6734 elementor-section-content-middle elementor-reverse-mobile elementor-section-boxed elementor-section-height-default elementor-section-height-default\"   data-id=\"d6e6734\"   data-element_type=\"section\">\n\t\t\t\t\t\t<div class=\"elementor-container elementor-column-gap-default\">\n\t\t\t\t\t<div class=\"elementor-column elementor-col-50 elementor-top-column elementor-element elementor-element-7added4\"   data-id=\"7added4\" data-element_type=\"column\">\n\t\t\t<div class=\"elementor-widget-wrap elementor-element-populated\">\n\t\t\t\t\t\t<div class=\"elementor-element elementor-element-2fcaa70 elementor-widget elementor-widget-heading\"   data-id=\"2fcaa70\"   data-element_type=\"widget\" data-widget_type=\"heading.default\">\n\t\t\t\t<div class=\"elementor-widget-container\">\n\t\t\t<h3 class=\"elementor-heading-title elementor-size-default\">Ihre Fahrt auf einen Blick<\/h3>\t\t<\/div>\n\t\t\t\t<\/div>\n\t\t\t\t<div class=\"elementor-element elementor-element-6ad7327 elementor-widget elementor-widget-text-editor\"   data-id=\"6ad7327\"   data-element_type=\"widget\"   data-widget_type=\"text-editor.default\">\n\t\t\t\t<div class=\"elementor-widget-container\">\n\t\t\t\t\t\t\t<p>Behalten Sie den \u00dcberblick \u00fcber Ihre Fahrt. Der Fahrradcomputer zeigt die momentane Geschwindigkeit, die zur\u00fcckgelegte Strecke sowie den Batteriezustand an. Sie k\u00f6nnen hier auch die Leistung der Tretunterst\u00fctzung hoch- oder herunterregeln.\u00a0<\/p>\t\t\t\t\t\t<\/div>\n\t\t\t\t<\/div>\n\t\t\t\t\t<\/div>\n\t\t<\/div>\n\t\t\t\t<div class=\"elementor-column elementor-col-50 elementor-top-column elementor-element elementor-element-c987571\"   data-id=\"c987571\"   data-element_type=\"column\">\n\t\t\t<div class=\"elementor-widget-wrap elementor-element-populated\">\n\t\t\t\t\t\t<div class=\"elementor-element elementor-element-1018d36 elementor-widget elementor-widget-image\"   data-id=\"1018d36\"   data-element_type=\"widget\"  data-widget_type=\"image.default\">\n\t\t\t\t<div class=\"elementor-widget-container\">\n\t\t\t\t\t\t\t\t\t\t\t\t\t<img loading=\"lazy\"   decoding=\"async\"   width=\"782\"   height=\"1024\"   src=\"https:\/\/babike.de\/wp-content\/uploads\/2023\/01\/IMG_1565-16-782x1024.jpg\"   class=\"attachment-large size-large wp-image-5816\"   alt=\"\"   srcset=\"https:\/\/babike.de\/wp-content\/uploads\/2023\/01\/IMG_1565-16-782x1024.jpg 782w, https:\/\/babike.de\/wp-content\/uploads\/2023\/01\/IMG_1565-16-229x300.jpg 229w, https:\/\/babike.de\/wp-content\/uploads\/2023\/01\/IMG_1565-16-768x1005.jpg 768w, https:\/\/babike.de\/wp-content\/uploads\/2023\/01\/IMG_1565-16-1174x1536.jpg 1174w, https:\/\/babike.de\/wp-content\/uploads\/2023\/01\/IMG_1565-16-9x12.jpg 9w, https:\/\/babike.de\/wp-content\/uploads\/2023\/01\/IMG_1565-16-800x1047.jpg 800w, https:\/\/babike.de\/wp-content\/uploads\/2023\/01\/IMG_1565-16.jpg 1512w\"  sizes=\"(max-width: 782px) 100vw, 782px\" \/>\t\t\t\t\t\t\t\t\t\t\t\t\t<\/div>\n\t\t\t\t<\/div>\n\t\t\t\t\t<\/div>\n\t\t<\/div>\n\t\t\t\t\t<\/div>\n\t\t<\/section>\n\t\t\t\t<\/div>","protected":false},"excerpt":{"rendered":"<p>Powerful engine With the powerful middle engine from BAFANG hilly regions and long distances are mastered with ease. Move fast, stop faster Our two front wheels are fitted with hydraulic disc brakes &#8211; the same technology a car uses to break. You can rely on these breaks to stop with confidence and precision. The brake &hellip;<\/p>\n<p class=\"read-more\"> <a class=\"\"   href=\"https:\/\/babike.de\/de\/produkt\/oberklasse-performance\/\"> <span class=\"screen-reader-text\">Grace Performance<\/span> Weiterlesen &raquo;<\/a><\/p>","protected":false},"featured_media":5750,"template":"","meta":[],"_links":{"self":[{"href":"https:\/\/babike.de\/de\/wp-json\/wp\/v2\/product\/5724"}],"collection":[{"href":"https:\/\/babike.de\/de\/wp-json\/wp\/v2\/product"}],"about":[{"href":"https:\/\/babike.de\/de\/wp-json\/wp\/v2\/types\/product"}],"version-history":[{"count":10,"href":"https:\/\/babike.de\/de\/wp-json\/wp\/v2\/product\/5724\/revisions"}],"predecessor-version":[{"id":5876,"href":"https:\/\/babike.de\/de\/wp-json\/wp\/v2\/product\/5724\/revisions\/5876"}],"wp:featuredmedia":[{"embeddable":true,"href":"https:\/\/babike.de\/de\/wp-json\/wp\/v2\/media\/5750"}],"wp:attachment":[{"href":"https:\/\/babike.de\/de\/wp-json\/wp\/v2\/media?parent=5724"}],"curies":[{"name":"wp","href":"https:\/\/api.w.org\/{rel}","templated":true}]}}