{"id":5390,"date":"2022-11-22T11:48:59","date_gmt":"2022-11-22T11:48:59","guid":{"rendered":"https:\/\/babike.de\/?post_type=product&#038;p=5390"},"modified":"2024-07-03T17:42:23","modified_gmt":"2024-07-03T17:42:23","slug":"classic","status":"publish","type":"product","link":"https:\/\/babike.de\/de\/produkt\/classic\/","title":{"rendered":"Constance"},"content":{"rendered":"<div data-elementor-type=\"wp-post\"  data-elementor-id=\"5390\"  class=\"elementor elementor-5390\">\n\t\t\t\t\t\t<section class=\"elementor-section elementor-top-section elementor-element elementor-element-ccf2b69 elementor-section-content-middle elementor-reverse-mobile elementor-section-boxed elementor-section-height-default elementor-section-height-default\"  data-id=\"ccf2b69\"  data-element_type=\"section\">\n\t\t\t\t\t\t<div class=\"elementor-container elementor-column-gap-default\">\n\t\t\t\t\t<div class=\"elementor-column elementor-col-50 elementor-top-column elementor-element elementor-element-16ada79\"  data-id=\"16ada79\"  data-element_type=\"column\">\n\t\t\t<div class=\"elementor-widget-wrap elementor-element-populated\">\n\t\t\t\t\t\t<div class=\"elementor-element elementor-element-082efba elementor-widget elementor-widget-heading\"   data-id=\"082efba\"  data-element_type=\"widget\" data-widget_type=\"heading.default\">\n\t\t\t\t<div class=\"elementor-widget-container\">\n\t\t\t<h3 class=\"elementor-heading-title elementor-size-default\">Schnell fahren, schneller anhalten\n<\/h3>\t\t<\/div>\n\t\t\t\t<\/div>\n\t\t\t\t<div class=\"elementor-element elementor-element-4b710ea elementor-widget elementor-widget-text-editor\"   data-id=\"4b710ea\"   data-element_type=\"widget\"   data-widget_type=\"text-editor.default\">\n\t\t\t\t<div class=\"elementor-widget-container\">\n\t\t\t\t\t\t\t<p>Die Vorderr\u00e4der sind mit hydraulischen Scheibenbremsen ausgestattet - die gleiche Technik, die ein Auto zum Bremsen verwendet. Die Bremsbel\u00e4ge sind auf Langlebigkeit ausgelegt, damit Sie auch nach vielen Jahren sicher fahren k\u00f6nnen.\u00a0<\/p>\t\t\t\t\t\t<\/div>\n\t\t\t\t<\/div>\n\t\t\t\t\t<\/div>\n\t\t<\/div>\n\t\t\t\t<div class=\"elementor-column elementor-col-50 elementor-top-column elementor-element elementor-element-995643b\"   data-id=\"995643b\"   data-element_type=\"column\">\n\t\t\t<div class=\"elementor-widget-wrap elementor-element-populated\">\n\t\t\t\t\t\t<div class=\"elementor-element elementor-element-d5d3ac0 elementor-widget elementor-widget-image\"   data-id=\"d5d3ac0\"   data-element_type=\"widget\"  data-widget_type=\"image.default\">\n\t\t\t\t<div class=\"elementor-widget-container\">\n\t\t\t\t\t\t\t\t\t\t\t\t\t<img fetchpriority=\"high\"   decoding=\"async\"   width=\"1248\"   height=\"1078\"   src=\"https:\/\/babike.de\/wp-content\/uploads\/2017\/12\/\u6db2\u538b\u789f\u5239-210-\u7f51\u7ad9\u7248.jpg\"   class=\"attachment-full size-full wp-image-3326\"   alt=\"\"   srcset=\"https:\/\/babike.de\/wp-content\/uploads\/2017\/12\/\u6db2\u538b\u789f\u5239-210-\u7f51\u7ad9\u7248.jpg 1248w, https:\/\/babike.de\/wp-content\/uploads\/2017\/12\/\u6db2\u538b\u789f\u5239-210-\u7f51\u7ad9\u7248-300x259.jpg 300w, https:\/\/babike.de\/wp-content\/uploads\/2017\/12\/\u6db2\u538b\u789f\u5239-210-\u7f51\u7ad9\u7248-1024x885.jpg 1024w, https:\/\/babike.de\/wp-content\/uploads\/2017\/12\/\u6db2\u538b\u789f\u5239-210-\u7f51\u7ad9\u7248-768x663.jpg 768w, https:\/\/babike.de\/wp-content\/uploads\/2017\/12\/\u6db2\u538b\u789f\u5239-210-\u7f51\u7ad9\u7248-14x12.jpg 14w, https:\/\/babike.de\/wp-content\/uploads\/2017\/12\/\u6db2\u538b\u789f\u5239-210-\u7f51\u7ad9\u7248-800x691.jpg 800w\"  sizes=\"(max-width: 1248px) 100vw, 1248px\" \/>\t\t\t\t\t\t\t\t\t\t\t\t\t<\/div>\n\t\t\t\t<\/div>\n\t\t\t\t\t<\/div>\n\t\t<\/div>\n\t\t\t\t\t<\/div>\n\t\t<\/section>\n\t\t\t\t<section class=\"elementor-section elementor-top-section elementor-element elementor-element-24457b0 elementor-section-content-middle elementor-section-boxed elementor-section-height-default elementor-section-height-default\"   data-id=\"24457b0\"   data-element_type=\"section\">\n\t\t\t\t\t\t<div class=\"elementor-container elementor-column-gap-default\">\n\t\t\t\t\t<div class=\"elementor-column elementor-col-50 elementor-top-column elementor-element elementor-element-38ca28d\"   data-id=\"38ca28d\"  data-element_type=\"column\">\n\t\t\t<div class=\"elementor-widget-wrap elementor-element-populated\">\n\t\t\t\t\t\t<div class=\"elementor-element elementor-element-2f93406 elementor-widget elementor-widget-image\"   data-id=\"2f93406\"  data-element_type=\"widget\" data-widget_type=\"image.default\">\n\t\t\t\t<div class=\"elementor-widget-container\">\n\t\t\t\t\t\t\t\t\t\t\t\t\t<img decoding=\"async\"   width=\"1080\"   height=\"1080\"   src=\"https:\/\/babike.de\/wp-content\/uploads\/2020\/11\/\u7535\u6c60\u7f51\u7ad9\u7248\u914d\u4ef6.jpg\"   class=\"attachment-full size-full wp-image-3700\"   alt=\"\"   srcset=\"https:\/\/babike.de\/wp-content\/uploads\/2020\/11\/\u7535\u6c60\u7f51\u7ad9\u7248\u914d\u4ef6.jpg 1080w, https:\/\/babike.de\/wp-content\/uploads\/2020\/11\/\u7535\u6c60\u7f51\u7ad9\u7248\u914d\u4ef6-300x300.jpg 300w, https:\/\/babike.de\/wp-content\/uploads\/2020\/11\/\u7535\u6c60\u7f51\u7ad9\u7248\u914d\u4ef6-1024x1024.jpg 1024w, https:\/\/babike.de\/wp-content\/uploads\/2020\/11\/\u7535\u6c60\u7f51\u7ad9\u7248\u914d\u4ef6-150x150.jpg 150w, https:\/\/babike.de\/wp-content\/uploads\/2020\/11\/\u7535\u6c60\u7f51\u7ad9\u7248\u914d\u4ef6-768x768.jpg 768w, https:\/\/babike.de\/wp-content\/uploads\/2020\/11\/\u7535\u6c60\u7f51\u7ad9\u7248\u914d\u4ef6-12x12.jpg 12w, https:\/\/babike.de\/wp-content\/uploads\/2020\/11\/\u7535\u6c60\u7f51\u7ad9\u7248\u914d\u4ef6-800x800.jpg 800w, https:\/\/babike.de\/wp-content\/uploads\/2020\/11\/\u7535\u6c60\u7f51\u7ad9\u7248\u914d\u4ef6-100x100.jpg 100w\"  sizes=\"(max-width: 1080px) 100vw, 1080px\" \/>\t\t\t\t\t\t\t\t\t\t\t\t\t<\/div>\n\t\t\t\t<\/div>\n\t\t\t\t\t<\/div>\n\t\t<\/div>\n\t\t\t\t<div class=\"elementor-column elementor-col-50 elementor-top-column elementor-element elementor-element-adfa797\"   data-id=\"adfa797\"   data-element_type=\"column\">\n\t\t\t<div class=\"elementor-widget-wrap elementor-element-populated\">\n\t\t\t\t\t\t<div class=\"elementor-element elementor-element-4e55739 elementor-widget elementor-widget-heading\"   data-id=\"4e55739\"   data-element_type=\"widget\"   data-widget_type=\"heading.default\">\n\t\t\t\t<div class=\"elementor-widget-container\">\n\t\t\t<h3 class=\"elementor-heading-title elementor-size-default\">Leicht und leistungsstark<\/h3>\t\t<\/div>\n\t\t\t\t<\/div>\n\t\t\t\t<div class=\"elementor-element elementor-element-96738ee elementor-widget elementor-widget-text-editor\"   data-id=\"96738ee\"   data-element_type=\"widget\"   data-widget_type=\"text-editor.default\">\n\t\t\t\t<div class=\"elementor-widget-container\">\n\t\t\t\t\t\t\t<p>Unsere Li-Ionen-Batterien sind auf dem neusten Stand. Sie sind leicht zu transportieren und dennoch leistungsstark. Eine Ladung reicht f\u00fcr eine Reichweite von bis zu 60 km. Mit gleich bleibender Tretunterst\u00fctzung von dem ersten bis zum letzten Kilometer.<\/p>\t\t\t\t\t\t<\/div>\n\t\t\t\t<\/div>\n\t\t\t\t\t<\/div>\n\t\t<\/div>\n\t\t\t\t\t<\/div>\n\t\t<\/section>\n\t\t\t\t<section class=\"elementor-section elementor-top-section elementor-element elementor-element-2c6dfb4 elementor-section-content-middle elementor-reverse-mobile elementor-section-boxed elementor-section-height-default elementor-section-height-default\"   data-id=\"2c6dfb4\"   data-element_type=\"section\">\n\t\t\t\t\t\t<div class=\"elementor-container elementor-column-gap-default\">\n\t\t\t\t\t<div class=\"elementor-column elementor-col-50 elementor-top-column elementor-element elementor-element-7dddbe9\"   data-id=\"7dddbe9\" data-element_type=\"column\">\n\t\t\t<div class=\"elementor-widget-wrap elementor-element-populated\">\n\t\t\t\t\t\t<div class=\"elementor-element elementor-element-8bd1f3b elementor-widget elementor-widget-heading\"   data-id=\"8bd1f3b\"  data-element_type=\"widget\" data-widget_type=\"heading.default\">\n\t\t\t\t<div class=\"elementor-widget-container\">\n\t\t\t<h3 class=\"elementor-heading-title elementor-size-default\">Rampen, Steigungen, H\u00fcgel und Br\u00fccken sind ein Kinderspiel<\/h3>\t\t<\/div>\n\t\t\t\t<\/div>\n\t\t\t\t<div class=\"elementor-element elementor-element-c26b066 elementor-widget elementor-widget-text-editor\"   data-id=\"c26b066\"   data-element_type=\"widget\"   data-widget_type=\"text-editor.default\">\n\t\t\t\t<div class=\"elementor-widget-container\">\n\t\t\t\t\t\t\t<p>Schalten Sie kinderleicht herauf oder herab mit unserer Shimano-Schaltung. Fahren Sie m\u00fchelos steile H\u00fcgel hinauf. Noch nie war das \u00dcberqueren von Br\u00fccken so einfach!\u00a0<span style=\"font-size: 15px;\">Die 7-Gang-Schaltung von Shimano wurde wegen ihrer leichten und reibungslosen Bedienbarkeit sowie langen Lebensdauer ausgew\u00e4hlt.\u00a0<\/span><\/p>\t\t\t\t\t\t<\/div>\n\t\t\t\t<\/div>\n\t\t\t\t\t<\/div>\n\t\t<\/div>\n\t\t\t\t<div class=\"elementor-column elementor-col-50 elementor-top-column elementor-element elementor-element-ea12d34\"   data-id=\"ea12d34\"   data-element_type=\"column\">\n\t\t\t<div class=\"elementor-widget-wrap elementor-element-populated\">\n\t\t\t\t\t\t<div class=\"elementor-element elementor-element-bcba232 elementor-widget elementor-widget-image\"   data-id=\"bcba232\"   data-element_type=\"widget\"  data-widget_type=\"image.default\">\n\t\t\t\t<div class=\"elementor-widget-container\">\n\t\t\t\t\t\t\t\t\t\t\t\t\t<img decoding=\"async\"   width=\"1024\"   height=\"1019\"   src=\"https:\/\/babike.de\/wp-content\/uploads\/2017\/12\/\u9f7f\u8f6e\u7f51\u7ad9\u7248161kb-1024x1019.jpg\"   class=\"attachment-large size-large wp-image-3328\"   alt=\"\"   srcset=\"\"  sizes=\"(max-width: 1024px) 100vw, 1024px\" data-srcset=\"\" \/>\t\t\t\t\t\t\t\t\t\t\t\t\t<\/div>\n\t\t\t\t<\/div>\n\t\t\t\t\t<\/div>\n\t\t<\/div>\n\t\t\t\t\t<\/div>\n\t\t<\/section>\n\t\t\t\t<section class=\"elementor-section elementor-top-section elementor-element elementor-element-f8196a4 elementor-section-content-middle elementor-section-boxed elementor-section-height-default elementor-section-height-default\"   data-id=\"f8196a4\"   data-element_type=\"section\">\n\t\t\t\t\t\t<div class=\"elementor-container elementor-column-gap-default\">\n\t\t\t\t\t<div class=\"elementor-column elementor-col-50 elementor-top-column elementor-element elementor-element-403869b\"   data-id=\"403869b\" data-element_type=\"column\">\n\t\t\t<div class=\"elementor-widget-wrap elementor-element-populated\">\n\t\t\t\t\t\t<div class=\"elementor-element elementor-element-9b61844 elementor-widget elementor-widget-image\"   data-id=\"9b61844\"   data-element_type=\"widget\" data-widget_type=\"image.default\">\n\t\t\t\t<div class=\"elementor-widget-container\">\n\t\t\t\t\t\t\t\t\t\t\t\t\t<img loading=\"lazy\"   decoding=\"async\"   width=\"2300\"   height=\"2300\"   src=\"https:\/\/babike.de\/wp-content\/uploads\/2022\/11\/classic-black-handle-bar@3x-scaled-e1669902093848.jpg\"   class=\"attachment-full size-full wp-image-5396\" alt=\"\" \/>\t\t\t\t\t\t\t\t\t\t\t\t\t<\/div>\n\t\t\t\t<\/div>\n\t\t\t\t\t<\/div>\n\t\t<\/div>\n\t\t\t\t<div class=\"elementor-column elementor-col-50 elementor-top-column elementor-element elementor-element-36c041d\"   data-id=\"36c041d\"   data-element_type=\"column\">\n\t\t\t<div class=\"elementor-widget-wrap elementor-element-populated\">\n\t\t\t\t\t\t<div class=\"elementor-element elementor-element-026a115 elementor-widget elementor-widget-heading\"   data-id=\"026a115\"   data-element_type=\"widget\"  data-widget_type=\"heading.default\">\n\t\t\t\t<div class=\"elementor-widget-container\">\n\t\t\t<h3 class=\"elementor-heading-title elementor-size-default\">Alles was Sie brauchen, auf Knopfdruck<\/h3>\t\t<\/div>\n\t\t\t\t<\/div>\n\t\t\t\t<div class=\"elementor-element elementor-element-b1e23f0 elementor-widget elementor-widget-text-editor\"   data-id=\"b1e23f0\"   data-element_type=\"widget\"   data-widget_type=\"text-editor.default\">\n\t\t\t\t<div class=\"elementor-widget-container\">\n\t\t\t\t\t\t\t<p>Hydraulische Bremsen, Schaltung und eine Klingel alles bequem erreichbar.\u00a0<\/p>\t\t\t\t\t\t<\/div>\n\t\t\t\t<\/div>\n\t\t\t\t\t<\/div>\n\t\t<\/div>\n\t\t\t\t\t<\/div>\n\t\t<\/section>\n\t\t\t\t<section class=\"elementor-section elementor-top-section elementor-element elementor-element-e3f0cd0 elementor-section-content-middle elementor-reverse-mobile elementor-section-boxed elementor-section-height-default elementor-section-height-default\"   data-id=\"e3f0cd0\"   data-element_type=\"section\">\n\t\t\t\t\t\t<div class=\"elementor-container elementor-column-gap-default\">\n\t\t\t\t\t<div class=\"elementor-column elementor-col-50 elementor-top-column elementor-element elementor-element-dbc83fd\"   data-id=\"dbc83fd\" data-element_type=\"column\">\n\t\t\t<div class=\"elementor-widget-wrap elementor-element-populated\">\n\t\t\t\t\t\t<div class=\"elementor-element elementor-element-88b43f6 elementor-widget elementor-widget-heading\"   data-id=\"88b43f6\"  data-element_type=\"widget\" data-widget_type=\"heading.default\">\n\t\t\t\t<div class=\"elementor-widget-container\">\n\t\t\t<h3 class=\"elementor-heading-title elementor-size-default\">Ihre Fahrt auf einen Blick<\/h3>\t\t<\/div>\n\t\t\t\t<\/div>\n\t\t\t\t<div class=\"elementor-element elementor-element-bff537d elementor-widget elementor-widget-text-editor\"   data-id=\"bff537d\"   data-element_type=\"widget\"   data-widget_type=\"text-editor.default\">\n\t\t\t\t<div class=\"elementor-widget-container\">\n\t\t\t\t\t\t\t<p>Behalten Sie den \u00dcberblick \u00fcber Ihre Fahrt. Der Fahrradcomputer zeigt die momentane Geschwindigkeit, die zur\u00fcckgelegte Strecke sowie den Batteriezustand an. Sie k\u00f6nnen hier auch die Leistung der Tretunterst\u00fctzung hoch- oder herunterregeln.\u00a0<\/p>\t\t\t\t\t\t<\/div>\n\t\t\t\t<\/div>\n\t\t\t\t\t<\/div>\n\t\t<\/div>\n\t\t\t\t<div class=\"elementor-column elementor-col-50 elementor-top-column elementor-element elementor-element-8c3c777\"   data-id=\"8c3c777\"   data-element_type=\"column\">\n\t\t\t<div class=\"elementor-widget-wrap elementor-element-populated\">\n\t\t\t\t\t\t<div class=\"elementor-element elementor-element-a474b72 elementor-widget elementor-widget-image\"   data-id=\"a474b72\"   data-element_type=\"widget\"   data-widget_type=\"image.default\">\n\t\t\t\t<div class=\"elementor-widget-container\">\n\t\t\t\t\t\t\t\t\t\t\t\t\t<img loading=\"lazy\"   decoding=\"async\"   width=\"640\"   height=\"427\"   src=\"https:\/\/babike.de\/wp-content\/uploads\/2020\/11\/\u5927\u57d4\u7535\u673a.jpg\"   class=\"attachment-large size-large wp-image-3701\"   alt=\"\"   srcset=\"https:\/\/babike.de\/wp-content\/uploads\/2020\/11\/\u5927\u57d4\u7535\u673a.jpg 640w, https:\/\/babike.de\/wp-content\/uploads\/2020\/11\/\u5927\u57d4\u7535\u673a-300x200.jpg 300w, https:\/\/babike.de\/wp-content\/uploads\/2020\/11\/\u5927\u57d4\u7535\u673a-16x12.jpg 16w\"  sizes=\"(max-width: 640px) 100vw, 640px\" \/>\t\t\t\t\t\t\t\t\t\t\t\t\t<\/div>\n\t\t\t\t<\/div>\n\t\t\t\t\t<\/div>\n\t\t<\/div>\n\t\t\t\t\t<\/div>\n\t\t<\/section>\n\t\t\t\t<section class=\"elementor-section elementor-top-section elementor-element elementor-element-fa58cd4 elementor-section-content-middle elementor-section-boxed elementor-section-height-default elementor-section-height-default\"   data-id=\"fa58cd4\"   data-element_type=\"section\">\n\t\t\t\t\t\t<div class=\"elementor-container elementor-column-gap-default\">\n\t\t\t\t\t<div class=\"elementor-column elementor-col-50 elementor-top-column elementor-element elementor-element-921690a\"   data-id=\"921690a\"  data-element_type=\"column\">\n\t\t\t<div class=\"elementor-widget-wrap elementor-element-populated\">\n\t\t\t\t\t\t<div class=\"elementor-element elementor-element-03bc38d elementor-widget elementor-widget-image\"   data-id=\"03bc38d\"  data-element_type=\"widget\" data-widget_type=\"image.default\">\n\t\t\t\t<div class=\"elementor-widget-container\">\n\t\t\t\t\t\t\t\t\t\t\t\t\t<img loading=\"lazy\"   decoding=\"async\"   width=\"2400\"   height=\"2400\"   src=\"https:\/\/babike.de\/wp-content\/uploads\/2022\/11\/machanic-disk-brake@3x-1.jpg\"   class=\"attachment-full size-full wp-image-5429\"   alt=\"\"   srcset=\"https:\/\/babike.de\/wp-content\/uploads\/2022\/11\/machanic-disk-brake@3x-1.jpg 2400w, https:\/\/babike.de\/wp-content\/uploads\/2022\/11\/machanic-disk-brake@3x-1-300x300.jpg 300w, https:\/\/babike.de\/wp-content\/uploads\/2022\/11\/machanic-disk-brake@3x-1-1024x1024.jpg 1024w, https:\/\/babike.de\/wp-content\/uploads\/2022\/11\/machanic-disk-brake@3x-1-150x150.jpg 150w, https:\/\/babike.de\/wp-content\/uploads\/2022\/11\/machanic-disk-brake@3x-1-768x768.jpg 768w, https:\/\/babike.de\/wp-content\/uploads\/2022\/11\/machanic-disk-brake@3x-1-1536x1536.jpg 1536w, https:\/\/babike.de\/wp-content\/uploads\/2022\/11\/machanic-disk-brake@3x-1-2048x2048.jpg 2048w, https:\/\/babike.de\/wp-content\/uploads\/2022\/11\/machanic-disk-brake@3x-1-12x12.jpg 12w, https:\/\/babike.de\/wp-content\/uploads\/2022\/11\/machanic-disk-brake@3x-1-800x800.jpg 800w, https:\/\/babike.de\/wp-content\/uploads\/2022\/11\/machanic-disk-brake@3x-1-100x100.jpg 100w\"  sizes=\"(max-width: 2400px) 100vw, 2400px\" \/>\t\t\t\t\t\t\t\t\t\t\t\t\t<\/div>\n\t\t\t\t<\/div>\n\t\t\t\t\t<\/div>\n\t\t<\/div>\n\t\t\t\t<div class=\"elementor-column elementor-col-50 elementor-top-column elementor-element elementor-element-667dfbe\"   data-id=\"667dfbe\"   data-element_type=\"column\">\n\t\t\t<div class=\"elementor-widget-wrap elementor-element-populated\">\n\t\t\t\t\t\t<div class=\"elementor-element elementor-element-224db48 elementor-widget elementor-widget-heading\"   data-id=\"224db48\"   data-element_type=\"widget\"   data-widget_type=\"heading.default\">\n\t\t\t\t<div class=\"elementor-widget-container\">\n\t\t\t<h3 class=\"elementor-heading-title elementor-size-default\">Premium leather handlebars<\/h3>\t\t<\/div>\n\t\t\t\t<\/div>\n\t\t\t\t<div class=\"elementor-element elementor-element-b09299e elementor-widget elementor-widget-text-editor\"   data-id=\"b09299e\"   data-element_type=\"widget\"   data-widget_type=\"text-editor.default\">\n\t\t\t\t<div class=\"elementor-widget-container\">\n\t\t\t\t\t\t\t<p>These ergonomic handlebars with precision aluminum levers are finished with a leather grip for both comfort and durability.<\/p>\t\t\t\t\t\t<\/div>\n\t\t\t\t<\/div>\n\t\t\t\t\t<\/div>\n\t\t<\/div>\n\t\t\t\t\t<\/div>\n\t\t<\/section>\n\t\t\t\t<section class=\"elementor-section elementor-top-section elementor-element elementor-element-f79cb93 elementor-section-boxed elementor-section-height-default elementor-section-height-default\"   data-id=\"f79cb93\"   data-element_type=\"section\">\n\t\t\t\t\t\t<div class=\"elementor-container elementor-column-gap-default\">\n\t\t\t\t\t<div class=\"elementor-column elementor-col-100 elementor-top-column elementor-element elementor-element-d9208df\"   data-id=\"d9208df\"  data-element_type=\"column\">\n\t\t\t<div class=\"elementor-widget-wrap elementor-element-populated\">\n\t\t\t\t\t\t<div class=\"elementor-element elementor-element-9e730f1 elementor-widget elementor-widget-spacer\"   data-id=\"9e730f1\"  data-element_type=\"widget\" data-widget_type=\"spacer.default\">\n\t\t\t\t<div class=\"elementor-widget-container\">\n\t\t\t\t\t<div class=\"elementor-spacer\">\n\t\t\t<div class=\"elementor-spacer-inner\"><\/div>\n\t\t<\/div>\n\t\t\t\t<\/div>\n\t\t\t\t<\/div>\n\t\t\t\t\t<\/div>\n\t\t<\/div>\n\t\t\t\t\t<\/div>\n\t\t<\/section>\n\t\t\t\t<\/div>","protected":false},"excerpt":{"rendered":"<p>Move fast, stop faster Our two front wheels are fitted with hydraulic disc brakes &#8211; the same technology a car uses to break. You can rely on these breaks to stop with confidence and precision. The brake pads are designed to last so you can rely on them with you need them most. Light and &hellip;<\/p>\n<p class=\"read-more\"> <a class=\"\"   href=\"https:\/\/babike.de\/de\/produkt\/classic\/\"> <span class=\"screen-reader-text\">Constance<\/span> Weiterlesen &raquo;<\/a><\/p>","protected":false},"featured_media":5386,"template":"","meta":[],"_links":{"self":[{"href":"https:\/\/babike.de\/de\/wp-json\/wp\/v2\/product\/5390"}],"collection":[{"href":"https:\/\/babike.de\/de\/wp-json\/wp\/v2\/product"}],"about":[{"href":"https:\/\/babike.de\/de\/wp-json\/wp\/v2\/types\/product"}],"version-history":[{"count":10,"href":"https:\/\/babike.de\/de\/wp-json\/wp\/v2\/product\/5390\/revisions"}],"predecessor-version":[{"id":5877,"href":"https:\/\/babike.de\/de\/wp-json\/wp\/v2\/product\/5390\/revisions\/5877"}],"wp:featuredmedia":[{"embeddable":true,"href":"https:\/\/babike.de\/de\/wp-json\/wp\/v2\/media\/5386"}],"wp:attachment":[{"href":"https:\/\/babike.de\/de\/wp-json\/wp\/v2\/media?parent=5390"}],"curies":[{"name":"wp","href":"https:\/\/api.w.org\/{rel}","templated":true}]}}