{"id":4941,"date":"2021-12-01T21:19:23","date_gmt":"2021-12-01T21:19:23","guid":{"rendered":"https:\/\/babike.de\/?post_type=product&#038;p=4941"},"modified":"2022-02-21T11:04:19","modified_gmt":"2022-02-21T11:04:19","slug":"stadtritter","status":"publish","type":"product","link":"https:\/\/babike.de\/de\/produkt\/stadtritter\/","title":{"rendered":"Stadtritter"},"content":{"rendered":"<div data-elementor-type=\"wp-post\"  data-elementor-id=\"4941\"  class=\"elementor elementor-4941\">\n\t\t\t\t\t\t<section class=\"elementor-section elementor-top-section elementor-element elementor-element-2ce1617 elementor-section-content-middle elementor-reverse-mobile elementor-section-boxed elementor-section-height-default elementor-section-height-default\"  data-id=\"2ce1617\"  data-element_type=\"section\">\n\t\t\t\t\t\t<div class=\"elementor-container elementor-column-gap-default\">\n\t\t\t\t\t<div class=\"elementor-column elementor-col-50 elementor-top-column elementor-element elementor-element-662daf5\"  data-id=\"662daf5\"  data-element_type=\"column\">\n\t\t\t<div class=\"elementor-widget-wrap elementor-element-populated\">\n\t\t\t\t\t\t<div class=\"elementor-element elementor-element-86fe599 elementor-widget elementor-widget-heading\"   data-id=\"86fe599\"   data-element_type=\"widget\"  data-widget_type=\"heading.default\">\n\t\t\t\t<div class=\"elementor-widget-container\">\n\t\t\t<h3 class=\"elementor-heading-title elementor-size-default\">Schnell fahren, schneller anhalten\n<\/h3>\t\t<\/div>\n\t\t\t\t<\/div>\n\t\t\t\t<div class=\"elementor-element elementor-element-caa0bc5 elementor-widget elementor-widget-text-editor\"   data-id=\"caa0bc5\"   data-element_type=\"widget\"   data-widget_type=\"text-editor.default\">\n\t\t\t\t<div class=\"elementor-widget-container\">\n\t\t\t\t\t\t\t<p>Das Vorderrad ist mit einer hydraulischen Scheibenbremsen ausgestattet - die gleiche Technik, die ein Auto zum Bremsen verwendet.  Die Bremsbel\u00e4ge sind auf Langlebigkeit ausgelegt, damit Sie auch nach vielen Jahren sicher fahren k\u00f6nnen.\u00a0<\/p>\t\t\t\t\t\t<\/div>\n\t\t\t\t<\/div>\n\t\t\t\t\t<\/div>\n\t\t<\/div>\n\t\t\t\t<div class=\"elementor-column elementor-col-50 elementor-top-column elementor-element elementor-element-4334a81\"   data-id=\"4334a81\"   data-element_type=\"column\">\n\t\t\t<div class=\"elementor-widget-wrap elementor-element-populated\">\n\t\t\t\t\t\t<div class=\"elementor-element elementor-element-d62ab0b elementor-widget elementor-widget-image\"   data-id=\"d62ab0b\"   data-element_type=\"widget\"  data-widget_type=\"image.default\">\n\t\t\t\t<div class=\"elementor-widget-container\">\n\t\t\t\t\t\t\t\t\t\t\t\t\t<img fetchpriority=\"high\"   decoding=\"async\"   width=\"2560\"   height=\"1707\"   src=\"https:\/\/babike.de\/wp-content\/uploads\/2021\/12\/91637718401_.pic_hd-scaled.jpg\"   class=\"attachment-full size-full wp-image-4943\"   alt=\"\"   srcset=\"https:\/\/babike.de\/wp-content\/uploads\/2021\/12\/91637718401_.pic_hd-scaled.jpg 2560w, https:\/\/babike.de\/wp-content\/uploads\/2021\/12\/91637718401_.pic_hd-300x200.jpg 300w, https:\/\/babike.de\/wp-content\/uploads\/2021\/12\/91637718401_.pic_hd-1024x683.jpg 1024w, https:\/\/babike.de\/wp-content\/uploads\/2021\/12\/91637718401_.pic_hd-768x512.jpg 768w, https:\/\/babike.de\/wp-content\/uploads\/2021\/12\/91637718401_.pic_hd-1536x1024.jpg 1536w, https:\/\/babike.de\/wp-content\/uploads\/2021\/12\/91637718401_.pic_hd-2048x1365.jpg 2048w, https:\/\/babike.de\/wp-content\/uploads\/2021\/12\/91637718401_.pic_hd-16x12.jpg 16w, https:\/\/babike.de\/wp-content\/uploads\/2021\/12\/91637718401_.pic_hd-800x533.jpg 800w\"  sizes=\"(max-width: 2560px) 100vw, 2560px\" \/>\t\t\t\t\t\t\t\t\t\t\t\t\t<\/div>\n\t\t\t\t<\/div>\n\t\t\t\t\t<\/div>\n\t\t<\/div>\n\t\t\t\t\t<\/div>\n\t\t<\/section>\n\t\t\t\t<section class=\"elementor-section elementor-top-section elementor-element elementor-element-3d5d1a6 elementor-section-content-middle elementor-section-boxed elementor-section-height-default elementor-section-height-default\"   data-id=\"3d5d1a6\"   data-element_type=\"section\">\n\t\t\t\t\t\t<div class=\"elementor-container elementor-column-gap-default\">\n\t\t\t\t\t<div class=\"elementor-column elementor-col-50 elementor-top-column elementor-element elementor-element-6c519ee\"   data-id=\"6c519ee\" data-element_type=\"column\">\n\t\t\t<div class=\"elementor-widget-wrap elementor-element-populated\">\n\t\t\t\t\t\t<div class=\"elementor-element elementor-element-37a71ac elementor-widget elementor-widget-image\"   data-id=\"37a71ac\"  data-element_type=\"widget\" data-widget_type=\"image.default\">\n\t\t\t\t<div class=\"elementor-widget-container\">\n\t\t\t\t\t\t\t\t\t\t\t\t\t<img decoding=\"async\"   width=\"2560\"   height=\"1707\"   src=\"https:\/\/babike.de\/wp-content\/uploads\/2021\/12\/101637718416_.pic_hd-scaled.jpg\"   class=\"attachment-full size-full wp-image-4944\"   alt=\"\"   srcset=\"https:\/\/babike.de\/wp-content\/uploads\/2021\/12\/101637718416_.pic_hd-scaled.jpg 2560w, https:\/\/babike.de\/wp-content\/uploads\/2021\/12\/101637718416_.pic_hd-300x200.jpg 300w, https:\/\/babike.de\/wp-content\/uploads\/2021\/12\/101637718416_.pic_hd-1024x683.jpg 1024w, https:\/\/babike.de\/wp-content\/uploads\/2021\/12\/101637718416_.pic_hd-768x512.jpg 768w, https:\/\/babike.de\/wp-content\/uploads\/2021\/12\/101637718416_.pic_hd-1536x1024.jpg 1536w, https:\/\/babike.de\/wp-content\/uploads\/2021\/12\/101637718416_.pic_hd-2048x1365.jpg 2048w, https:\/\/babike.de\/wp-content\/uploads\/2021\/12\/101637718416_.pic_hd-16x12.jpg 16w, https:\/\/babike.de\/wp-content\/uploads\/2021\/12\/101637718416_.pic_hd-800x533.jpg 800w\"  sizes=\"(max-width: 2560px) 100vw, 2560px\" \/>\t\t\t\t\t\t\t\t\t\t\t\t\t<\/div>\n\t\t\t\t<\/div>\n\t\t\t\t\t<\/div>\n\t\t<\/div>\n\t\t\t\t<div class=\"elementor-column elementor-col-50 elementor-top-column elementor-element elementor-element-320980d\"   data-id=\"320980d\"   data-element_type=\"column\">\n\t\t\t<div class=\"elementor-widget-wrap elementor-element-populated\">\n\t\t\t\t\t\t<div class=\"elementor-element elementor-element-2c55065 elementor-widget elementor-widget-heading\"   data-id=\"2c55065\"   data-element_type=\"widget\"   data-widget_type=\"heading.default\">\n\t\t\t\t<div class=\"elementor-widget-container\">\n\t\t\t<h3 class=\"elementor-heading-title elementor-size-default\">Leicht und leistungsstark<\/h3>\t\t<\/div>\n\t\t\t\t<\/div>\n\t\t\t\t<div class=\"elementor-element elementor-element-c8fa77a elementor-widget elementor-widget-text-editor\"   data-id=\"c8fa77a\"   data-element_type=\"widget\"   data-widget_type=\"text-editor.default\">\n\t\t\t\t<div class=\"elementor-widget-container\">\n\t\t\t\t\t\t\t<p>Unsere Li-Ionen-Batterien sind auf dem neusten Stand. Sie sind leicht zu transportieren und dennoch leistungsstark. Eine Ladung reicht f\u00fcr eine Reichweite von bis zu 60 km. Mit gleich bleibender Tretunterst\u00fctzung von dem ersten bis zum letzten Kilometer.<\/p>\t\t\t\t\t\t<\/div>\n\t\t\t\t<\/div>\n\t\t\t\t\t<\/div>\n\t\t<\/div>\n\t\t\t\t\t<\/div>\n\t\t<\/section>\n\t\t\t\t<section class=\"elementor-section elementor-top-section elementor-element elementor-element-4557558 elementor-section-content-middle elementor-reverse-mobile elementor-section-boxed elementor-section-height-default elementor-section-height-default\"   data-id=\"4557558\"   data-element_type=\"section\">\n\t\t\t\t\t\t<div class=\"elementor-container elementor-column-gap-default\">\n\t\t\t\t\t<div class=\"elementor-column elementor-col-50 elementor-top-column elementor-element elementor-element-e652ca4\"   data-id=\"e652ca4\"  data-element_type=\"column\">\n\t\t\t<div class=\"elementor-widget-wrap elementor-element-populated\">\n\t\t\t\t\t\t<div class=\"elementor-element elementor-element-9b99347 elementor-widget elementor-widget-heading\"   data-id=\"9b99347\"  data-element_type=\"widget\" data-widget_type=\"heading.default\">\n\t\t\t\t<div class=\"elementor-widget-container\">\n\t\t\t<h3 class=\"elementor-heading-title elementor-size-default\">Rampen, Steigungen, H\u00fcgel und Br\u00fccken sind ein Kinderspiel<\/h3>\t\t<\/div>\n\t\t\t\t<\/div>\n\t\t\t\t<div class=\"elementor-element elementor-element-673d1a3 elementor-widget elementor-widget-text-editor\"   data-id=\"673d1a3\"   data-element_type=\"widget\"   data-widget_type=\"text-editor.default\">\n\t\t\t\t<div class=\"elementor-widget-container\">\n\t\t\t\t\t\t\t<p>Schalten Sie kinderleicht herauf oder herab mit unserer Shimano-Schaltung. Fahren Sie m\u00fchelos steile H\u00fcgel hinauf. Noch nie war das \u00dcberqueren von Br\u00fccken so einfach!\u00a0<span style=\"font-size: 15px;\">Die 7-Gang-Schaltung von Shimano wurde wegen ihrer leichten und reibungslosen Bedienbarkeit sowie langen Lebensdauer ausgew\u00e4hlt.\u00a0<\/span><\/p>\t\t\t\t\t\t<\/div>\n\t\t\t\t<\/div>\n\t\t\t\t\t<\/div>\n\t\t<\/div>\n\t\t\t\t<div class=\"elementor-column elementor-col-50 elementor-top-column elementor-element elementor-element-d823d04\"   data-id=\"d823d04\"   data-element_type=\"column\">\n\t\t\t<div class=\"elementor-widget-wrap elementor-element-populated\">\n\t\t\t\t\t\t<div class=\"elementor-element elementor-element-af3c442 elementor-widget elementor-widget-image\"   data-id=\"af3c442\"   data-element_type=\"widget\"  data-widget_type=\"image.default\">\n\t\t\t\t<div class=\"elementor-widget-container\">\n\t\t\t\t\t\t\t\t\t\t\t\t\t<img decoding=\"async\"   width=\"1024\"   height=\"1019\"   src=\"https:\/\/babike.de\/wp-content\/uploads\/2017\/12\/\u9f7f\u8f6e\u7f51\u7ad9\u7248161kb-1024x1019.jpg\"   class=\"attachment-large size-large wp-image-3328\"   alt=\"\"   srcset=\"\"  sizes=\"(max-width: 1024px) 100vw, 1024px\" data-srcset=\"\" \/>\t\t\t\t\t\t\t\t\t\t\t\t\t<\/div>\n\t\t\t\t<\/div>\n\t\t\t\t\t<\/div>\n\t\t<\/div>\n\t\t\t\t\t<\/div>\n\t\t<\/section>\n\t\t\t\t<section class=\"elementor-section elementor-top-section elementor-element elementor-element-59a28e5 elementor-section-content-middle elementor-section-boxed elementor-section-height-default elementor-section-height-default\"   data-id=\"59a28e5\"   data-element_type=\"section\">\n\t\t\t\t\t\t<div class=\"elementor-container elementor-column-gap-default\">\n\t\t\t\t\t<div class=\"elementor-column elementor-col-50 elementor-top-column elementor-element elementor-element-1e233b1\"   data-id=\"1e233b1\" data-element_type=\"column\">\n\t\t\t<div class=\"elementor-widget-wrap elementor-element-populated\">\n\t\t\t\t\t\t<div class=\"elementor-element elementor-element-57616c2 elementor-widget elementor-widget-image\"   data-id=\"57616c2\"   data-element_type=\"widget\" data-widget_type=\"image.default\">\n\t\t\t\t<div class=\"elementor-widget-container\">\n\t\t\t\t\t\t\t\t\t\t\t\t\t<img loading=\"lazy\"   decoding=\"async\"   width=\"2560\"   height=\"1707\"   src=\"https:\/\/babike.de\/wp-content\/uploads\/2021\/12\/111637718429_.pic_hd-scaled.jpg\"   class=\"attachment-full size-full wp-image-4945\"   alt=\"\"   srcset=\"https:\/\/babike.de\/wp-content\/uploads\/2021\/12\/111637718429_.pic_hd-scaled.jpg 2560w, https:\/\/babike.de\/wp-content\/uploads\/2021\/12\/111637718429_.pic_hd-300x200.jpg 300w, https:\/\/babike.de\/wp-content\/uploads\/2021\/12\/111637718429_.pic_hd-1024x683.jpg 1024w, https:\/\/babike.de\/wp-content\/uploads\/2021\/12\/111637718429_.pic_hd-768x512.jpg 768w, https:\/\/babike.de\/wp-content\/uploads\/2021\/12\/111637718429_.pic_hd-1536x1024.jpg 1536w, https:\/\/babike.de\/wp-content\/uploads\/2021\/12\/111637718429_.pic_hd-2048x1365.jpg 2048w, https:\/\/babike.de\/wp-content\/uploads\/2021\/12\/111637718429_.pic_hd-16x12.jpg 16w, https:\/\/babike.de\/wp-content\/uploads\/2021\/12\/111637718429_.pic_hd-800x533.jpg 800w\"  sizes=\"(max-width: 2560px) 100vw, 2560px\" \/>\t\t\t\t\t\t\t\t\t\t\t\t\t<\/div>\n\t\t\t\t<\/div>\n\t\t\t\t\t<\/div>\n\t\t<\/div>\n\t\t\t\t<div class=\"elementor-column elementor-col-50 elementor-top-column elementor-element elementor-element-52a88a3\"   data-id=\"52a88a3\"   data-element_type=\"column\">\n\t\t\t<div class=\"elementor-widget-wrap elementor-element-populated\">\n\t\t\t\t\t\t<div class=\"elementor-element elementor-element-9481cf2 elementor-widget elementor-widget-heading\"   data-id=\"9481cf2\"   data-element_type=\"widget\"   data-widget_type=\"heading.default\">\n\t\t\t\t<div class=\"elementor-widget-container\">\n\t\t\t<h3 class=\"elementor-heading-title elementor-size-default\">Einfach mit nach Hause nehmen<\/h3>\t\t<\/div>\n\t\t\t\t<\/div>\n\t\t\t\t<div class=\"elementor-element elementor-element-8133048 elementor-widget elementor-widget-text-editor\"   data-id=\"8133048\"   data-element_type=\"widget\"   data-widget_type=\"text-editor.default\">\n\t\t\t\t<div class=\"elementor-widget-container\">\n\t\t\t\t\t\t\t<p>Am Ende des Tages k\u00f6nnen Sie den Akku zum Aufladen einfach mit nach Hause nehmen. So leicht und handlich wie ein Buch.<\/p>\t\t\t\t\t\t<\/div>\n\t\t\t\t<\/div>\n\t\t\t\t\t<\/div>\n\t\t<\/div>\n\t\t\t\t\t<\/div>\n\t\t<\/section>\n\t\t\t\t<section class=\"elementor-section elementor-top-section elementor-element elementor-element-cb6c521 elementor-section-content-middle elementor-reverse-mobile elementor-section-boxed elementor-section-height-default elementor-section-height-default\"   data-id=\"cb6c521\"   data-element_type=\"section\">\n\t\t\t\t\t\t<div class=\"elementor-container elementor-column-gap-default\">\n\t\t\t\t\t<div class=\"elementor-column elementor-col-50 elementor-top-column elementor-element elementor-element-8343f32\"   data-id=\"8343f32\" data-element_type=\"column\">\n\t\t\t<div class=\"elementor-widget-wrap elementor-element-populated\">\n\t\t\t\t\t\t<div class=\"elementor-element elementor-element-8a8e618 elementor-widget elementor-widget-heading\"   data-id=\"8a8e618\"  data-element_type=\"widget\" data-widget_type=\"heading.default\">\n\t\t\t\t<div class=\"elementor-widget-container\">\n\t\t\t<h3 class=\"elementor-heading-title elementor-size-default\">BAFANG Mittelmotor<\/h3>\t\t<\/div>\n\t\t\t\t<\/div>\n\t\t\t\t<div class=\"elementor-element elementor-element-c806d18 elementor-widget elementor-widget-text-editor\"   data-id=\"c806d18\"   data-element_type=\"widget\"   data-widget_type=\"text-editor.default\">\n\t\t\t\t<div class=\"elementor-widget-container\">\n\t\t\t\t\t\t\t<p>Durch den verbauten Mittelmotor ist jede Strecke m\u00fchelos bew\u00e4ltigt. Der Motor ist auf dem neusten technologischen Stand und bietet so langfristig starke Unterst\u00fctzung.<\/p>\t\t\t\t\t\t<\/div>\n\t\t\t\t<\/div>\n\t\t\t\t\t<\/div>\n\t\t<\/div>\n\t\t\t\t<div class=\"elementor-column elementor-col-50 elementor-top-column elementor-element elementor-element-4651740\"   data-id=\"4651740\"   data-element_type=\"column\">\n\t\t\t<div class=\"elementor-widget-wrap elementor-element-populated\">\n\t\t\t\t\t\t<div class=\"elementor-element elementor-element-d3f882b elementor-widget elementor-widget-image\"   data-id=\"d3f882b\"   data-element_type=\"widget\"  data-widget_type=\"image.default\">\n\t\t\t\t<div class=\"elementor-widget-container\">\n\t\t\t\t\t\t\t\t\t\t\t\t\t<img loading=\"lazy\"   decoding=\"async\"   width=\"1024\"   height=\"681\"   src=\"https:\/\/babike.de\/wp-content\/uploads\/2021\/12\/121637718437_.pic_hd-1024x681.jpg\"   class=\"attachment-large size-large wp-image-4946\"   alt=\"\"   srcset=\"https:\/\/babike.de\/wp-content\/uploads\/2021\/12\/121637718437_.pic_hd-1024x681.jpg 1024w, https:\/\/babike.de\/wp-content\/uploads\/2021\/12\/121637718437_.pic_hd-300x200.jpg 300w, https:\/\/babike.de\/wp-content\/uploads\/2021\/12\/121637718437_.pic_hd-768x511.jpg 768w, https:\/\/babike.de\/wp-content\/uploads\/2021\/12\/121637718437_.pic_hd-16x12.jpg 16w, https:\/\/babike.de\/wp-content\/uploads\/2021\/12\/121637718437_.pic_hd-800x532.jpg 800w, https:\/\/babike.de\/wp-content\/uploads\/2021\/12\/121637718437_.pic_hd.jpg 1396w\"  sizes=\"(max-width: 1024px) 100vw, 1024px\" \/>\t\t\t\t\t\t\t\t\t\t\t\t\t<\/div>\n\t\t\t\t<\/div>\n\t\t\t\t\t<\/div>\n\t\t<\/div>\n\t\t\t\t\t<\/div>\n\t\t<\/section>\n\t\t\t\t<\/div>","protected":false},"excerpt":{"rendered":"<p>Move fast, stop faster. Our two front wheels are fitted with hydraulic disc brakes &#8211; the same technology a car uses to break. You can rely on these brakes to stop with confidence and precision. The brake pads are designed to last so you can rely on them with you need them most. Light and &hellip;<\/p>\n<p class=\"read-more\"> <a class=\"\"   href=\"https:\/\/babike.de\/de\/produkt\/stadtritter\/\"> <span class=\"screen-reader-text\">Stadtritter<\/span> Weiterlesen &raquo;<\/a><\/p>","protected":false},"featured_media":4942,"template":"","meta":[],"_links":{"self":[{"href":"https:\/\/babike.de\/de\/wp-json\/wp\/v2\/product\/4941"}],"collection":[{"href":"https:\/\/babike.de\/de\/wp-json\/wp\/v2\/product"}],"about":[{"href":"https:\/\/babike.de\/de\/wp-json\/wp\/v2\/types\/product"}],"version-history":[{"count":6,"href":"https:\/\/babike.de\/de\/wp-json\/wp\/v2\/product\/4941\/revisions"}],"predecessor-version":[{"id":5004,"href":"https:\/\/babike.de\/de\/wp-json\/wp\/v2\/product\/4941\/revisions\/5004"}],"wp:featuredmedia":[{"embeddable":true,"href":"https:\/\/babike.de\/de\/wp-json\/wp\/v2\/media\/4942"}],"wp:attachment":[{"href":"https:\/\/babike.de\/de\/wp-json\/wp\/v2\/media?parent=4941"}],"curies":[{"name":"wp","href":"https:\/\/api.w.org\/{rel}","templated":true}]}}