{"id":2450,"date":"2020-11-16T21:48:59","date_gmt":"2020-11-16T21:48:59","guid":{"rendered":"https:\/\/babike.de\/?post_type=product&#038;p=2450"},"modified":"2024-07-03T17:49:07","modified_gmt":"2024-07-03T17:49:07","slug":"twowheel","status":"publish","type":"product","link":"https:\/\/babike.de\/de\/produkt\/twowheel\/","title":{"rendered":"Acco"},"content":{"rendered":"<div data-elementor-type=\"wp-post\"  data-elementor-id=\"2450\"  class=\"elementor elementor-2450\">\n\t\t\t\t\t\t<section class=\"elementor-section elementor-top-section elementor-element elementor-element-c07bc80 elementor-section-content-middle elementor-reverse-mobile elementor-section-boxed elementor-section-height-default elementor-section-height-default\"  data-id=\"c07bc80\"  data-element_type=\"section\">\n\t\t\t\t\t\t<div class=\"elementor-container elementor-column-gap-default\">\n\t\t\t\t\t<div class=\"elementor-column elementor-col-50 elementor-top-column elementor-element elementor-element-0bd66da\"   data-id=\"0bd66da\"  data-element_type=\"column\">\n\t\t\t<div class=\"elementor-widget-wrap elementor-element-populated\">\n\t\t\t\t\t\t<div class=\"elementor-element elementor-element-4ed2d30 elementor-widget elementor-widget-heading\"   data-id=\"4ed2d30\"  data-element_type=\"widget\" data-widget_type=\"heading.default\">\n\t\t\t\t<div class=\"elementor-widget-container\">\n\t\t\t<h3 class=\"elementor-heading-title elementor-size-default\">Schnell fahren, schneller anhalten\n<\/h3>\t\t<\/div>\n\t\t\t\t<\/div>\n\t\t\t\t<div class=\"elementor-element elementor-element-259076c elementor-widget elementor-widget-text-editor\"   data-id=\"259076c\"   data-element_type=\"widget\"   data-widget_type=\"text-editor.default\">\n\t\t\t\t<div class=\"elementor-widget-container\">\n\t\t\t\t\t\t\t<p>Das Vorderrad ist mit einer hydraulischen Scheibenbremsen ausgestattet - die gleiche Technik, die ein Auto zum Bremsen verwendet.  Die Bremsbel\u00e4ge sind auf Langlebigkeit ausgelegt, damit Sie auch nach vielen Jahren sicher fahren k\u00f6nnen.\u00a0<\/p>\t\t\t\t\t\t<\/div>\n\t\t\t\t<\/div>\n\t\t\t\t\t<\/div>\n\t\t<\/div>\n\t\t\t\t<div class=\"elementor-column elementor-col-50 elementor-top-column elementor-element elementor-element-8854ffc\"   data-id=\"8854ffc\"   data-element_type=\"column\">\n\t\t\t<div class=\"elementor-widget-wrap elementor-element-populated\">\n\t\t\t\t\t\t<div class=\"elementor-element elementor-element-f7fdf4b elementor-widget elementor-widget-image\"   data-id=\"f7fdf4b\"   data-element_type=\"widget\"  data-widget_type=\"image.default\">\n\t\t\t\t<div class=\"elementor-widget-container\">\n\t\t\t\t\t\t\t\t\t\t\t\t\t<img fetchpriority=\"high\"   decoding=\"async\"   width=\"2560\"   height=\"2558\"   src=\"https:\/\/babike.de\/wp-content\/uploads\/2020\/11\/disk-scaled.jpg\"   class=\"attachment-full size-full wp-image-5180\"   alt=\"\"   srcset=\"https:\/\/babike.de\/wp-content\/uploads\/2020\/11\/disk-scaled.jpg 2560w, https:\/\/babike.de\/wp-content\/uploads\/2020\/11\/disk-300x300.jpg 300w, https:\/\/babike.de\/wp-content\/uploads\/2020\/11\/disk-1024x1024.jpg 1024w, https:\/\/babike.de\/wp-content\/uploads\/2020\/11\/disk-150x150.jpg 150w, https:\/\/babike.de\/wp-content\/uploads\/2020\/11\/disk-768x767.jpg 768w, https:\/\/babike.de\/wp-content\/uploads\/2020\/11\/disk-1536x1536.jpg 1536w, https:\/\/babike.de\/wp-content\/uploads\/2020\/11\/disk-2048x2046.jpg 2048w, https:\/\/babike.de\/wp-content\/uploads\/2020\/11\/disk-12x12.jpg 12w, https:\/\/babike.de\/wp-content\/uploads\/2020\/11\/disk-800x799.jpg 800w, https:\/\/babike.de\/wp-content\/uploads\/2020\/11\/disk-100x100.jpg 100w\"  sizes=\"(max-width: 2560px) 100vw, 2560px\" \/>\t\t\t\t\t\t\t\t\t\t\t\t\t<\/div>\n\t\t\t\t<\/div>\n\t\t\t\t\t<\/div>\n\t\t<\/div>\n\t\t\t\t\t<\/div>\n\t\t<\/section>\n\t\t\t\t<section class=\"elementor-section elementor-top-section elementor-element elementor-element-d2bba2a elementor-section-content-middle elementor-section-boxed elementor-section-height-default elementor-section-height-default\"   data-id=\"d2bba2a\"   data-element_type=\"section\">\n\t\t\t\t\t\t<div class=\"elementor-container elementor-column-gap-default\">\n\t\t\t\t\t<div class=\"elementor-column elementor-col-50 elementor-top-column elementor-element elementor-element-de5bd4f\"   data-id=\"de5bd4f\" data-element_type=\"column\">\n\t\t\t<div class=\"elementor-widget-wrap elementor-element-populated\">\n\t\t\t\t\t\t<div class=\"elementor-element elementor-element-b328bd7 elementor-widget elementor-widget-image\"   data-id=\"b328bd7\"  data-element_type=\"widget\" data-widget_type=\"image.default\">\n\t\t\t\t<div class=\"elementor-widget-container\">\n\t\t\t\t\t\t\t\t\t\t\t\t\t<img decoding=\"async\"   width=\"2317\"   height=\"2320\"   src=\"https:\/\/babike.de\/wp-content\/uploads\/2020\/11\/battery.jpg\"   class=\"attachment-full size-full wp-image-5152\"   alt=\"\"   srcset=\"https:\/\/babike.de\/wp-content\/uploads\/2020\/11\/battery.jpg 2317w, https:\/\/babike.de\/wp-content\/uploads\/2020\/11\/battery-300x300.jpg 300w, https:\/\/babike.de\/wp-content\/uploads\/2020\/11\/battery-1024x1024.jpg 1024w, https:\/\/babike.de\/wp-content\/uploads\/2020\/11\/battery-150x150.jpg 150w, https:\/\/babike.de\/wp-content\/uploads\/2020\/11\/battery-768x769.jpg 768w, https:\/\/babike.de\/wp-content\/uploads\/2020\/11\/battery-1534x1536.jpg 1534w, https:\/\/babike.de\/wp-content\/uploads\/2020\/11\/battery-2045x2048.jpg 2045w, https:\/\/babike.de\/wp-content\/uploads\/2020\/11\/battery-12x12.jpg 12w, https:\/\/babike.de\/wp-content\/uploads\/2020\/11\/battery-800x801.jpg 800w, https:\/\/babike.de\/wp-content\/uploads\/2020\/11\/battery-100x100.jpg 100w\"  sizes=\"(max-width: 2317px) 100vw, 2317px\" \/>\t\t\t\t\t\t\t\t\t\t\t\t\t<\/div>\n\t\t\t\t<\/div>\n\t\t\t\t\t<\/div>\n\t\t<\/div>\n\t\t\t\t<div class=\"elementor-column elementor-col-50 elementor-top-column elementor-element elementor-element-72838e3\"   data-id=\"72838e3\"   data-element_type=\"column\">\n\t\t\t<div class=\"elementor-widget-wrap elementor-element-populated\">\n\t\t\t\t\t\t<div class=\"elementor-element elementor-element-ef70dc5 elementor-widget elementor-widget-heading\"   data-id=\"ef70dc5\"   data-element_type=\"widget\"   data-widget_type=\"heading.default\">\n\t\t\t\t<div class=\"elementor-widget-container\">\n\t\t\t<h3 class=\"elementor-heading-title elementor-size-default\">Leicht und leistungsstark<\/h3>\t\t<\/div>\n\t\t\t\t<\/div>\n\t\t\t\t<div class=\"elementor-element elementor-element-71d531d elementor-widget elementor-widget-text-editor\"   data-id=\"71d531d\"   data-element_type=\"widget\"   data-widget_type=\"text-editor.default\">\n\t\t\t\t<div class=\"elementor-widget-container\">\n\t\t\t\t\t\t\t<p>Unsere Li-Ionen-Batterien sind auf dem neusten Stand. Sie sind leicht zu transportieren und dennoch leistungsstark. Eine Ladung reicht f\u00fcr eine Reichweite von bis zu 60 km. Mit gleich bleibender Tretunterst\u00fctzung von dem ersten bis zum letzten Kilometer.<\/p>\t\t\t\t\t\t<\/div>\n\t\t\t\t<\/div>\n\t\t\t\t\t<\/div>\n\t\t<\/div>\n\t\t\t\t\t<\/div>\n\t\t<\/section>\n\t\t\t\t<section class=\"elementor-section elementor-top-section elementor-element elementor-element-9737ae7 elementor-section-content-middle elementor-reverse-mobile elementor-section-boxed elementor-section-height-default elementor-section-height-default\"   data-id=\"9737ae7\"   data-element_type=\"section\">\n\t\t\t\t\t\t<div class=\"elementor-container elementor-column-gap-default\">\n\t\t\t\t\t<div class=\"elementor-column elementor-col-50 elementor-top-column elementor-element elementor-element-0730b69\"   data-id=\"0730b69\"  data-element_type=\"column\">\n\t\t\t<div class=\"elementor-widget-wrap elementor-element-populated\">\n\t\t\t\t\t\t<div class=\"elementor-element elementor-element-6d7ac9f elementor-widget elementor-widget-heading\"   data-id=\"6d7ac9f\"  data-element_type=\"widget\" data-widget_type=\"heading.default\">\n\t\t\t\t<div class=\"elementor-widget-container\">\n\t\t\t<h3 class=\"elementor-heading-title elementor-size-default\">Rampen, Steigungen, H\u00fcgel und Br\u00fccken sind ein Kinderspiel<\/h3>\t\t<\/div>\n\t\t\t\t<\/div>\n\t\t\t\t<div class=\"elementor-element elementor-element-2b96f48 elementor-widget elementor-widget-text-editor\"   data-id=\"2b96f48\"   data-element_type=\"widget\"   data-widget_type=\"text-editor.default\">\n\t\t\t\t<div class=\"elementor-widget-container\">\n\t\t\t\t\t\t\t<p>Schalten Sie kinderleicht herauf oder herab mit unserer Shimano-Schaltung. Fahren Sie m\u00fchelos steile H\u00fcgel hinauf. Noch nie war das \u00dcberqueren von Br\u00fccken so einfach!\u00a0<span style=\"font-size: 15px;\">Die 7-Gang-Schaltung von Shimano wurde wegen ihrer leichten und reibungslosen Bedienbarkeit sowie langen Lebensdauer ausgew\u00e4hlt.\u00a0<\/span><\/p>\t\t\t\t\t\t<\/div>\n\t\t\t\t<\/div>\n\t\t\t\t\t<\/div>\n\t\t<\/div>\n\t\t\t\t<div class=\"elementor-column elementor-col-50 elementor-top-column elementor-element elementor-element-5b0c663\"   data-id=\"5b0c663\"   data-element_type=\"column\">\n\t\t\t<div class=\"elementor-widget-wrap elementor-element-populated\">\n\t\t\t\t\t\t<div class=\"elementor-element elementor-element-68a2183 elementor-widget elementor-widget-image\"   data-id=\"68a2183\"   data-element_type=\"widget\"  data-widget_type=\"image.default\">\n\t\t\t\t<div class=\"elementor-widget-container\">\n\t\t\t\t\t\t\t\t\t\t\t\t\t<img decoding=\"async\"   width=\"1024\"   height=\"1019\"   src=\"https:\/\/babike.de\/wp-content\/uploads\/2017\/12\/\u9f7f\u8f6e\u7f51\u7ad9\u7248161kb-1024x1019.jpg\"   class=\"attachment-large size-large wp-image-3328\"   alt=\"\"   srcset=\"\"  sizes=\"(max-width: 1024px) 100vw, 1024px\" data-srcset=\"\" \/>\t\t\t\t\t\t\t\t\t\t\t\t\t<\/div>\n\t\t\t\t<\/div>\n\t\t\t\t\t<\/div>\n\t\t<\/div>\n\t\t\t\t\t<\/div>\n\t\t<\/section>\n\t\t\t\t<section class=\"elementor-section elementor-top-section elementor-element elementor-element-1379971 elementor-section-content-middle elementor-section-boxed elementor-section-height-default elementor-section-height-default\"   data-id=\"1379971\"   data-element_type=\"section\">\n\t\t\t\t\t\t<div class=\"elementor-container elementor-column-gap-default\">\n\t\t\t\t\t<div class=\"elementor-column elementor-col-50 elementor-top-column elementor-element elementor-element-cd776e5\"   data-id=\"cd776e5\" data-element_type=\"column\">\n\t\t\t<div class=\"elementor-widget-wrap elementor-element-populated\">\n\t\t\t\t\t\t<div class=\"elementor-element elementor-element-2f73efe elementor-widget elementor-widget-image\"   data-id=\"2f73efe\"   data-element_type=\"widget\" data-widget_type=\"image.default\">\n\t\t\t\t<div class=\"elementor-widget-container\">\n\t\t\t\t\t\t\t\t\t\t\t\t\t<img loading=\"lazy\"   decoding=\"async\"   width=\"1707\"   height=\"1707\"   src=\"https:\/\/babike.de\/wp-content\/uploads\/2020\/11\/handle-bar-scaled-e1663502746509.jpg\"   class=\"attachment-full size-full wp-image-5154\"   alt=\"\"   srcset=\"https:\/\/babike.de\/wp-content\/uploads\/2020\/11\/handle-bar-scaled-e1663502746509.jpg 1707w, https:\/\/babike.de\/wp-content\/uploads\/2020\/11\/handle-bar-scaled-e1663502746509-300x300.jpg 300w, https:\/\/babike.de\/wp-content\/uploads\/2020\/11\/handle-bar-scaled-e1663502746509-1024x1024.jpg 1024w, https:\/\/babike.de\/wp-content\/uploads\/2020\/11\/handle-bar-scaled-e1663502746509-150x150.jpg 150w, https:\/\/babike.de\/wp-content\/uploads\/2020\/11\/handle-bar-scaled-e1663502746509-768x768.jpg 768w, https:\/\/babike.de\/wp-content\/uploads\/2020\/11\/handle-bar-scaled-e1663502746509-1536x1536.jpg 1536w, https:\/\/babike.de\/wp-content\/uploads\/2020\/11\/handle-bar-scaled-e1663502746509-12x12.jpg 12w, https:\/\/babike.de\/wp-content\/uploads\/2020\/11\/handle-bar-scaled-e1663502746509-800x800.jpg 800w, https:\/\/babike.de\/wp-content\/uploads\/2020\/11\/handle-bar-scaled-e1663502746509-100x100.jpg 100w\"  sizes=\"(max-width: 1707px) 100vw, 1707px\" \/>\t\t\t\t\t\t\t\t\t\t\t\t\t<\/div>\n\t\t\t\t<\/div>\n\t\t\t\t\t<\/div>\n\t\t<\/div>\n\t\t\t\t<div class=\"elementor-column elementor-col-50 elementor-top-column elementor-element elementor-element-db2c4e7\"   data-id=\"db2c4e7\"   data-element_type=\"column\">\n\t\t\t<div class=\"elementor-widget-wrap elementor-element-populated\">\n\t\t\t\t\t\t<div class=\"elementor-element elementor-element-4a64777 elementor-widget elementor-widget-heading\"   data-id=\"4a64777\"   data-element_type=\"widget\"   data-widget_type=\"heading.default\">\n\t\t\t\t<div class=\"elementor-widget-container\">\n\t\t\t<h3 class=\"elementor-heading-title elementor-size-default\">Alles was Sie brauchen, auf Knopfdruck.<\/h3>\t\t<\/div>\n\t\t\t\t<\/div>\n\t\t\t\t<div class=\"elementor-element elementor-element-321d034 elementor-widget elementor-widget-text-editor\"   data-id=\"321d034\"   data-element_type=\"widget\"   data-widget_type=\"text-editor.default\">\n\t\t\t\t<div class=\"elementor-widget-container\">\n\t\t\t\t\t\t\t<p>Hydraulische Bremsen, Schaltung und eine Klingel alles bequem erreichbar.\u00a0<\/p>\t\t\t\t\t\t<\/div>\n\t\t\t\t<\/div>\n\t\t\t\t\t<\/div>\n\t\t<\/div>\n\t\t\t\t\t<\/div>\n\t\t<\/section>\n\t\t\t\t<section class=\"elementor-section elementor-top-section elementor-element elementor-element-338e222 elementor-section-content-middle elementor-reverse-mobile elementor-section-boxed elementor-section-height-default elementor-section-height-default\"   data-id=\"338e222\"   data-element_type=\"section\">\n\t\t\t\t\t\t<div class=\"elementor-container elementor-column-gap-default\">\n\t\t\t\t\t<div class=\"elementor-column elementor-col-50 elementor-top-column elementor-element elementor-element-29d09e1\"   data-id=\"29d09e1\" data-element_type=\"column\">\n\t\t\t<div class=\"elementor-widget-wrap elementor-element-populated\">\n\t\t\t\t\t\t<div class=\"elementor-element elementor-element-ee567be elementor-widget elementor-widget-heading\"   data-id=\"ee567be\"  data-element_type=\"widget\" data-widget_type=\"heading.default\">\n\t\t\t\t<div class=\"elementor-widget-container\">\n\t\t\t<h3 class=\"elementor-heading-title elementor-size-default\">Ihre Fahrt auf einen Blick<\/h3>\t\t<\/div>\n\t\t\t\t<\/div>\n\t\t\t\t<div class=\"elementor-element elementor-element-1f6a5bb elementor-widget elementor-widget-text-editor\"   data-id=\"1f6a5bb\"   data-element_type=\"widget\"   data-widget_type=\"text-editor.default\">\n\t\t\t\t<div class=\"elementor-widget-container\">\n\t\t\t\t\t\t\t<p>Behalten Sie den \u00dcberblick \u00fcber Ihre Fahrt. Der Fahrradcomputer zeigt die momentane Geschwindigkeit, die zur\u00fcckgelegte Strecke sowie den Batteriezustand an. Sie k\u00f6nnen hier auch die Leistung der Tretunterst\u00fctzung hoch- oder herunterregeln.\u00a0<\/p>\t\t\t\t\t\t<\/div>\n\t\t\t\t<\/div>\n\t\t\t\t\t<\/div>\n\t\t<\/div>\n\t\t\t\t<div class=\"elementor-column elementor-col-50 elementor-top-column elementor-element elementor-element-893f74f\"   data-id=\"893f74f\"   data-element_type=\"column\">\n\t\t\t<div class=\"elementor-widget-wrap elementor-element-populated\">\n\t\t\t\t\t\t<div class=\"elementor-element elementor-element-1812e91 elementor-widget elementor-widget-image\"   data-id=\"1812e91\"   data-element_type=\"widget\"   data-widget_type=\"image.default\">\n\t\t\t\t<div class=\"elementor-widget-container\">\n\t\t\t\t\t\t\t\t\t\t\t\t\t<img loading=\"lazy\"   decoding=\"async\"   width=\"1024\"   height=\"1024\"   src=\"https:\/\/babike.de\/wp-content\/uploads\/2020\/11\/led-1024x1024.jpg\"   class=\"attachment-large size-large wp-image-5181\"   alt=\"\"   srcset=\"https:\/\/babike.de\/wp-content\/uploads\/2020\/11\/led-1024x1024.jpg 1024w, https:\/\/babike.de\/wp-content\/uploads\/2020\/11\/led-300x300.jpg 300w, https:\/\/babike.de\/wp-content\/uploads\/2020\/11\/led-150x150.jpg 150w, https:\/\/babike.de\/wp-content\/uploads\/2020\/11\/led-768x767.jpg 768w, https:\/\/babike.de\/wp-content\/uploads\/2020\/11\/led-1536x1536.jpg 1536w, https:\/\/babike.de\/wp-content\/uploads\/2020\/11\/led-2048x2048.jpg 2048w, https:\/\/babike.de\/wp-content\/uploads\/2020\/11\/led-12x12.jpg 12w, https:\/\/babike.de\/wp-content\/uploads\/2020\/11\/led-800x799.jpg 800w, https:\/\/babike.de\/wp-content\/uploads\/2020\/11\/led-100x100.jpg 100w\"  sizes=\"(max-width: 1024px) 100vw, 1024px\" \/>\t\t\t\t\t\t\t\t\t\t\t\t\t<\/div>\n\t\t\t\t<\/div>\n\t\t\t\t\t<\/div>\n\t\t<\/div>\n\t\t\t\t\t<\/div>\n\t\t<\/section>\n\t\t\t\t<section class=\"elementor-section elementor-top-section elementor-element elementor-element-c8cd30a elementor-section-content-middle elementor-section-boxed elementor-section-height-default elementor-section-height-default\"   data-id=\"c8cd30a\"   data-element_type=\"section\">\n\t\t\t\t\t\t<div class=\"elementor-container elementor-column-gap-default\">\n\t\t\t\t\t<div class=\"elementor-column elementor-col-50 elementor-top-column elementor-element elementor-element-acf5109\"   data-id=\"acf5109\"  data-element_type=\"column\">\n\t\t\t<div class=\"elementor-widget-wrap elementor-element-populated\">\n\t\t\t\t\t\t<div class=\"elementor-element elementor-element-4e35b85 elementor-widget elementor-widget-image\"   data-id=\"4e35b85\"  data-element_type=\"widget\" data-widget_type=\"image.default\">\n\t\t\t\t<div class=\"elementor-widget-container\">\n\t\t\t\t\t\t\t\t\t\t\t\t\t<img loading=\"lazy\"   decoding=\"async\"   width=\"2412\"   height=\"2412\"   src=\"https:\/\/babike.de\/wp-content\/uploads\/2020\/11\/cusion-brighter@3x.jpg\"   class=\"attachment-full size-full wp-image-5662\"   alt=\"\"   srcset=\"https:\/\/babike.de\/wp-content\/uploads\/2020\/11\/cusion-brighter@3x.jpg 2412w, https:\/\/babike.de\/wp-content\/uploads\/2020\/11\/cusion-brighter@3x-300x300.jpg 300w, https:\/\/babike.de\/wp-content\/uploads\/2020\/11\/cusion-brighter@3x-1024x1024.jpg 1024w, https:\/\/babike.de\/wp-content\/uploads\/2020\/11\/cusion-brighter@3x-150x150.jpg 150w, https:\/\/babike.de\/wp-content\/uploads\/2020\/11\/cusion-brighter@3x-768x768.jpg 768w, https:\/\/babike.de\/wp-content\/uploads\/2020\/11\/cusion-brighter@3x-1536x1536.jpg 1536w, https:\/\/babike.de\/wp-content\/uploads\/2020\/11\/cusion-brighter@3x-2048x2048.jpg 2048w, https:\/\/babike.de\/wp-content\/uploads\/2020\/11\/cusion-brighter@3x-12x12.jpg 12w, https:\/\/babike.de\/wp-content\/uploads\/2020\/11\/cusion-brighter@3x-800x800.jpg 800w, https:\/\/babike.de\/wp-content\/uploads\/2020\/11\/cusion-brighter@3x-100x100.jpg 100w\"  sizes=\"(max-width: 2412px) 100vw, 2412px\" \/>\t\t\t\t\t\t\t\t\t\t\t\t\t<\/div>\n\t\t\t\t<\/div>\n\t\t\t\t\t<\/div>\n\t\t<\/div>\n\t\t\t\t<div class=\"elementor-column elementor-col-50 elementor-top-column elementor-element elementor-element-753b8d2\"   data-id=\"753b8d2\"   data-element_type=\"column\">\n\t\t\t<div class=\"elementor-widget-wrap elementor-element-populated\">\n\t\t\t\t\t\t<div class=\"elementor-element elementor-element-7c54c68 elementor-widget elementor-widget-heading\"   data-id=\"7c54c68\"   data-element_type=\"widget\"   data-widget_type=\"heading.default\">\n\t\t\t\t<div class=\"elementor-widget-container\">\n\t\t\t<h3 class=\"elementor-heading-title elementor-size-default\">Komfortable Fahrten<\/h3>\t\t<\/div>\n\t\t\t\t<\/div>\n\t\t\t\t<section class=\"elementor-section elementor-inner-section elementor-element elementor-element-a5f26f5 elementor-section-boxed elementor-section-height-default elementor-section-height-default\"   data-id=\"a5f26f5\"   data-element_type=\"section\">\n\t\t\t\t\t\t<div class=\"elementor-container elementor-column-gap-default\">\n\t\t\t\t\t<div class=\"elementor-column elementor-col-100 elementor-inner-column elementor-element elementor-element-16a5cd9\"   data-id=\"16a5cd9\"  data-element_type=\"column\">\n\t\t\t<div class=\"elementor-widget-wrap elementor-element-populated\">\n\t\t\t\t\t\t<div class=\"elementor-element elementor-element-82bf306 elementor-widget elementor-widget-text-editor\"   data-id=\"82bf306\"   data-element_type=\"widget\"  data-widget_type=\"text-editor.default\">\n\t\t\t\t<div class=\"elementor-widget-container\">\n\t\t\t\t\t\t\t<p>Alle unsere Fahrr\u00e4der sind mit hochwertigen Sicherheitsgurten und Kinderpolstern ausgestattet. Damit auch die Kinder ein angenehmes und sicheres Fahrerlebnis haben.<\/p>\t\t\t\t\t\t<\/div>\n\t\t\t\t<\/div>\n\t\t\t\t\t<\/div>\n\t\t<\/div>\n\t\t\t\t\t<\/div>\n\t\t<\/section>\n\t\t\t\t\t<\/div>\n\t\t<\/div>\n\t\t\t\t\t<\/div>\n\t\t<\/section>\n\t\t\t\t<section class=\"elementor-section elementor-top-section elementor-element elementor-element-38e9f5f elementor-section-boxed elementor-section-height-default elementor-section-height-default\"   data-id=\"38e9f5f\"   data-element_type=\"section\">\n\t\t\t\t\t\t<div class=\"elementor-container elementor-column-gap-default\">\n\t\t\t\t\t<div class=\"elementor-column elementor-col-100 elementor-top-column elementor-element elementor-element-a4d4762\"   data-id=\"a4d4762\" data-element_type=\"column\">\n\t\t\t<div class=\"elementor-widget-wrap elementor-element-populated\">\n\t\t\t\t\t\t<div class=\"elementor-element elementor-element-37b8f95 elementor-widget elementor-widget-spacer\"   data-id=\"37b8f95\"   data-element_type=\"widget\" data-widget_type=\"spacer.default\">\n\t\t\t\t<div class=\"elementor-widget-container\">\n\t\t\t\t\t<div class=\"elementor-spacer\">\n\t\t\t<div class=\"elementor-spacer-inner\"><\/div>\n\t\t<\/div>\n\t\t\t\t<\/div>\n\t\t\t\t<\/div>\n\t\t\t\t\t<\/div>\n\t\t<\/div>\n\t\t\t\t\t<\/div>\n\t\t<\/section>\n\t\t\t\t<\/div>","protected":false},"excerpt":{"rendered":"<p>Move fast, stop faster. Our two front wheels are fitted with hydraulic disc brakes &#8211; the same technology a car uses to break. You can rely on these brakes to stop with confidence and precision. The brake pads are designed to last so you can rely on them with you need them most. Light and &hellip;<\/p>\n<p class=\"read-more\"> <a class=\"\"   href=\"https:\/\/babike.de\/de\/produkt\/twowheel\/\"> <span class=\"screen-reader-text\">Acco<\/span> Weiterlesen &raquo;<\/a><\/p>","protected":false},"featured_media":5151,"template":"","meta":[],"_links":{"self":[{"href":"https:\/\/babike.de\/de\/wp-json\/wp\/v2\/product\/2450"}],"collection":[{"href":"https:\/\/babike.de\/de\/wp-json\/wp\/v2\/product"}],"about":[{"href":"https:\/\/babike.de\/de\/wp-json\/wp\/v2\/types\/product"}],"version-history":[{"count":10,"href":"https:\/\/babike.de\/de\/wp-json\/wp\/v2\/product\/2450\/revisions"}],"predecessor-version":[{"id":5879,"href":"https:\/\/babike.de\/de\/wp-json\/wp\/v2\/product\/2450\/revisions\/5879"}],"wp:featuredmedia":[{"embeddable":true,"href":"https:\/\/babike.de\/de\/wp-json\/wp\/v2\/media\/5151"}],"wp:attachment":[{"href":"https:\/\/babike.de\/de\/wp-json\/wp\/v2\/media?parent=2450"}],"curies":[{"name":"wp","href":"https:\/\/api.w.org\/{rel}","templated":true}]}}