{"id":2055,"date":"2017-12-21T04:45:24","date_gmt":"2017-12-21T04:45:24","guid":{"rendered":"https:\/\/babike.de\/?product=dnk-black-shoes-3"},"modified":"2024-09-27T07:23:55","modified_gmt":"2024-09-27T07:23:55","slug":"rainbow","status":"publish","type":"product","link":"https:\/\/babike.de\/de\/produkt\/rainbow\/","title":{"rendered":"Durant"},"content":{"rendered":"<div data-elementor-type=\"wp-post\"  data-elementor-id=\"2055\"  class=\"elementor elementor-2055\">\n\t\t\t\t\t\t<section class=\"elementor-section elementor-top-section elementor-element elementor-element-26ad4d45 elementor-section-content-middle elementor-reverse-mobile elementor-section-boxed elementor-section-height-default elementor-section-height-default\"  data-id=\"26ad4d45\"  data-element_type=\"section\">\n\t\t\t\t\t\t<div class=\"elementor-container elementor-column-gap-default\">\n\t\t\t\t\t<div class=\"elementor-column elementor-col-50 elementor-top-column elementor-element elementor-element-7f0a144a\"   data-id=\"7f0a144a\"  data-element_type=\"column\">\n\t\t\t<div class=\"elementor-widget-wrap elementor-element-populated\">\n\t\t\t\t\t\t<div class=\"elementor-element elementor-element-5df8e436 elementor-widget elementor-widget-heading\"   data-id=\"5df8e436\"  data-element_type=\"widget\" data-widget_type=\"heading.default\">\n\t\t\t\t<div class=\"elementor-widget-container\">\n\t\t\t<h3 class=\"elementor-heading-title elementor-size-default\">Schnell fahren, schneller anhalten\n<\/h3>\t\t<\/div>\n\t\t\t\t<\/div>\n\t\t\t\t<div class=\"elementor-element elementor-element-1d4f0b1 elementor-widget elementor-widget-text-editor\"   data-id=\"1d4f0b1\"   data-element_type=\"widget\"   data-widget_type=\"text-editor.default\">\n\t\t\t\t<div class=\"elementor-widget-container\">\n\t\t\t\t\t\t\t<p>Die Vorderr\u00e4der sind mit hydraulischen Scheibenbremsen ausgestattet - die gleiche Technik, die ein Auto zum Bremsen verwendet. Die Bremsbel\u00e4ge sind auf Langlebigkeit ausgelegt, damit Sie auch nach vielen Jahren sicher fahren k\u00f6nnen.\u00a0<\/p>\t\t\t\t\t\t<\/div>\n\t\t\t\t<\/div>\n\t\t\t\t\t<\/div>\n\t\t<\/div>\n\t\t\t\t<div class=\"elementor-column elementor-col-50 elementor-top-column elementor-element elementor-element-6ee32215\"   data-id=\"6ee32215\"   data-element_type=\"column\">\n\t\t\t<div class=\"elementor-widget-wrap elementor-element-populated\">\n\t\t\t\t\t\t<div class=\"elementor-element elementor-element-5dd3522a elementor-widget elementor-widget-image\"   data-id=\"5dd3522a\"   data-element_type=\"widget\"  data-widget_type=\"image.default\">\n\t\t\t\t<div class=\"elementor-widget-container\">\n\t\t\t\t\t\t\t\t\t\t\t\t\t<img fetchpriority=\"high\"   decoding=\"async\"   width=\"1248\"   height=\"1078\"   src=\"https:\/\/babike.de\/wp-content\/uploads\/2017\/12\/\u6db2\u538b\u789f\u5239-210-\u7f51\u7ad9\u7248.jpg\"   class=\"attachment-full size-full wp-image-3326\"   alt=\"\"   srcset=\"https:\/\/babike.de\/wp-content\/uploads\/2017\/12\/\u6db2\u538b\u789f\u5239-210-\u7f51\u7ad9\u7248.jpg 1248w, https:\/\/babike.de\/wp-content\/uploads\/2017\/12\/\u6db2\u538b\u789f\u5239-210-\u7f51\u7ad9\u7248-300x259.jpg 300w, https:\/\/babike.de\/wp-content\/uploads\/2017\/12\/\u6db2\u538b\u789f\u5239-210-\u7f51\u7ad9\u7248-1024x885.jpg 1024w, https:\/\/babike.de\/wp-content\/uploads\/2017\/12\/\u6db2\u538b\u789f\u5239-210-\u7f51\u7ad9\u7248-768x663.jpg 768w, https:\/\/babike.de\/wp-content\/uploads\/2017\/12\/\u6db2\u538b\u789f\u5239-210-\u7f51\u7ad9\u7248-14x12.jpg 14w, https:\/\/babike.de\/wp-content\/uploads\/2017\/12\/\u6db2\u538b\u789f\u5239-210-\u7f51\u7ad9\u7248-800x691.jpg 800w\"  sizes=\"(max-width: 1248px) 100vw, 1248px\" \/>\t\t\t\t\t\t\t\t\t\t\t\t\t<\/div>\n\t\t\t\t<\/div>\n\t\t\t\t\t<\/div>\n\t\t<\/div>\n\t\t\t\t\t<\/div>\n\t\t<\/section>\n\t\t\t\t<section class=\"elementor-section elementor-top-section elementor-element elementor-element-58ba15c elementor-section-content-middle elementor-section-boxed elementor-section-height-default elementor-section-height-default\"   data-id=\"58ba15c\"   data-element_type=\"section\">\n\t\t\t\t\t\t<div class=\"elementor-container elementor-column-gap-default\">\n\t\t\t\t\t<div class=\"elementor-column elementor-col-50 elementor-top-column elementor-element elementor-element-82055c0\"   data-id=\"82055c0\"  data-element_type=\"column\">\n\t\t\t<div class=\"elementor-widget-wrap elementor-element-populated\">\n\t\t\t\t\t\t<div class=\"elementor-element elementor-element-24923ff elementor-widget elementor-widget-image\"   data-id=\"24923ff\"  data-element_type=\"widget\" data-widget_type=\"image.default\">\n\t\t\t\t<div class=\"elementor-widget-container\">\n\t\t\t\t\t\t\t\t\t\t\t\t\t<img decoding=\"async\"   width=\"1080\"   height=\"1080\"   src=\"https:\/\/babike.de\/wp-content\/uploads\/2020\/11\/\u7535\u6c60\u7f51\u7ad9\u7248\u914d\u4ef6.jpg\"   class=\"attachment-full size-full wp-image-3700\"   alt=\"\"   srcset=\"https:\/\/babike.de\/wp-content\/uploads\/2020\/11\/\u7535\u6c60\u7f51\u7ad9\u7248\u914d\u4ef6.jpg 1080w, https:\/\/babike.de\/wp-content\/uploads\/2020\/11\/\u7535\u6c60\u7f51\u7ad9\u7248\u914d\u4ef6-300x300.jpg 300w, https:\/\/babike.de\/wp-content\/uploads\/2020\/11\/\u7535\u6c60\u7f51\u7ad9\u7248\u914d\u4ef6-1024x1024.jpg 1024w, https:\/\/babike.de\/wp-content\/uploads\/2020\/11\/\u7535\u6c60\u7f51\u7ad9\u7248\u914d\u4ef6-150x150.jpg 150w, https:\/\/babike.de\/wp-content\/uploads\/2020\/11\/\u7535\u6c60\u7f51\u7ad9\u7248\u914d\u4ef6-768x768.jpg 768w, https:\/\/babike.de\/wp-content\/uploads\/2020\/11\/\u7535\u6c60\u7f51\u7ad9\u7248\u914d\u4ef6-12x12.jpg 12w, https:\/\/babike.de\/wp-content\/uploads\/2020\/11\/\u7535\u6c60\u7f51\u7ad9\u7248\u914d\u4ef6-800x800.jpg 800w, https:\/\/babike.de\/wp-content\/uploads\/2020\/11\/\u7535\u6c60\u7f51\u7ad9\u7248\u914d\u4ef6-100x100.jpg 100w\"  sizes=\"(max-width: 1080px) 100vw, 1080px\" \/>\t\t\t\t\t\t\t\t\t\t\t\t\t<\/div>\n\t\t\t\t<\/div>\n\t\t\t\t\t<\/div>\n\t\t<\/div>\n\t\t\t\t<div class=\"elementor-column elementor-col-50 elementor-top-column elementor-element elementor-element-8415144\"   data-id=\"8415144\"   data-element_type=\"column\">\n\t\t\t<div class=\"elementor-widget-wrap elementor-element-populated\">\n\t\t\t\t\t\t<div class=\"elementor-element elementor-element-ac11501 elementor-widget elementor-widget-heading\"   data-id=\"ac11501\"   data-element_type=\"widget\"   data-widget_type=\"heading.default\">\n\t\t\t\t<div class=\"elementor-widget-container\">\n\t\t\t<h3 class=\"elementor-heading-title elementor-size-default\">Leicht und leistungsstark<\/h3>\t\t<\/div>\n\t\t\t\t<\/div>\n\t\t\t\t<div class=\"elementor-element elementor-element-2fcfe80 elementor-widget elementor-widget-text-editor\"   data-id=\"2fcfe80\"   data-element_type=\"widget\"   data-widget_type=\"text-editor.default\">\n\t\t\t\t<div class=\"elementor-widget-container\">\n\t\t\t\t\t\t\t<p>Unsere Li-Ionen-Batterien sind auf dem neusten Stand. Sie sind leicht zu transportieren und dennoch leistungsstark. Eine Ladung reicht f\u00fcr eine Reichweite von bis zu 60 km. Mit gleich bleibender Tretunterst\u00fctzung von dem ersten bis zum letzten Kilometer.<\/p>\t\t\t\t\t\t<\/div>\n\t\t\t\t<\/div>\n\t\t\t\t\t<\/div>\n\t\t<\/div>\n\t\t\t\t\t<\/div>\n\t\t<\/section>\n\t\t\t\t<section class=\"elementor-section elementor-top-section elementor-element elementor-element-c460688 elementor-section-content-middle elementor-reverse-mobile elementor-section-boxed elementor-section-height-default elementor-section-height-default\"   data-id=\"c460688\"   data-element_type=\"section\">\n\t\t\t\t\t\t<div class=\"elementor-container elementor-column-gap-default\">\n\t\t\t\t\t<div class=\"elementor-column elementor-col-50 elementor-top-column elementor-element elementor-element-7f130ba\"   data-id=\"7f130ba\" data-element_type=\"column\">\n\t\t\t<div class=\"elementor-widget-wrap elementor-element-populated\">\n\t\t\t\t\t\t<div class=\"elementor-element elementor-element-ea274ca elementor-widget elementor-widget-heading\"   data-id=\"ea274ca\"  data-element_type=\"widget\" data-widget_type=\"heading.default\">\n\t\t\t\t<div class=\"elementor-widget-container\">\n\t\t\t<h3 class=\"elementor-heading-title elementor-size-default\">Rampen, Steigungen, H\u00fcgel und Br\u00fccken sind ein Kinderspiel<\/h3>\t\t<\/div>\n\t\t\t\t<\/div>\n\t\t\t\t<div class=\"elementor-element elementor-element-e9ba36f elementor-widget elementor-widget-text-editor\"   data-id=\"e9ba36f\"   data-element_type=\"widget\"   data-widget_type=\"text-editor.default\">\n\t\t\t\t<div class=\"elementor-widget-container\">\n\t\t\t\t\t\t\t<p>Schalten Sie kinderleicht herauf oder herab mit unserer Shimano-Schaltung. Fahren Sie m\u00fchelos steile H\u00fcgel hinauf. Noch nie war das \u00dcberqueren von Br\u00fccken so einfach!\u00a0<span style=\"font-size: 15px;\">Die 7-Gang-Schaltung von Shimano wurde wegen ihrer leichten und reibungslosen Bedienbarkeit sowie langen Lebensdauer ausgew\u00e4hlt.\u00a0<\/span><\/p>\t\t\t\t\t\t<\/div>\n\t\t\t\t<\/div>\n\t\t\t\t\t<\/div>\n\t\t<\/div>\n\t\t\t\t<div class=\"elementor-column elementor-col-50 elementor-top-column elementor-element elementor-element-ea385fd\"   data-id=\"ea385fd\"   data-element_type=\"column\">\n\t\t\t<div class=\"elementor-widget-wrap elementor-element-populated\">\n\t\t\t\t\t\t<div class=\"elementor-element elementor-element-3a9a887 elementor-widget elementor-widget-image\"   data-id=\"3a9a887\"   data-element_type=\"widget\"  data-widget_type=\"image.default\">\n\t\t\t\t<div class=\"elementor-widget-container\">\n\t\t\t\t\t\t\t\t\t\t\t\t\t<img decoding=\"async\"   width=\"1024\"   height=\"1019\"   src=\"https:\/\/babike.de\/wp-content\/uploads\/2017\/12\/\u9f7f\u8f6e\u7f51\u7ad9\u7248161kb-1024x1019.jpg\"   class=\"attachment-large size-large wp-image-3328\"   alt=\"\"   srcset=\"\"  sizes=\"(max-width: 1024px) 100vw, 1024px\" data-srcset=\"\" \/>\t\t\t\t\t\t\t\t\t\t\t\t\t<\/div>\n\t\t\t\t<\/div>\n\t\t\t\t\t<\/div>\n\t\t<\/div>\n\t\t\t\t\t<\/div>\n\t\t<\/section>\n\t\t\t\t<section class=\"elementor-section elementor-top-section elementor-element elementor-element-6c7abbb5 elementor-section-content-middle elementor-section-boxed elementor-section-height-default elementor-section-height-default\"   data-id=\"6c7abbb5\"   data-element_type=\"section\">\n\t\t\t\t\t\t<div class=\"elementor-container elementor-column-gap-default\">\n\t\t\t\t\t<div class=\"elementor-column elementor-col-50 elementor-top-column elementor-element elementor-element-42f8df3b\"   data-id=\"42f8df3b\" data-element_type=\"column\">\n\t\t\t<div class=\"elementor-widget-wrap elementor-element-populated\">\n\t\t\t\t\t\t<div class=\"elementor-element elementor-element-33304186 elementor-widget elementor-widget-image\"   data-id=\"33304186\"   data-element_type=\"widget\" data-widget_type=\"image.default\">\n\t\t\t\t<div class=\"elementor-widget-container\">\n\t\t\t\t\t\t\t\t\t\t\t\t\t<img loading=\"lazy\"   decoding=\"async\"   width=\"670\"   height=\"670\"   src=\"https:\/\/babike.de\/wp-content\/uploads\/2017\/12\/\u8f66\u628a\u624b\u53f3.png\"   class=\"attachment-full size-full wp-image-3842\"   alt=\"\"   srcset=\"https:\/\/babike.de\/wp-content\/uploads\/2017\/12\/\u8f66\u628a\u624b\u53f3.png 670w, https:\/\/babike.de\/wp-content\/uploads\/2017\/12\/\u8f66\u628a\u624b\u53f3-300x300.png 300w, https:\/\/babike.de\/wp-content\/uploads\/2017\/12\/\u8f66\u628a\u624b\u53f3-150x150.png 150w, https:\/\/babike.de\/wp-content\/uploads\/2017\/12\/\u8f66\u628a\u624b\u53f3-12x12.png 12w, https:\/\/babike.de\/wp-content\/uploads\/2017\/12\/\u8f66\u628a\u624b\u53f3-100x100.png 100w\"  sizes=\"(max-width: 670px) 100vw, 670px\" \/>\t\t\t\t\t\t\t\t\t\t\t\t\t<\/div>\n\t\t\t\t<\/div>\n\t\t\t\t\t<\/div>\n\t\t<\/div>\n\t\t\t\t<div class=\"elementor-column elementor-col-50 elementor-top-column elementor-element elementor-element-2b16952e\"   data-id=\"2b16952e\"   data-element_type=\"column\">\n\t\t\t<div class=\"elementor-widget-wrap elementor-element-populated\">\n\t\t\t\t\t\t<div class=\"elementor-element elementor-element-5a82692c elementor-widget elementor-widget-heading\"   data-id=\"5a82692c\"   data-element_type=\"widget\"   data-widget_type=\"heading.default\">\n\t\t\t\t<div class=\"elementor-widget-container\">\n\t\t\t<h3 class=\"elementor-heading-title elementor-size-default\">Alles was Sie brauchen, auf Knopfdruck<\/h3>\t\t<\/div>\n\t\t\t\t<\/div>\n\t\t\t\t<div class=\"elementor-element elementor-element-5223fe6 elementor-widget elementor-widget-text-editor\"   data-id=\"5223fe6\"   data-element_type=\"widget\"   data-widget_type=\"text-editor.default\">\n\t\t\t\t<div class=\"elementor-widget-container\">\n\t\t\t\t\t\t\t<p>Hydraulische Bremsen, Schaltung und eine Klingel alles bequem erreichbar.\u00a0<\/p>\t\t\t\t\t\t<\/div>\n\t\t\t\t<\/div>\n\t\t\t\t\t<\/div>\n\t\t<\/div>\n\t\t\t\t\t<\/div>\n\t\t<\/section>\n\t\t\t\t<section class=\"elementor-section elementor-top-section elementor-element elementor-element-2e87bd2f elementor-section-content-middle elementor-reverse-mobile elementor-section-boxed elementor-section-height-default elementor-section-height-default\"   data-id=\"2e87bd2f\"   data-element_type=\"section\">\n\t\t\t\t\t\t<div class=\"elementor-container elementor-column-gap-default\">\n\t\t\t\t\t<div class=\"elementor-column elementor-col-50 elementor-top-column elementor-element elementor-element-6fbbf854\"   data-id=\"6fbbf854\" data-element_type=\"column\">\n\t\t\t<div class=\"elementor-widget-wrap elementor-element-populated\">\n\t\t\t\t\t\t<div class=\"elementor-element elementor-element-671e0bcd elementor-widget elementor-widget-heading\"   data-id=\"671e0bcd\"  data-element_type=\"widget\" data-widget_type=\"heading.default\">\n\t\t\t\t<div class=\"elementor-widget-container\">\n\t\t\t<h3 class=\"elementor-heading-title elementor-size-default\">Ihre Fahrt auf einen Blick<\/h3>\t\t<\/div>\n\t\t\t\t<\/div>\n\t\t\t\t<div class=\"elementor-element elementor-element-11c25e elementor-widget elementor-widget-text-editor\"   data-id=\"11c25e\"   data-element_type=\"widget\"   data-widget_type=\"text-editor.default\">\n\t\t\t\t<div class=\"elementor-widget-container\">\n\t\t\t\t\t\t\t<p>Behalten Sie den \u00dcberblick \u00fcber Ihre Fahrt. Der Fahrradcomputer zeigt die momentane Geschwindigkeit, die zur\u00fcckgelegte Strecke sowie den Batteriezustand an. Sie k\u00f6nnen hier auch die Leistung der Tretunterst\u00fctzung hoch- oder herunterregeln.\u00a0<\/p>\t\t\t\t\t\t<\/div>\n\t\t\t\t<\/div>\n\t\t\t\t\t<\/div>\n\t\t<\/div>\n\t\t\t\t<div class=\"elementor-column elementor-col-50 elementor-top-column elementor-element elementor-element-48b3af43\"   data-id=\"48b3af43\"   data-element_type=\"column\">\n\t\t\t<div class=\"elementor-widget-wrap elementor-element-populated\">\n\t\t\t\t\t\t<div class=\"elementor-element elementor-element-7d39b9a1 elementor-widget elementor-widget-image\"   data-id=\"7d39b9a1\"   data-element_type=\"widget\"  data-widget_type=\"image.default\">\n\t\t\t\t<div class=\"elementor-widget-container\">\n\t\t\t\t\t\t\t\t\t\t\t\t\t<img loading=\"lazy\"   decoding=\"async\"   width=\"640\"   height=\"427\"   src=\"https:\/\/babike.de\/wp-content\/uploads\/2020\/11\/\u5927\u57d4\u7535\u673a.jpg\"   class=\"attachment-large size-large wp-image-3701\"   alt=\"\"   srcset=\"https:\/\/babike.de\/wp-content\/uploads\/2020\/11\/\u5927\u57d4\u7535\u673a.jpg 640w, https:\/\/babike.de\/wp-content\/uploads\/2020\/11\/\u5927\u57d4\u7535\u673a-300x200.jpg 300w, https:\/\/babike.de\/wp-content\/uploads\/2020\/11\/\u5927\u57d4\u7535\u673a-16x12.jpg 16w\"  sizes=\"(max-width: 640px) 100vw, 640px\" \/>\t\t\t\t\t\t\t\t\t\t\t\t\t<\/div>\n\t\t\t\t<\/div>\n\t\t\t\t\t<\/div>\n\t\t<\/div>\n\t\t\t\t\t<\/div>\n\t\t<\/section>\n\t\t\t\t<section class=\"elementor-section elementor-top-section elementor-element elementor-element-8453213 elementor-section-content-middle elementor-section-boxed elementor-section-height-default elementor-section-height-default\"   data-id=\"8453213\"   data-element_type=\"section\">\n\t\t\t\t\t\t<div class=\"elementor-container elementor-column-gap-default\">\n\t\t\t\t\t<div class=\"elementor-column elementor-col-50 elementor-top-column elementor-element elementor-element-0e7ffca\"   data-id=\"0e7ffca\"  data-element_type=\"column\">\n\t\t\t<div class=\"elementor-widget-wrap elementor-element-populated\">\n\t\t\t\t\t\t<div class=\"elementor-element elementor-element-a8fcc04 elementor-widget elementor-widget-image\"   data-id=\"a8fcc04\"  data-element_type=\"widget\" data-widget_type=\"image.default\">\n\t\t\t\t<div class=\"elementor-widget-container\">\n\t\t\t\t\t\t\t\t\t\t\t\t\t<img loading=\"lazy\"   decoding=\"async\"   width=\"531\"   height=\"428\"   src=\"https:\/\/babike.de\/wp-content\/uploads\/2017\/12\/\u94dd\u5236\u8f66\u4fef\u89c6\u56fe-e1726144094303.jpg\"   class=\"attachment-full size-full wp-image-3755\"   alt=\"\"   srcset=\"https:\/\/babike.de\/wp-content\/uploads\/2017\/12\/\u94dd\u5236\u8f66\u4fef\u89c6\u56fe-e1726144094303.jpg 531w, https:\/\/babike.de\/wp-content\/uploads\/2017\/12\/\u94dd\u5236\u8f66\u4fef\u89c6\u56fe-e1726144094303-300x242.jpg 300w, https:\/\/babike.de\/wp-content\/uploads\/2017\/12\/\u94dd\u5236\u8f66\u4fef\u89c6\u56fe-e1726144094303-16x12.jpg 16w\"  sizes=\"(max-width: 531px) 100vw, 531px\" \/>\t\t\t\t\t\t\t\t\t\t\t\t\t<\/div>\n\t\t\t\t<\/div>\n\t\t\t\t\t<\/div>\n\t\t<\/div>\n\t\t\t\t<div class=\"elementor-column elementor-col-50 elementor-top-column elementor-element elementor-element-feb3fab\"   data-id=\"feb3fab\"   data-element_type=\"column\">\n\t\t\t<div class=\"elementor-widget-wrap elementor-element-populated\">\n\t\t\t\t\t\t<div class=\"elementor-element elementor-element-4a54983 elementor-widget elementor-widget-heading\"   data-id=\"4a54983\"   data-element_type=\"widget\"  data-widget_type=\"heading.default\">\n\t\t\t\t<div class=\"elementor-widget-container\">\n\t\t\t<h3 class=\"elementor-heading-title elementor-size-default\">Robust gebaut<\/h3>\t\t<\/div>\n\t\t\t\t<\/div>\n\t\t\t\t<div class=\"elementor-element elementor-element-1a554d5 elementor-widget elementor-widget-text-editor\"   data-id=\"1a554d5\"   data-element_type=\"widget\"   data-widget_type=\"text-editor.default\">\n\t\t\t\t<div class=\"elementor-widget-container\">\n\t\t\t\t\t\t\t<p>Der Metallvorbau ist f\u00fcr den harten Einsatz gebaut. Genau das Richtige f\u00fcr Aktivit\u00e4ten im Freien. Zudem ist der Vorbau einfach zu reinigen. Schmutz und Sand k\u00f6nnen durch Aussparungen herausgefegt werden.<span style=\"font-size: 15px;\">.<\/span><\/p>\t\t\t\t\t\t<\/div>\n\t\t\t\t<\/div>\n\t\t\t\t\t<\/div>\n\t\t<\/div>\n\t\t\t\t\t<\/div>\n\t\t<\/section>\n\t\t\t\t<section class=\"elementor-section elementor-top-section elementor-element elementor-element-eafa87c elementor-section-content-middle elementor-section-boxed elementor-section-height-default elementor-section-height-default\"   data-id=\"eafa87c\"   data-element_type=\"section\">\n\t\t\t\t\t\t<div class=\"elementor-container elementor-column-gap-default\">\n\t\t\t\t\t<div class=\"elementor-column elementor-col-50 elementor-top-column elementor-element elementor-element-a2b74a0\"   data-id=\"a2b74a0\" data-element_type=\"column\">\n\t\t\t<div class=\"elementor-widget-wrap elementor-element-populated\">\n\t\t\t\t\t\t<div class=\"elementor-element elementor-element-d2c0e9d elementor-widget elementor-widget-heading\"   data-id=\"d2c0e9d\"   data-element_type=\"widget\" data-widget_type=\"heading.default\">\n\t\t\t\t<div class=\"elementor-widget-container\">\n\t\t\t<h3 class=\"elementor-heading-title elementor-size-default\">Abmessung<\/h3>\t\t<\/div>\n\t\t\t\t<\/div>\n\t\t\t\t<section class=\"elementor-section elementor-inner-section elementor-element elementor-element-5ffa904 elementor-section-boxed elementor-section-height-default elementor-section-height-default\"   data-id=\"5ffa904\"   data-element_type=\"section\">\n\t\t\t\t\t\t<div class=\"elementor-container elementor-column-gap-default\">\n\t\t\t\t\t<div class=\"elementor-column elementor-col-50 elementor-inner-column elementor-element elementor-element-8559697\"   data-id=\"8559697\"  data-element_type=\"column\">\n\t\t\t<div class=\"elementor-widget-wrap elementor-element-populated\">\n\t\t\t\t\t\t<div class=\"elementor-element elementor-element-ed764a4 elementor-widget elementor-widget-text-editor\"   data-id=\"ed764a4\"   data-element_type=\"widget\"  data-widget_type=\"text-editor.default\">\n\t\t\t\t<div class=\"elementor-widget-container\">\n\t\t\t\t\t\t\t<ul>\n<li>A 235cm<\/li>\n<li>B 114-135cm<\/li>\n<li>C 88-115cm<\/li>\n<li>D66cm<\/li>\n<li>E 24*1.90&#8221;<\/li>\n<\/ul>\t\t\t\t\t\t<\/div>\n\t\t\t\t<\/div>\n\t\t\t\t\t<\/div>\n\t\t<\/div>\n\t\t\t\t<div class=\"elementor-column elementor-col-50 elementor-inner-column elementor-element elementor-element-4b074f2\"   data-id=\"4b074f2\"   data-element_type=\"column\">\n\t\t\t<div class=\"elementor-widget-wrap elementor-element-populated\">\n\t\t\t\t\t\t<div class=\"elementor-element elementor-element-bd56f73 elementor-widget elementor-widget-text-editor\"   data-id=\"bd56f73\"   data-element_type=\"widget\"   data-widget_type=\"text-editor.default\">\n\t\t\t\t<div class=\"elementor-widget-container\">\n\t\t\t\t\t\t\t<ul>\n<li>F 20*2.125\u201d<\/li>\n<li><span style=\"font-size: 15px;\">G 109cm&nbsp;<\/span><\/li>\n<li>H 40cm<\/li>\n<\/ul>\t\t\t\t\t\t<\/div>\n\t\t\t\t<\/div>\n\t\t\t\t\t<\/div>\n\t\t<\/div>\n\t\t\t\t\t<\/div>\n\t\t<\/section>\n\t\t\t\t\t<\/div>\n\t\t<\/div>\n\t\t\t\t<div class=\"elementor-column elementor-col-50 elementor-top-column elementor-element elementor-element-3f726e2\"   data-id=\"3f726e2\"   data-element_type=\"column\">\n\t\t\t<div class=\"elementor-widget-wrap elementor-element-populated\">\n\t\t\t\t\t\t<div class=\"elementor-element elementor-element-98884a9 elementor-widget elementor-widget-image\"   data-id=\"98884a9\"   data-element_type=\"widget\"  data-widget_type=\"image.default\">\n\t\t\t\t<div class=\"elementor-widget-container\">\n\t\t\t\t\t\t\t\t\t\t\t\t\t<img loading=\"lazy\"   decoding=\"async\"   width=\"1432\"   height=\"764\"   src=\"https:\/\/babike.de\/wp-content\/uploads\/2020\/11\/\u94dd\u5236\u8f66\u5c3a\u5bf8\u56fe\u7f51\u7ad9\u7248.jpg\"   class=\"attachment-full size-full wp-image-3703\"   alt=\"\"   srcset=\"https:\/\/babike.de\/wp-content\/uploads\/2020\/11\/\u94dd\u5236\u8f66\u5c3a\u5bf8\u56fe\u7f51\u7ad9\u7248.jpg 1432w, https:\/\/babike.de\/wp-content\/uploads\/2020\/11\/\u94dd\u5236\u8f66\u5c3a\u5bf8\u56fe\u7f51\u7ad9\u7248-300x160.jpg 300w, https:\/\/babike.de\/wp-content\/uploads\/2020\/11\/\u94dd\u5236\u8f66\u5c3a\u5bf8\u56fe\u7f51\u7ad9\u7248-1024x546.jpg 1024w, https:\/\/babike.de\/wp-content\/uploads\/2020\/11\/\u94dd\u5236\u8f66\u5c3a\u5bf8\u56fe\u7f51\u7ad9\u7248-768x410.jpg 768w, https:\/\/babike.de\/wp-content\/uploads\/2020\/11\/\u94dd\u5236\u8f66\u5c3a\u5bf8\u56fe\u7f51\u7ad9\u7248-16x9.jpg 16w, https:\/\/babike.de\/wp-content\/uploads\/2020\/11\/\u94dd\u5236\u8f66\u5c3a\u5bf8\u56fe\u7f51\u7ad9\u7248-800x427.jpg 800w\"  sizes=\"(max-width: 1432px) 100vw, 1432px\" \/>\t\t\t\t\t\t\t\t\t\t\t\t\t<\/div>\n\t\t\t\t<\/div>\n\t\t\t\t\t<\/div>\n\t\t<\/div>\n\t\t\t\t\t<\/div>\n\t\t<\/section>\n\t\t\t\t<section class=\"elementor-section elementor-top-section elementor-element elementor-element-a2bd4ce elementor-section-boxed elementor-section-height-default elementor-section-height-default\"   data-id=\"a2bd4ce\"   data-element_type=\"section\">\n\t\t\t\t\t\t<div class=\"elementor-container elementor-column-gap-default\">\n\t\t\t\t\t<div class=\"elementor-column elementor-col-100 elementor-top-column elementor-element elementor-element-fd4c01a\"   data-id=\"fd4c01a\" data-element_type=\"column\">\n\t\t\t<div class=\"elementor-widget-wrap\">\n\t\t\t\t\t\t\t<\/div>\n\t\t<\/div>\n\t\t\t\t\t<\/div>\n\t\t<\/section>\n\t\t\t\t<\/div>","protected":false},"excerpt":{"rendered":"<p>Move fast, stop faster Our two front wheels are fitted with hydraulic disc brakes &#8211; the same technology a car uses to break. You can rely on these breaks to stop with confidence and precision. The brake pads are designed to last so you can rely on them with you need them most. Light and &hellip;<\/p>\n<p class=\"read-more\"> <a class=\"\"   href=\"https:\/\/babike.de\/de\/produkt\/rainbow\/\"> <span class=\"screen-reader-text\">Durant<\/span> Weiterlesen &raquo;<\/a><\/p>","protected":false},"featured_media":4804,"template":"","meta":[],"_links":{"self":[{"href":"https:\/\/babike.de\/de\/wp-json\/wp\/v2\/product\/2055"}],"collection":[{"href":"https:\/\/babike.de\/de\/wp-json\/wp\/v2\/product"}],"about":[{"href":"https:\/\/babike.de\/de\/wp-json\/wp\/v2\/types\/product"}],"version-history":[{"count":10,"href":"https:\/\/babike.de\/de\/wp-json\/wp\/v2\/product\/2055\/revisions"}],"predecessor-version":[{"id":4858,"href":"https:\/\/babike.de\/de\/wp-json\/wp\/v2\/product\/2055\/revisions\/4858"}],"wp:featuredmedia":[{"embeddable":true,"href":"https:\/\/babike.de\/de\/wp-json\/wp\/v2\/media\/4804"}],"wp:attachment":[{"href":"https:\/\/babike.de\/de\/wp-json\/wp\/v2\/media?parent=2055"}],"curies":[{"name":"wp","href":"https:\/\/api.w.org\/{rel}","templated":true}]}}