{"id":3091,"date":"2020-12-08T14:18:03","date_gmt":"2020-12-08T14:18:03","guid":{"rendered":"https:\/\/babike.de\/?page_id=3091"},"modified":"2020-12-31T09:43:30","modified_gmt":"2020-12-31T09:43:30","slug":"we-use-cookies","status":"publish","type":"page","link":"https:\/\/babike.de\/de\/we-use-cookies\/","title":{"rendered":"Elementor #We use cookies"},"content":{"rendered":"<div data-elementor-type=\"wp-page\"  data-elementor-id=\"3091\"  class=\"elementor elementor-3091\">\n\t\t\t\t\t\t<section class=\"elementor-section elementor-top-section elementor-element elementor-element-7d439393 elementor-section-boxed elementor-section-height-default elementor-section-height-default\"   data-id=\"7d439393\"   data-element_type=\"section\"  data-settings=\"{&quot;background_background&quot;:&quot;classic&quot;}\">\n\t\t\t\t\t\t\t<div class=\"elementor-background-overlay\"><\/div>\n\t\t\t\t\t\t\t<div class=\"elementor-container elementor-column-gap-no\">\n\t\t\t\t\t<div class=\"elementor-column elementor-col-100 elementor-top-column elementor-element elementor-element-3474ac6a\"   data-id=\"3474ac6a\"   data-element_type=\"column\">\n\t\t\t<div class=\"elementor-widget-wrap elementor-element-populated\">\n\t\t\t\t\t\t<div class=\"elementor-element elementor-element-7b415e3 elementor-widget elementor-widget-heading\"   data-id=\"7b415e3\"   data-element_type=\"widget\"  data-widget_type=\"heading.default\">\n\t\t\t\t<div class=\"elementor-widget-container\">\n\t\t\t<h1 class=\"elementor-heading-title elementor-size-default\">Wir verwenden Cookies<\/h1>\t\t<\/div>\n\t\t\t\t<\/div>\n\t\t\t\t<div class=\"elementor-element elementor-element-62c7badd elementor-widget elementor-widget-heading\"   data-id=\"62c7badd\"   data-element_type=\"widget\"   data-widget_type=\"heading.default\">\n\t\t\t\t<div class=\"elementor-widget-container\">\n\t\t\t<h3 class=\"elementor-heading-title elementor-size-default\">f\u00fcr bessere Leistung<\/h3>\t\t<\/div>\n\t\t\t\t<\/div>\n\t\t\t\t<div class=\"elementor-element elementor-element-6add383c elementor-widget-divider--view-line elementor-widget elementor-widget-divider\"   data-id=\"6add383c\"   data-element_type=\"widget\"   data-widget_type=\"divider.default\">\n\t\t\t\t<div class=\"elementor-widget-container\">\n\t\t\t\t\t<div class=\"elementor-divider\">\n\t\t\t<span class=\"elementor-divider-separator\">\n\t\t\t\t\t\t<\/span>\n\t\t<\/div>\n\t\t\t\t<\/div>\n\t\t\t\t<\/div>\n\t\t\t\t\t<\/div>\n\t\t<\/div>\n\t\t\t\t\t<\/div>\n\t\t<\/section>\n\t\t\t\t<section class=\"elementor-section elementor-top-section elementor-element elementor-element-70f8e6d2 elementor-section-full_width elementor-section-height-default elementor-section-height-default\"   data-id=\"70f8e6d2\"   data-element_type=\"section\">\n\t\t\t\t\t\t<div class=\"elementor-container elementor-column-gap-no\">\n\t\t\t\t\t<div class=\"elementor-column elementor-col-100 elementor-top-column elementor-element elementor-element-33a9577\"   data-id=\"33a9577\" data-element_type=\"column\">\n\t\t\t<div class=\"elementor-widget-wrap elementor-element-populated\">\n\t\t\t\t\t\t<div class=\"elementor-element elementor-element-2e857e86 elementor-widget elementor-widget-heading\"   data-id=\"2e857e86\"   data-element_type=\"widget\" data-widget_type=\"heading.default\">\n\t\t\t\t<div class=\"elementor-widget-container\">\n\t\t\t<span class=\"elementor-heading-title elementor-size-default\">Keith Keller<\/span>\t\t<\/div>\n\t\t\t\t<\/div>\n\t\t\t\t<div class=\"elementor-element elementor-element-9345464 elementor-widget elementor-widget-heading\"   data-id=\"9345464\"   data-element_type=\"widget\"   data-widget_type=\"heading.default\">\n\t\t\t\t<div class=\"elementor-widget-container\">\n\t\t\t<span class=\"elementor-heading-title elementor-size-default\">Wir verwenden Cookies<\/span>\t\t<\/div>\n\t\t\t\t<\/div>\n\t\t\t\t\t<\/div>\n\t\t<\/div>\n\t\t\t\t\t<\/div>\n\t\t<\/section>\n\t\t\t\t<section class=\"elementor-section elementor-top-section elementor-element elementor-element-224079c elementor-section-boxed elementor-section-height-default elementor-section-height-default\"   data-id=\"224079c\"   data-element_type=\"section\">\n\t\t\t\t\t\t<div class=\"elementor-container elementor-column-gap-default\">\n\t\t\t\t\t<div class=\"elementor-column elementor-col-100 elementor-top-column elementor-element elementor-element-cff8bf5\"   data-id=\"cff8bf5\"  data-element_type=\"column\">\n\t\t\t<div class=\"elementor-widget-wrap elementor-element-populated\">\n\t\t\t\t\t\t<div class=\"elementor-element elementor-element-de97ec6 elementor-widget elementor-widget-text-editor\"   data-id=\"de97ec6\"   data-element_type=\"widget\" data-widget_type=\"text-editor.default\">\n\t\t\t\t<div class=\"elementor-widget-container\">\n\t\t\t\t\t\t\t<p>Wir verwenden Cookies, um unsere Website f\u00fcr einzelne Nutzer wie Sie zu optimieren und kontinuierlich zu verbessern.<\/p><p><strong>Was ist ein Cookie?<\/strong><\/p><p>Ein Cookie ist eine kleine Datei, die Interneteinstellungen speichert. Fast jede Website verwendet die Cookies. Es wird von Ihrem Internetbrowser beim ersten Besuch einer Website heruntergeladen. Wenn diese Website das n\u00e4chste Mal mit demselben Benutzerger\u00e4t ge\u00f6ffnet wird, werden das Cookie und die darin gespeicherten Informationen abgerufen. Es wird entweder an die Website zur\u00fcckgeschickt, die es erstellt hat (First-Party-Cookie) oder an eine andere Website, zu der es geh\u00f6rt (Third-Party-Cookie). Dies erm\u00f6glicht es der Website zu erkennen, dass Sie sie zuvor mit diesem Browser ge\u00f6ffnet haben und in einigen F\u00e4llen die angezeigten Inhalte zu variieren.<\/p><p>Einige Cookies sind \u00e4u\u00dferst n\u00fctzlich, sie k\u00f6nnen das Benutzererlebnis beim \u00d6ffnen einer Website, die Sie bereits mehrmals besucht haben, verbessern. Vorausgesetzt, Sie verwenden dasselbe Benutzerger\u00e4t und denselben Browser wie zuvor, merken sich Cookies z. B. Ihre Vorlieben, wie Sie eine Website nutzen, und passen die angezeigten Angebote an, um relevanter f\u00fcr Ihre pers\u00f6nlichen Interessen und Bed\u00fcrfnisse zu sein.<\/p><p><strong>Welche Cookies verwenden wir?<\/strong><\/p><p>Im Rahmen der B&A-Site auf der Domain <a href=\"https:\/\/babike.de\/de\/\" >www.babike.de<\/a>verwenden wir verschiedene Arten von Cookies.<\/p><p><strong>1. Wesentliche Cookies<\/strong><\/p><p>Essentielle Cookies sind erforderlich, damit Sie auf einer Website navigieren und deren Funktionen nutzen k\u00f6nnen. Ohne diese Cookies k\u00f6nnen Funktionalit\u00e4ten nicht gew\u00e4hrleistet werden, z. B. dass w\u00e4hrend eines Besuchs durchgef\u00fchrte Aktionen (z. B. Texteingaben) erhalten bleiben, auch beim Navigieren zwischen einzelnen Seiten der Website.<\/p><p><strong style=\"font-size: 16px;\"  >2. Social Media Cookies<\/strong><\/p><p>Um mehr Informationen mit Ihnen zu teilen, verwenden wir Social Media Cookies. Mit ihnen k\u00f6nnen Sie ganz einfach Ihre Konten in allen sozialen Medien \u00e4ndern und die Informationen mit Ihren Freunden, Ihrer Familie usw. teilen.<\/p><p>Bez\u00fcglich der Cookies, die die Social-Media-Anbieter beim Anklicken der entsprechenden Schaltfl\u00e4chen setzen, und der erhobenen Daten verweisen wir auf die Angaben des jeweiligen Anbieters.\u00a0F\u00fcr die Verwendung dieser Cookies ist Ihre Zustimmung erforderlich.<\/p><p>Wir verwenden die folgenden sozialen Medien: Facebook, You tube, Instagram und Tik Tok.<\/p><p><strong style=\"font-size: 15px;\" >3. Tracking und analytische Cookies<\/strong><\/p><p>Diese Cookies zeichnen das Surfverhalten unserer Besucher auf unserer Website auf und analysieren es. Dadurch erhalten wir mehr Informationen \u00fcber die Vorlieben unserer Besucher und k\u00f6nnen unsere Website an ihre Bed\u00fcrfnisse anpassen. Diese Cookies k\u00f6nnen Ihre Daten kaum beeinflussen, daher ist keine Zustimmung erforderlich.<\/p><p><strong>4. Funktionale Cookies<\/strong><\/p><p>Funktionale Cookies erm\u00f6glichen es einer Website, bereits gemachte Angaben (z. B. Benutzername, Sprachauswahl oder Ihren Standort) zu speichern und dem Nutzer verbesserte, pers\u00f6nlichere Funktionen anzubieten. Funktionale Cookies werden z. B. verwendet, um angeforderte Funktionen wie das Abspielen von Videos zu erm\u00f6glichen. Diese Cookies sammeln anonymisierte Informationen; sie k\u00f6nnen Ihre Bewegungen auf anderen Websites nicht nachvollziehen.<\/p><p><strong>5. Cookies f\u00fcr Marketingzwecke<\/strong><\/p><p>Cookies f\u00fcr Marketingzwecke werden verwendet, um Werbung zu extrahieren, die f\u00fcr bestimmte Benutzer relevant und an ihre Interessen angepasst ist. Sie werden auch verwendet, um die H\u00e4ufigkeit des Erscheinens einer Werbung zu begrenzen und die Effektivit\u00e4t von Werbekampagnen zu messen. Sie registrieren, ob Sie eine Website besucht haben oder nicht. Diese Informationen k\u00f6nnen an Dritte weitergegeben werden, zum Beispiel an Werbetreibende. Cookies zur Verbesserung der Zielgruppenansprache und der Werbung sind oft mit Seitenfunktionalit\u00e4ten von Dritten verkn\u00fcpft.<\/p><p><strong style=\"font-size: 15px;\"  >6. Au\u00dferplanm\u00e4\u00dfige Cookies<\/strong><\/p><p>Wir verwenden einige Plugins von Drittanbietern, um sicherzustellen, dass Ihr Surfen und Bezahlen auf unserer Website funktioniert. Wie z.B. Woocommerce, Paypal, Stripe, etc.. In seltenen F\u00e4llen werden Cookies dieser Drittanbieter auch auf unserer Website angezeigt.<\/p><p>\u00a0<\/p>\t\t\t\t\t\t<\/div>\n\t\t\t\t<\/div>\n\t\t\t\t\t<\/div>\n\t\t<\/div>\n\t\t\t\t\t<\/div>\n\t\t<\/section>\n\t\t\t\t<\/div>","protected":false},"excerpt":{"rendered":"<p>We use Cookies for better performance Keith Keller We use cookies We use cookies to optimize and continuously improve our website for individual users like you. What is a cookie? A cookie is a small file that stores\u00a0Internet settings. Almost every website uses cookie technology. It is downloaded by your Internet browser on the first &hellip;<\/p>\n<p class=\"read-more\"> <a class=\"\"   href=\"https:\/\/babike.de\/de\/we-use-cookies\/\"> <span class=\"screen-reader-text\">Elementor #We use cookies<\/span> Weiterlesen &raquo;<\/a><\/p>","protected":false},"author":1,"featured_media":0,"parent":0,"menu_order":0,"comment_status":"closed","ping_status":"closed","template":"","meta":[],"_links":{"self":[{"href":"https:\/\/babike.de\/de\/wp-json\/wp\/v2\/pages\/3091"}],"collection":[{"href":"https:\/\/babike.de\/de\/wp-json\/wp\/v2\/pages"}],"about":[{"href":"https:\/\/babike.de\/de\/wp-json\/wp\/v2\/types\/page"}],"author":[{"embeddable":true,"href":"https:\/\/babike.de\/de\/wp-json\/wp\/v2\/users\/1"}],"replies":[{"embeddable":true,"href":"https:\/\/babike.de\/de\/wp-json\/wp\/v2\/comments?post=3091"}],"version-history":[{"count":5,"href":"https:\/\/babike.de\/de\/wp-json\/wp\/v2\/pages\/3091\/revisions"}],"predecessor-version":[{"id":3781,"href":"https:\/\/babike.de\/de\/wp-json\/wp\/v2\/pages\/3091\/revisions\/3781"}],"wp:attachment":[{"href":"https:\/\/babike.de\/de\/wp-json\/wp\/v2\/media?parent=3091"}],"curies":[{"name":"wp","href":"https:\/\/api.w.org\/{rel}","templated":true}]}}