{"id":2985,"date":"2020-12-07T14:23:07","date_gmt":"2020-12-07T14:23:07","guid":{"rendered":"https:\/\/babike.de\/?page_id=2985"},"modified":"2021-01-27T23:20:24","modified_gmt":"2021-01-27T23:20:24","slug":"why","status":"publish","type":"page","link":"https:\/\/babike.de\/de\/why\/","title":{"rendered":"Elementor #why us"},"content":{"rendered":"<div data-elementor-type=\"wp-page\"   data-elementor-id=\"2985\"  class=\"elementor elementor-2985\">\n\t\t\t\t\t\t<section class=\"elementor-section elementor-top-section elementor-element elementor-element-7d439393 elementor-section-boxed elementor-section-height-default elementor-section-height-default\"   data-id=\"7d439393\"   data-element_type=\"section\"   data-settings=\"{&quot;background_background&quot;:&quot;classic&quot;}\">\n\t\t\t\t\t\t\t<div class=\"elementor-background-overlay\"><\/div>\n\t\t\t\t\t\t\t<div class=\"elementor-container elementor-column-gap-no\">\n\t\t\t\t\t<div class=\"elementor-column elementor-col-100 elementor-top-column elementor-element elementor-element-3474ac6a\"   data-id=\"3474ac6a\"  data-element_type=\"column\">\n\t\t\t<div class=\"elementor-widget-wrap elementor-element-populated\">\n\t\t\t\t\t\t<div class=\"elementor-element elementor-element-6b06d837 elementor-widget elementor-widget-heading\"   data-id=\"6b06d837\"   data-element_type=\"widget\"  data-widget_type=\"heading.default\">\n\t\t\t\t<div class=\"elementor-widget-container\">\n\t\t\t<h6 class=\"elementor-heading-title elementor-size-default\">Ein paar Worte \u00fcber<\/h6>\t\t<\/div>\n\t\t\t\t<\/div>\n\t\t\t\t<div class=\"elementor-element elementor-element-7b415e3 elementor-widget elementor-widget-heading\"   data-id=\"7b415e3\"   data-element_type=\"widget\"   data-widget_type=\"heading.default\">\n\t\t\t\t<div class=\"elementor-widget-container\">\n\t\t\t<h1 class=\"elementor-heading-title elementor-size-default\">Warum Wir<\/h1>\t\t<\/div>\n\t\t\t\t<\/div>\n\t\t\t\t<div class=\"elementor-element elementor-element-62c7badd elementor-widget elementor-widget-heading\"   data-id=\"62c7badd\"   data-element_type=\"widget\"   data-widget_type=\"heading.default\">\n\t\t\t\t<div class=\"elementor-widget-container\">\n\t\t\t<h3 class=\"elementor-heading-title elementor-size-default\">Wir sind ein qualit\u00e4tsorientierter Fahrradhersteller, der sich auf Familienr\u00e4der spezialisiert hat.<\/h3>\t\t<\/div>\n\t\t\t\t<\/div>\n\t\t\t\t<div class=\"elementor-element elementor-element-6add383c elementor-widget-divider--view-line elementor-widget elementor-widget-divider\"   data-id=\"6add383c\"   data-element_type=\"widget\"   data-widget_type=\"divider.default\">\n\t\t\t\t<div class=\"elementor-widget-container\">\n\t\t\t\t\t<div class=\"elementor-divider\">\n\t\t\t<span class=\"elementor-divider-separator\">\n\t\t\t\t\t\t<\/span>\n\t\t<\/div>\n\t\t\t\t<\/div>\n\t\t\t\t<\/div>\n\t\t\t\t\t<\/div>\n\t\t<\/div>\n\t\t\t\t\t<\/div>\n\t\t<\/section>\n\t\t\t\t<section class=\"elementor-section elementor-top-section elementor-element elementor-element-70f8e6d2 elementor-section-full_width elementor-section-height-default elementor-section-height-default\"   data-id=\"70f8e6d2\"   data-element_type=\"section\">\n\t\t\t\t\t\t<div class=\"elementor-container elementor-column-gap-no\">\n\t\t\t\t\t<div class=\"elementor-column elementor-col-100 elementor-top-column elementor-element elementor-element-33a9577\"   data-id=\"33a9577\" data-element_type=\"column\">\n\t\t\t<div class=\"elementor-widget-wrap elementor-element-populated\">\n\t\t\t\t\t\t<div class=\"elementor-element elementor-element-2e857e86 elementor-widget elementor-widget-heading\"   data-id=\"2e857e86\"  data-element_type=\"widget\" data-widget_type=\"heading.default\">\n\t\t\t\t<div class=\"elementor-widget-container\">\n\t\t\t<span class=\"elementor-heading-title elementor-size-default\">Keith Keller<\/span>\t\t<\/div>\n\t\t\t\t<\/div>\n\t\t\t\t<div class=\"elementor-element elementor-element-52b7dce elementor-widget elementor-widget-heading\"   data-id=\"52b7dce\"   data-element_type=\"widget\"   data-widget_type=\"heading.default\">\n\t\t\t\t<div class=\"elementor-widget-container\">\n\t\t\t<span class=\"elementor-heading-title elementor-size-default\">Warum babike<\/span>\t\t<\/div>\n\t\t\t\t<\/div>\n\t\t\t\t\t<\/div>\n\t\t<\/div>\n\t\t\t\t\t<\/div>\n\t\t<\/section>\n\t\t\t\t<section class=\"elementor-section elementor-top-section elementor-element elementor-element-5bab5e22 elementor-section-content-middle elementor-section-boxed elementor-section-height-default elementor-section-height-default\"   data-id=\"5bab5e22\"   data-element_type=\"section\"   data-settings=\"{&quot;background_background&quot;:&quot;classic&quot;}\">\n\t\t\t\t\t\t<div class=\"elementor-container elementor-column-gap-no\">\n\t\t\t\t\t<div class=\"elementor-column elementor-col-50 elementor-top-column elementor-element elementor-element-2c72dcdd\"   data-id=\"2c72dcdd\"  data-element_type=\"column\">\n\t\t\t<div class=\"elementor-widget-wrap elementor-element-populated\">\n\t\t\t\t\t\t<div class=\"elementor-element elementor-element-3042a717 elementor-widget__width-auto elementor-widget-divider--view-line elementor-widget elementor-widget-divider\"   data-id=\"3042a717\"   data-element_type=\"widget\" data-widget_type=\"divider.default\">\n\t\t\t\t<div class=\"elementor-widget-container\">\n\t\t\t\t\t<div class=\"elementor-divider\">\n\t\t\t<span class=\"elementor-divider-separator\">\n\t\t\t\t\t\t<\/span>\n\t\t<\/div>\n\t\t\t\t<\/div>\n\t\t\t\t<\/div>\n\t\t\t\t<div class=\"elementor-element elementor-element-54e26580 elementor-widget elementor-widget-heading\"   data-id=\"54e26580\"   data-element_type=\"widget\"   data-widget_type=\"heading.default\">\n\t\t\t\t<div class=\"elementor-widget-container\">\n\t\t\t<h2 class=\"elementor-heading-title elementor-size-default\">Ein Familienunternehmen<\/h2>\t\t<\/div>\n\t\t\t\t<\/div>\n\t\t\t\t<div class=\"elementor-element elementor-element-1d644c19 elementor-widget elementor-widget-text-editor\"   data-id=\"1d644c19\"   data-element_type=\"widget\"   data-widget_type=\"text-editor.default\">\n\t\t\t\t<div class=\"elementor-widget-container\">\n\t\t\t\t\t\t\t<p>Als Eltern von kleinen Kindern wissen wir, wie es ist, die Kinder jeden Tag von zu Hause zur Schule und zu au\u00dferschulischen Aktivit\u00e4ten zu bringen. Wir haben eine Reihe von Fahrr\u00e4dern entwickelt, um dieses Problem zu l\u00f6sen - und das mit Stil. Wir verkaufen unser Produkt nicht nur, wir benutzen es auch t\u00e4glich. Mit dieser Erfahrung wissen wir, was bei einem gro\u00dfartigen Familienfahrrad wichtig ist.\u00a0<\/p>\t\t\t\t\t\t<\/div>\n\t\t\t\t<\/div>\n\t\t\t\t\t<\/div>\n\t\t<\/div>\n\t\t\t\t<div class=\"elementor-column elementor-col-50 elementor-top-column elementor-element elementor-element-46e14e27\"   data-id=\"46e14e27\"   data-element_type=\"column\">\n\t\t\t<div class=\"elementor-widget-wrap elementor-element-populated\">\n\t\t\t\t\t\t<div class=\"elementor-element elementor-element-a035969 elementor-widget elementor-widget-image\"   data-id=\"a035969\"   data-element_type=\"widget\"  data-widget_type=\"image.default\">\n\t\t\t\t<div class=\"elementor-widget-container\">\n\t\t\t\t\t\t\t\t\t\t\t\t\t<img fetchpriority=\"high\"   decoding=\"async\"   width=\"1024\"   height=\"682\"   src=\"https:\/\/babike.de\/wp-content\/uploads\/2021\/01\/people-discussion-meeting-discussion-5069845-1024x682.jpg\"   class=\"attachment-large size-large wp-image-4285\"   alt=\"people discussion, meeting, discussion\"   srcset=\"https:\/\/babike.de\/wp-content\/uploads\/2021\/01\/people-discussion-meeting-discussion-5069845-1024x682.jpg 1024w, https:\/\/babike.de\/wp-content\/uploads\/2021\/01\/people-discussion-meeting-discussion-5069845-300x200.jpg 300w, https:\/\/babike.de\/wp-content\/uploads\/2021\/01\/people-discussion-meeting-discussion-5069845-768x512.jpg 768w, https:\/\/babike.de\/wp-content\/uploads\/2021\/01\/people-discussion-meeting-discussion-5069845-16x12.jpg 16w, https:\/\/babike.de\/wp-content\/uploads\/2021\/01\/people-discussion-meeting-discussion-5069845-800x533.jpg 800w, https:\/\/babike.de\/wp-content\/uploads\/2021\/01\/people-discussion-meeting-discussion-5069845.jpg 1280w\"  sizes=\"(max-width: 1024px) 100vw, 1024px\" \/>\t\t\t\t\t\t\t\t\t\t\t\t\t<\/div>\n\t\t\t\t<\/div>\n\t\t\t\t\t<\/div>\n\t\t<\/div>\n\t\t\t\t\t<\/div>\n\t\t<\/section>\n\t\t\t\t<section class=\"elementor-section elementor-top-section elementor-element elementor-element-ea8f96f elementor-section-content-middle elementor-section-boxed elementor-section-height-default elementor-section-height-default\"   data-id=\"ea8f96f\"   data-element_type=\"section\"   data-settings=\"{&quot;background_background&quot;:&quot;classic&quot;}\">\n\t\t\t\t\t\t<div class=\"elementor-container elementor-column-gap-no\">\n\t\t\t\t\t<div class=\"elementor-column elementor-col-50 elementor-top-column elementor-element elementor-element-084e4de\"   data-id=\"084e4de\" data-element_type=\"column\">\n\t\t\t<div class=\"elementor-widget-wrap elementor-element-populated\">\n\t\t\t\t\t\t<div class=\"elementor-element elementor-element-602a86e elementor-widget elementor-widget-image\"   data-id=\"602a86e\"   data-element_type=\"widget\" data-widget_type=\"image.default\">\n\t\t\t\t<div class=\"elementor-widget-container\">\n\t\t\t\t\t\t\t\t\t\t\t\t\t<img decoding=\"async\"   width=\"1024\"   height=\"438\"   src=\"https:\/\/babike.de\/wp-content\/uploads\/2021\/01\/nut-screw-the-industry-1972445-1024x438.jpg\"   class=\"attachment-large size-large wp-image-4292\"   alt=\"nut, screw, the industry\"   srcset=\"https:\/\/babike.de\/wp-content\/uploads\/2021\/01\/nut-screw-the-industry-1972445-1024x438.jpg 1024w, https:\/\/babike.de\/wp-content\/uploads\/2021\/01\/nut-screw-the-industry-1972445-300x128.jpg 300w, https:\/\/babike.de\/wp-content\/uploads\/2021\/01\/nut-screw-the-industry-1972445-768x329.jpg 768w, https:\/\/babike.de\/wp-content\/uploads\/2021\/01\/nut-screw-the-industry-1972445-16x7.jpg 16w, https:\/\/babike.de\/wp-content\/uploads\/2021\/01\/nut-screw-the-industry-1972445-800x343.jpg 800w, https:\/\/babike.de\/wp-content\/uploads\/2021\/01\/nut-screw-the-industry-1972445.jpg 1280w\"  sizes=\"(max-width: 1024px) 100vw, 1024px\" \/>\t\t\t\t\t\t\t\t\t\t\t\t\t<\/div>\n\t\t\t\t<\/div>\n\t\t\t\t\t<\/div>\n\t\t<\/div>\n\t\t\t\t<div class=\"elementor-column elementor-col-50 elementor-top-column elementor-element elementor-element-f41ec93\"   data-id=\"f41ec93\"   data-element_type=\"column\">\n\t\t\t<div class=\"elementor-widget-wrap elementor-element-populated\">\n\t\t\t\t\t\t<div class=\"elementor-element elementor-element-3fc7c44 elementor-widget__width-auto elementor-widget-divider--view-line elementor-widget elementor-widget-divider\"   data-id=\"3fc7c44\"   data-element_type=\"widget\"   data-widget_type=\"divider.default\">\n\t\t\t\t<div class=\"elementor-widget-container\">\n\t\t\t\t\t<div class=\"elementor-divider\">\n\t\t\t<span class=\"elementor-divider-separator\">\n\t\t\t\t\t\t<\/span>\n\t\t<\/div>\n\t\t\t\t<\/div>\n\t\t\t\t<\/div>\n\t\t\t\t<div class=\"elementor-element elementor-element-9e6514a elementor-widget elementor-widget-heading\"   data-id=\"9e6514a\"   data-element_type=\"widget\"   data-widget_type=\"heading.default\">\n\t\t\t\t<div class=\"elementor-widget-container\">\n\t\t\t<h2 class=\"elementor-heading-title elementor-size-default\">Ein Qualit\u00e4tsprodukt<\/h2>\t\t<\/div>\n\t\t\t\t<\/div>\n\t\t\t\t<div class=\"elementor-element elementor-element-63db0d8 elementor-widget elementor-widget-text-editor\"   data-id=\"63db0d8\"   data-element_type=\"widget\"   data-widget_type=\"text-editor.default\">\n\t\t\t\t<div class=\"elementor-widget-container\">\n\t\t\t\t\t\t\t<p><span style=\"font-size: 15px; font-style: normal; font-weight: 400; background-color: #f9fafa;\">Wir haben uns verpflichtet, ein Qualit\u00e4tsfahrrad herzustellen. Wir kennen den Druck, den Kinder mit sich bringen, und wissen, wie wichtig ein zuverl\u00e4ssiges Fahrzeug ist. Wir haben uns vorgenommen, ein Fahrrad zu bauen, das in schwierigem Gel\u00e4nde und unter schwierigen Wetterbedingungen gefahren werden kann und dem t\u00e4glichen Einsatz mehrerer Kinder standh\u00e4lt.&nbsp;<\/span><\/p>\t\t\t\t\t\t<\/div>\n\t\t\t\t<\/div>\n\t\t\t\t\t<\/div>\n\t\t<\/div>\n\t\t\t\t\t<\/div>\n\t\t<\/section>\n\t\t\t\t<section class=\"elementor-section elementor-top-section elementor-element elementor-element-346d754 elementor-section-content-middle elementor-section-boxed elementor-section-height-default elementor-section-height-default\"   data-id=\"346d754\"   data-element_type=\"section\"   data-settings=\"{&quot;background_background&quot;:&quot;classic&quot;}\">\n\t\t\t\t\t\t<div class=\"elementor-container elementor-column-gap-no\">\n\t\t\t\t\t<div class=\"elementor-column elementor-col-50 elementor-top-column elementor-element elementor-element-b295923\"   data-id=\"b295923\" data-element_type=\"column\">\n\t\t\t<div class=\"elementor-widget-wrap elementor-element-populated\">\n\t\t\t\t\t\t<div class=\"elementor-element elementor-element-3d332f7 elementor-widget__width-auto elementor-widget-divider--view-line elementor-widget elementor-widget-divider\"   data-id=\"3d332f7\"  data-element_type=\"widget\" data-widget_type=\"divider.default\">\n\t\t\t\t<div class=\"elementor-widget-container\">\n\t\t\t\t\t<div class=\"elementor-divider\">\n\t\t\t<span class=\"elementor-divider-separator\">\n\t\t\t\t\t\t<\/span>\n\t\t<\/div>\n\t\t\t\t<\/div>\n\t\t\t\t<\/div>\n\t\t\t\t<div class=\"elementor-element elementor-element-eb3376c elementor-widget elementor-widget-heading\"   data-id=\"eb3376c\"   data-element_type=\"widget\"   data-widget_type=\"heading.default\">\n\t\t\t\t<div class=\"elementor-widget-container\">\n\t\t\t<h2 class=\"elementor-heading-title elementor-size-default\">Helfen Sie uns, St\u00e4dte gr\u00fcner zu machen.<\/h2>\t\t<\/div>\n\t\t\t\t<\/div>\n\t\t\t\t<div class=\"elementor-element elementor-element-f182ba4 elementor-widget elementor-widget-text-editor\"   data-id=\"f182ba4\"   data-element_type=\"widget\"   data-widget_type=\"text-editor.default\">\n\t\t\t\t<div class=\"elementor-widget-container\">\n\t\t\t\t\t\t\t<p><span style=\"font-size: 15px; font-style: normal; font-weight: 400; background-color: #f9fafa;\" >Familienr\u00e4der erm\u00f6glichen es jungen Familien, ihren \u00f6kologischen Fu\u00dfabdruck zu reduzieren und dabei Spa\u00df zu haben. Unser durchschnittlicher Kunde f\u00e4hrt jedes Jahr \u00fcber 1000 km mit seinem Familienrad. Und jeden Monat kommen mehr dazu!\u00a0\u00a0<\/span><span style=\"background-color: #f9fafa; font-size: 15px; font-style: normal; font-weight: 400;\">\u00a0<\/span><\/p>\t\t\t\t\t\t<\/div>\n\t\t\t\t<\/div>\n\t\t\t\t\t<\/div>\n\t\t<\/div>\n\t\t\t\t<div class=\"elementor-column elementor-col-50 elementor-top-column elementor-element elementor-element-56f6aa9\"   data-id=\"56f6aa9\"   data-element_type=\"column\"   data-settings=\"{&quot;background_background&quot;:&quot;classic&quot;}\">\n\t\t\t<div class=\"elementor-widget-wrap elementor-element-populated\">\n\t\t\t\t\t\t<div class=\"elementor-element elementor-element-68ab6b9 elementor-widget elementor-widget-image\"   data-id=\"68ab6b9\"   data-element_type=\"widget\"  data-widget_type=\"image.default\">\n\t\t\t\t<div class=\"elementor-widget-container\">\n\t\t\t\t\t\t\t\t\t\t\t\t\t<img decoding=\"async\"   width=\"1024\"   height=\"682\"   src=\"https:\/\/babike.de\/wp-content\/uploads\/2021\/01\/landscape-trees-park-3076834-1024x682.jpg\"   class=\"attachment-large size-large wp-image-4293\"   alt=\"landscape, trees, park\"   srcset=\"https:\/\/babike.de\/wp-content\/uploads\/2021\/01\/landscape-trees-park-3076834-1024x682.jpg 1024w, https:\/\/babike.de\/wp-content\/uploads\/2021\/01\/landscape-trees-park-3076834-300x200.jpg 300w, https:\/\/babike.de\/wp-content\/uploads\/2021\/01\/landscape-trees-park-3076834-768x512.jpg 768w, https:\/\/babike.de\/wp-content\/uploads\/2021\/01\/landscape-trees-park-3076834-16x12.jpg 16w, https:\/\/babike.de\/wp-content\/uploads\/2021\/01\/landscape-trees-park-3076834-800x533.jpg 800w, https:\/\/babike.de\/wp-content\/uploads\/2021\/01\/landscape-trees-park-3076834.jpg 1280w\"  sizes=\"(max-width: 1024px) 100vw, 1024px\" \/>\t\t\t\t\t\t\t\t\t\t\t\t\t<\/div>\n\t\t\t\t<\/div>\n\t\t\t\t\t<\/div>\n\t\t<\/div>\n\t\t\t\t\t<\/div>\n\t\t<\/section>\n\t\t\t\t<section class=\"elementor-section elementor-top-section elementor-element elementor-element-a980e83 elementor-section-content-middle elementor-section-boxed elementor-section-height-default elementor-section-height-default\"   data-id=\"a980e83\"   data-element_type=\"section\"   data-settings=\"{&quot;background_background&quot;:&quot;classic&quot;}\">\n\t\t\t\t\t\t<div class=\"elementor-container elementor-column-gap-no\">\n\t\t\t\t\t<div class=\"elementor-column elementor-col-50 elementor-top-column elementor-element elementor-element-1ed7c3a\"   data-id=\"1ed7c3a\" data-element_type=\"column\">\n\t\t\t<div class=\"elementor-widget-wrap elementor-element-populated\">\n\t\t\t\t\t\t<div class=\"elementor-element elementor-element-2a52cd3 elementor-widget elementor-widget-image\"   data-id=\"2a52cd3\"  data-element_type=\"widget\" data-widget_type=\"image.default\">\n\t\t\t\t<div class=\"elementor-widget-container\">\n\t\t\t\t\t\t\t\t\t\t\t\t\t<img loading=\"lazy\"   decoding=\"async\"   width=\"1024\"   height=\"820\"   src=\"https:\/\/babike.de\/wp-content\/uploads\/2021\/01\/12-1024x820.jpg\"   class=\"attachment-large size-large wp-image-4443\"   alt=\"\"   srcset=\"https:\/\/babike.de\/wp-content\/uploads\/2021\/01\/12-1024x820.jpg 1024w, https:\/\/babike.de\/wp-content\/uploads\/2021\/01\/12-300x240.jpg 300w, https:\/\/babike.de\/wp-content\/uploads\/2021\/01\/12-768x615.jpg 768w, https:\/\/babike.de\/wp-content\/uploads\/2021\/01\/12-16x12.jpg 16w, https:\/\/babike.de\/wp-content\/uploads\/2021\/01\/12-800x641.jpg 800w, https:\/\/babike.de\/wp-content\/uploads\/2021\/01\/12.jpg 1298w\"  sizes=\"(max-width: 1024px) 100vw, 1024px\" \/>\t\t\t\t\t\t\t\t\t\t\t\t\t<\/div>\n\t\t\t\t<\/div>\n\t\t\t\t\t<\/div>\n\t\t<\/div>\n\t\t\t\t<div class=\"elementor-column elementor-col-50 elementor-top-column elementor-element elementor-element-8ee8337\"   data-id=\"8ee8337\"   data-element_type=\"column\">\n\t\t\t<div class=\"elementor-widget-wrap elementor-element-populated\">\n\t\t\t\t\t\t<div class=\"elementor-element elementor-element-de54bcf elementor-widget__width-auto elementor-widget-divider--view-line elementor-widget elementor-widget-divider\"   data-id=\"de54bcf\"   data-element_type=\"widget\"   data-widget_type=\"divider.default\">\n\t\t\t\t<div class=\"elementor-widget-container\">\n\t\t\t\t\t<div class=\"elementor-divider\">\n\t\t\t<span class=\"elementor-divider-separator\">\n\t\t\t\t\t\t<\/span>\n\t\t<\/div>\n\t\t\t\t<\/div>\n\t\t\t\t<\/div>\n\t\t\t\t<div class=\"elementor-element elementor-element-c60b7d2 elementor-widget elementor-widget-heading\"   data-id=\"c60b7d2\"   data-element_type=\"widget\"   data-widget_type=\"heading.default\">\n\t\t\t\t<div class=\"elementor-widget-container\">\n\t\t\t<h2 class=\"elementor-heading-title elementor-size-default\">Die Stadt ist gerade kleiner geworden<\/h2>\t\t<\/div>\n\t\t\t\t<\/div>\n\t\t\t\t<div class=\"elementor-element elementor-element-f330d9d elementor-widget elementor-widget-text-editor\"   data-id=\"f330d9d\"   data-element_type=\"widget\"   data-widget_type=\"text-editor.default\">\n\t\t\t\t<div class=\"elementor-widget-container\">\n\t\t\t\t\t\t\t<p><span style=\"background-color: #f9fafa; font-size: 15px; font-style: normal; font-weight: 400;\">For a young family it can be hard to get around. A family bike multiplies your autonomy.\u00a0 Whether you use it to pick up children or go shopping, its weight and convenient size allows you to find a place to park anywhere.\u00a0<\/span><\/p>\t\t\t\t\t\t<\/div>\n\t\t\t\t<\/div>\n\t\t\t\t\t<\/div>\n\t\t<\/div>\n\t\t\t\t\t<\/div>\n\t\t<\/section>\n\t\t\t\t<section class=\"elementor-section elementor-top-section elementor-element elementor-element-b809956 elementor-section-content-middle elementor-section-boxed elementor-section-height-default elementor-section-height-default\"   data-id=\"b809956\"   data-element_type=\"section\"   data-settings=\"{&quot;background_background&quot;:&quot;classic&quot;}\">\n\t\t\t\t\t\t<div class=\"elementor-container elementor-column-gap-default\">\n\t\t\t\t\t<div class=\"elementor-column elementor-col-25 elementor-top-column elementor-element elementor-element-9c2a401\"   data-id=\"9c2a401\" data-element_type=\"column\">\n\t\t\t<div class=\"elementor-widget-wrap elementor-element-populated\">\n\t\t\t\t\t\t<div class=\"elementor-element elementor-element-fb387d4 elementor-view-default elementor-widget elementor-widget-icon\"   data-id=\"fb387d4\"  data-element_type=\"widget\" data-widget_type=\"icon.default\">\n\t\t\t\t<div class=\"elementor-widget-container\">\n\t\t\t\t\t<div class=\"elementor-icon-wrapper\">\n\t\t\t<div class=\"elementor-icon\">\n\t\t\t<i aria-hidden=\"true\"  class=\"fas fa-quote-left\"><\/i>\t\t\t<\/div>\n\t\t<\/div>\n\t\t\t\t<\/div>\n\t\t\t\t<\/div>\n\t\t\t\t\t<\/div>\n\t\t<\/div>\n\t\t\t\t<div class=\"elementor-column elementor-col-50 elementor-top-column elementor-element elementor-element-39dd263\"   data-id=\"39dd263\"   data-element_type=\"column\">\n\t\t\t<div class=\"elementor-widget-wrap elementor-element-populated\">\n\t\t\t\t\t\t<div class=\"elementor-element elementor-element-4638c57 elementor-widget elementor-widget-heading\"   data-id=\"4638c57\"   data-element_type=\"widget\"   data-widget_type=\"heading.default\">\n\t\t\t\t<div class=\"elementor-widget-container\">\n\t\t\t<h3 class=\"elementor-heading-title elementor-size-medium\">High-End-Produktqualit\u00e4t, wettbewerbsf\u00e4higer Preis und perfekter After-Sales-Service sind die Gr\u00fcnde, warum Sie sich f\u00fcr uns entschieden haben<\/h3>\t\t<\/div>\n\t\t\t\t<\/div>\n\t\t\t\t\t<\/div>\n\t\t<\/div>\n\t\t\t\t<div class=\"elementor-column elementor-col-25 elementor-top-column elementor-element elementor-element-455aebc\"   data-id=\"455aebc\"   data-element_type=\"column\">\n\t\t\t<div class=\"elementor-widget-wrap elementor-element-populated\">\n\t\t\t\t\t\t<div class=\"elementor-element elementor-element-9fdbc6f elementor-view-default elementor-widget elementor-widget-icon\"   data-id=\"9fdbc6f\"   data-element_type=\"widget\"  data-widget_type=\"icon.default\">\n\t\t\t\t<div class=\"elementor-widget-container\">\n\t\t\t\t\t<div class=\"elementor-icon-wrapper\">\n\t\t\t<div class=\"elementor-icon\" >\n\t\t\t<i aria-hidden=\"true\"   class=\"fas fa-quote-right\"><\/i>\t\t\t<\/div>\n\t\t<\/div>\n\t\t\t\t<\/div>\n\t\t\t\t<\/div>\n\t\t\t\t\t<\/div>\n\t\t<\/div>\n\t\t\t\t\t<\/div>\n\t\t<\/section>\n\t\t\t\t<\/div>","protected":false},"excerpt":{"rendered":"<p>A Few Words About WHY US We are a quality-focused bike manufacturer that specializes in family bikes. Keith Keller Why us A family company As parents of young kids we know what it&#8217;s like to move kids from home to school to extracurriculars every day. We designed a series of bikes to solve this problem &hellip;<\/p>\n<p class=\"read-more\"> <a class=\"\"   href=\"https:\/\/babike.de\/de\/why\/\"> <span class=\"screen-reader-text\">Elementor #why us<\/span> Weiterlesen &raquo;<\/a><\/p>","protected":false},"author":1,"featured_media":0,"parent":0,"menu_order":0,"comment_status":"closed","ping_status":"closed","template":"","meta":[],"_links":{"self":[{"href":"https:\/\/babike.de\/de\/wp-json\/wp\/v2\/pages\/2985"}],"collection":[{"href":"https:\/\/babike.de\/de\/wp-json\/wp\/v2\/pages"}],"about":[{"href":"https:\/\/babike.de\/de\/wp-json\/wp\/v2\/types\/page"}],"author":[{"embeddable":true,"href":"https:\/\/babike.de\/de\/wp-json\/wp\/v2\/users\/1"}],"replies":[{"embeddable":true,"href":"https:\/\/babike.de\/de\/wp-json\/wp\/v2\/comments?post=2985"}],"version-history":[{"count":5,"href":"https:\/\/babike.de\/de\/wp-json\/wp\/v2\/pages\/2985\/revisions"}],"predecessor-version":[{"id":4719,"href":"https:\/\/babike.de\/de\/wp-json\/wp\/v2\/pages\/2985\/revisions\/4719"}],"wp:attachment":[{"href":"https:\/\/babike.de\/de\/wp-json\/wp\/v2\/media?parent=2985"}],"curies":[{"name":"wp","href":"https:\/\/api.w.org\/{rel}","templated":true}]}}