{"id":2952,"date":"2020-12-07T13:52:40","date_gmt":"2020-12-07T13:52:40","guid":{"rendered":"https:\/\/babike.de\/?page_id=2952"},"modified":"2022-10-24T08:10:16","modified_gmt":"2022-10-24T08:10:16","slug":"data-protection","status":"publish","type":"page","link":"https:\/\/babike.de\/de\/data-protection\/","title":{"rendered":"Elementor #data protection"},"content":{"rendered":"<div data-elementor-type=\"wp-page\"  data-elementor-id=\"2952\"  class=\"elementor elementor-2952\">\n\t\t\t\t\t\t<section class=\"elementor-section elementor-top-section elementor-element elementor-element-7d439393 elementor-section-boxed elementor-section-height-default elementor-section-height-default\"   data-id=\"7d439393\"   data-element_type=\"section\"  data-settings=\"{&quot;background_background&quot;:&quot;classic&quot;}\">\n\t\t\t\t\t\t\t<div class=\"elementor-background-overlay\"><\/div>\n\t\t\t\t\t\t\t<div class=\"elementor-container elementor-column-gap-no\">\n\t\t\t\t\t<div class=\"elementor-column elementor-col-100 elementor-top-column elementor-element elementor-element-3474ac6a\"   data-id=\"3474ac6a\"  data-element_type=\"column\">\n\t\t\t<div class=\"elementor-widget-wrap elementor-element-populated\">\n\t\t\t\t\t\t<div class=\"elementor-element elementor-element-6b06d837 elementor-widget elementor-widget-heading\"   data-id=\"6b06d837\"   data-element_type=\"widget\"  data-widget_type=\"heading.default\">\n\t\t\t\t<div class=\"elementor-widget-container\">\n\t\t\t<h6 class=\"elementor-heading-title elementor-size-default\">ERFAHREN SIE MEHR \u00dcBER UNSEREN<\/h6>\t\t<\/div>\n\t\t\t\t<\/div>\n\t\t\t\t<div class=\"elementor-element elementor-element-7b415e3 elementor-widget elementor-widget-heading\"   data-id=\"7b415e3\"   data-element_type=\"widget\"   data-widget_type=\"heading.default\">\n\t\t\t\t<div class=\"elementor-widget-container\">\n\t\t\t<h1 class=\"elementor-heading-title elementor-size-default\">DATENSCHUTZ<\/h1>\t\t<\/div>\n\t\t\t\t<\/div>\n\t\t\t\t<div class=\"elementor-element elementor-element-6add383c elementor-widget-divider--view-line elementor-widget elementor-widget-divider\"   data-id=\"6add383c\"   data-element_type=\"widget\"   data-widget_type=\"divider.default\">\n\t\t\t\t<div class=\"elementor-widget-container\">\n\t\t\t\t\t<div class=\"elementor-divider\">\n\t\t\t<span class=\"elementor-divider-separator\">\n\t\t\t\t\t\t<\/span>\n\t\t<\/div>\n\t\t\t\t<\/div>\n\t\t\t\t<\/div>\n\t\t\t\t\t<\/div>\n\t\t<\/div>\n\t\t\t\t\t<\/div>\n\t\t<\/section>\n\t\t\t\t<section class=\"elementor-section elementor-top-section elementor-element elementor-element-70f8e6d2 elementor-section-full_width elementor-section-height-default elementor-section-height-default\"   data-id=\"70f8e6d2\"   data-element_type=\"section\">\n\t\t\t\t\t\t<div class=\"elementor-container elementor-column-gap-no\">\n\t\t\t\t\t<div class=\"elementor-column elementor-col-100 elementor-top-column elementor-element elementor-element-33a9577\"   data-id=\"33a9577\"  data-element_type=\"column\">\n\t\t\t<div class=\"elementor-widget-wrap elementor-element-populated\">\n\t\t\t\t\t\t<div class=\"elementor-element elementor-element-2e857e86 elementor-widget elementor-widget-heading\"   data-id=\"2e857e86\"  data-element_type=\"widget\" data-widget_type=\"heading.default\">\n\t\t\t\t<div class=\"elementor-widget-container\">\n\t\t\t<span class=\"elementor-heading-title elementor-size-default\">Keith Keller<\/span>\t\t<\/div>\n\t\t\t\t<\/div>\n\t\t\t\t\t<\/div>\n\t\t<\/div>\n\t\t\t\t\t<\/div>\n\t\t<\/section>\n\t\t\t\t<section class=\"elementor-section elementor-top-section elementor-element elementor-element-6cdfd365 elementor-section-full_width elementor-section-height-default elementor-section-height-default\"   data-id=\"6cdfd365\"   data-element_type=\"section\"   data-settings=\"{&quot;background_background&quot;:&quot;classic&quot;}\">\n\t\t\t\t\t\t<div class=\"elementor-container elementor-column-gap-default\">\n\t\t\t\t\t<div class=\"elementor-column elementor-col-100 elementor-top-column elementor-element elementor-element-6c6b93a\"   data-id=\"6c6b93a\"   data-element_type=\"column\"   data-settings=\"{&quot;background_background&quot;:&quot;classic&quot;}\">\n\t\t\t<div class=\"elementor-widget-wrap elementor-element-populated\">\n\t\t\t\t\t\t<div class=\"elementor-element elementor-element-78d9b63e elementor-widget elementor-widget-heading\"   data-id=\"78d9b63e\"  data-element_type=\"widget\" data-widget_type=\"heading.default\">\n\t\t\t\t<div class=\"elementor-widget-container\" >\n\t\t\t<h2 class=\"elementor-heading-title elementor-size-large\">Wer ist f\u00fcr die Datenverarbeitungsvorg\u00e4nge verantwortlich?<\/h2>\t\t<\/div>\n\t\t\t\t<\/div>\n\t\t\t\t<div class=\"elementor-element elementor-element-4a8c78a2 elementor-widget elementor-widget-text-editor\"   data-id=\"4a8c78a2\"   data-element_type=\"widget\"   data-widget_type=\"text-editor.default\">\n\t\t\t\t<div class=\"elementor-widget-container\">\n\t\t\t\t\t\t\t<p>Verantwortlich f\u00fcr die Verarbeitung Ihrer personenbezogenen Daten im Sinne der EU-Datenschutzgrundverordnung ist die B&A Global GmbH mit Sitz in der Wiesenstra\u00dfe 21 a, 40549 D\u00fcsseldorf.<\/p>\t\t\t\t\t\t<\/div>\n\t\t\t\t<\/div>\n\t\t\t\t\t<\/div>\n\t\t<\/div>\n\t\t\t\t\t<\/div>\n\t\t<\/section>\n\t\t\t\t<section class=\"elementor-section elementor-top-section elementor-element elementor-element-ef4fff6 elementor-section-boxed elementor-section-height-default elementor-section-height-default\"   data-id=\"ef4fff6\"   data-element_type=\"section\">\n\t\t\t\t\t\t<div class=\"elementor-container elementor-column-gap-default\">\n\t\t\t\t\t<div class=\"elementor-column elementor-col-100 elementor-top-column elementor-element elementor-element-bdef1a2\"   data-id=\"bdef1a2\"  data-element_type=\"column\">\n\t\t\t<div class=\"elementor-widget-wrap elementor-element-populated\">\n\t\t\t\t\t\t<div class=\"elementor-element elementor-element-9a3eb04 elementor-widget elementor-widget-heading\"   data-id=\"9a3eb04\"   data-element_type=\"widget\" data-widget_type=\"heading.default\">\n\t\t\t\t<div class=\"elementor-widget-container\">\n\t\t\t<span class=\"elementor-heading-title elementor-size-default\">Datenschutz<\/span>\t\t<\/div>\n\t\t\t\t<\/div>\n\t\t\t\t\t<\/div>\n\t\t<\/div>\n\t\t\t\t\t<\/div>\n\t\t<\/section>\n\t\t\t\t<section class=\"elementor-section elementor-top-section elementor-element elementor-element-f663518 elementor-section-boxed elementor-section-height-default elementor-section-height-default\"   data-id=\"f663518\"   data-element_type=\"section\">\n\t\t\t\t\t\t<div class=\"elementor-container elementor-column-gap-default\">\n\t\t\t\t\t<div class=\"elementor-column elementor-col-100 elementor-top-column elementor-element elementor-element-da453d4\"   data-id=\"da453d4\"  data-element_type=\"column\">\n\t\t\t<div class=\"elementor-widget-wrap elementor-element-populated\">\n\t\t\t\t\t\t<div class=\"elementor-element elementor-element-bbdb6b1 elementor-widget elementor-widget-text-editor\"   data-id=\"bbdb6b1\"  data-element_type=\"widget\" data-widget_type=\"text-editor.default\">\n\t\t\t\t<div class=\"elementor-widget-container\">\n\t\t\t\t\t\t\t<p><strong>Wann erheben und verarbeiten wir personenbezogene Daten?<\/strong><\/p>\n<p>Wir erheben und verarbeiten Ihre personenbezogenen Daten unter anderem in den folgenden F\u00e4llen:<\/p>\n<ul>\n<li>Wenn Sie direkt mit uns Kontakt aufnehmen, z.B. \u00fcber unsere Website, \u00fcber unseren Customer Care oder unsere H\u00e4ndler, und sich z.B. f\u00fcr unsere Produkte oder Dienstleistungen interessieren oder ein sonstiges Anliegen haben.<\/li>\n<li>Wenn Sie sich auf unserer Website anmelden, unsere Produkte auf unserer Website kaufen, ein Angebot oder eine Dienstleistung per E-Mail, Telefon, Social Media, Mobiltelefon usw. anfordern.<\/li>\n<li>Wenn Sie uns bitten, Ihre Waren zu Ihnen zu liefern.<\/li>\n<\/ul>\n<p><strong>Welche Daten k\u00f6nnen \u00fcber Sie gesammelt werden?<\/strong><\/p>\n<p>Die folgenden Kategorien personenbezogener Daten k\u00f6nnen \u00fcber die zahlreichen in dieser Datenschutzinformation beschriebenen Dienste und Kontaktkan\u00e4le erhoben werden:<\/p>\n<ul>\n<li>Kontaktdaten:\u00a0Name, Adresse, Telefonnummer, E-Mail Adresse.<\/li>\n<li>Sonstige personenbezogene Daten:\u00a0IP-Adresse, Seriennummer, Browser-Sprachversion, Browser-Version.<\/li>\n<li>Nutzung von Websites und Kommunikation:\u00a0Informationen dar\u00fcber, wie Sie die Website nutzen, einschlie\u00dflich Daten, die \u00fcber Cookies und andere Tracking-Technologien gesammelt werden. Weitere Informationen hierzu erhalten Sie  in unseren<a href=\"https:\/\/babike.de\/de\/we-use-cookies\/\" target=\"_blank\" rel=\"noopener\"> Cookie Richtlinien<\/a><\/li>\n<\/ul>\n<p><strong>Warum m\u00fcssen wir Ihre Daten sammeln?<\/strong><\/p>\n<p>Die im Rahmen des Vertragsschlusses oder der Leistungserbringung erhobenen Daten werden zu den nachfolgend genannten Zwecken verarbeitet. <\/p>\n<ol>\n<li><strong> Kundenbetreuung&nbsp;<\/strong><\/li>\n<\/ol>\n<ul>\n<li>Gem\u00e4\u00df (Artikel 6 Absatz 1 b, g, f) der EU-Datenschutzgrundverordnung),<br>Wir verwenden Ihre personenbezogenen Daten, um Ihre Anfrage zu bearbeiten. Wir kontaktieren Sie ohne gesonderte Einwilligung z. B. schriftlich, telefonisch, per Messenger-Dienst oder per E-Mail, je nachdem, welche Kontaktdaten Sie angegeben haben.<\/li>\n<li>Wir verarbeiten Ihre personenbezogenen Daten auch, um Ihre Erfahrungen mit unserem Customer Care zu optimieren, z.B. um Sie bei einer Kontaktaufnahme mit uns korrekt zu identifizieren.<\/li>\n<\/ul>\n<ol start=\"2\">\n<li><strong> Einhaltung der gesetzlichen Verpflichtungen <\/strong><\/li>\n<\/ol>\n<ul>\n<li>Gem\u00e4\u00df (Artikel 6, Absatz 1 c, f) der EU-Datenschutzgrundverordnung)<br>Wir werden personenbezogene Daten auch dann verarbeiten, wenn eine gesetzliche Verpflichtung dazu besteht.<\/li>\n<li>Wir verarbeiten Ihre Daten auch im Falle von Rechtsstreitigkeiten; wenn die Rechtsstreitigkeit die Verarbeitung der Daten erforderlich macht.<\/li>\n<\/ul>\n<p><strong>&nbsp;<\/strong><\/p>\n<ol start=\"3\">\n<li><strong> Daten\u00fcbertragung an ausgew\u00e4hlte Dritte<br><\/strong>Die Daten werden u.a. an folgende Unternehmen weitergegeben, wenn und soweit die daf\u00fcr notwendigen datenschutzrechtlichen Voraussetzungen erf\u00fcllt sind:<\/li>\n<\/ol>\n<ul>\n<li>An ein Logistikunternehmen f\u00fcr Ihren Versand.<\/li>\n<li>An H\u00e4ndler.<\/li>\n<li>Zur Produktionsst\u00e4tte.<\/li>\n<li>An sonstige Dritte (z.B. Beh\u00f6rden), soweit wir hierzu gesetzlich verpflichtet sind.<\/li>\n<\/ul>\n<p><strong>Wie sch\u00fctzen wir Ihre pers\u00f6nlichen Daten?<\/strong><\/p>\n<p>Wir setzen verschiedene Sicherheitsma\u00dfnahmen wie Verschl\u00fcsselungs- und Authentifizierungstools ein, um die Sicherheit, Integrit\u00e4t und Verf\u00fcgbarkeit Ihrer Daten zu sch\u00fctzen und zu erhalten.<\/p>\n<p>Wir bem\u00fchen uns, Ihre personenbezogenen Daten im Rahmen der geltenden Datenschutzbestimmungen durch physische, elektronische und prozessorientierte Sicherheitsvorkehrungen nach dem aktuellen Stand der Technik zu sch\u00fctzen. Unter anderem setzen wir die folgenden Ma\u00dfnahmen ein:<\/p>\n<ul>\n<li>Strenge Kriterien f\u00fcr die Berechtigung zum Zugriff auf Ihre Daten nach dem \"Need-to-know-Prinzip\" und ausschlie\u00dflich f\u00fcr den angegebenen Zweck.<\/li>\n<li>\u00dcbertragung der erfassten Daten ausschlie\u00dflich in verschl\u00fcsselter Form.<\/li>\n<li>Speicherung von vertraulichen Daten, ausschlie\u00dflich in verschl\u00fcsselter Form.<\/li>\n<li>Permanente \u00dcberwachung der Zugriffe auf IT-Systeme, um den Missbrauch von personenbezogenen Daten zu erkennen und zu verhindern.<\/li>\n<\/ul>\n<p><strong>Wie lange bewahren wir Ihre Daten auf?<\/strong><\/p>\n<p>Gem\u00e4\u00df Artikel 17 der EU-Datenschutzgrundverordnung speichern wir Ihre Daten nur so lange, wie es f\u00fcr die jeweiligen Zwecke, f\u00fcr die wir Ihre Daten verarbeiten, erforderlich ist.<\/p>\n<p>Um sicherzustellen, dass alle Ihre Daten im Sinne des Prinzips der Datenminimierung und des Artikels 17 der EU-Datenschutzgrundverordnung gel\u00f6scht werden, haben wir ein internes L\u00f6schkonzept erstellt. Die Grunds\u00e4tze, nach denen dieses L\u00f6schkonzept die L\u00f6schung Ihrer personenbezogenen Daten vorsieht, sind im Folgenden beschrieben.<\/p>\n<p><strong>Verwendung zur Einhaltung eines Vertrages<br><\/strong>Zur Erf\u00fcllung vertraglicher Verpflichtungen k\u00f6nnen von Ihnen erhobene Daten f\u00fcr die Dauer des Vertragsverh\u00e4ltnisses und - je nach Art und Umfang des Vertragsverh\u00e4ltnisses - f\u00fcr 2 Jahre dar\u00fcber hinaus aufbewahrt werden, um die gesetzlichen Aufbewahrungspflichten zu erf\u00fcllen und die Kl\u00e4rung von R\u00fcckfragen oder Anspr\u00fcchen nach Vertragsende zu gew\u00e4hrleisten.<\/p>\n<p><strong>Verwendung f\u00fcr die Bewertung von Anspr\u00fcchen<br><\/strong>Daten, die nach unserer Auffassung zur Beurteilung und Abwehr von Anspr\u00fcchen gegen uns oder zur Einleitung eines Strafverfahrens oder zur Geltendmachung von Anspr\u00fcchen gegen Sie, uns oder Dritte erforderlich sind, k\u00f6nnen von uns so lange aufbewahrt werden, wie entsprechende Verfahren eingeleitet werden k\u00f6nnten.<\/p>\n<p><strong>Verwendung f\u00fcr die Kundenbetreuung<br><\/strong>F\u00fcr die Kundenbetreuung k\u00f6nnen die von Ihnen erhobenen Daten 2 Jahre lang aufbewahrt werden, es sei denn, Sie w\u00fcnschen die L\u00f6schung dieser Daten und es bestehen keine vertraglichen oder gesetzlichen Aufbewahrungspflichten, die diesem L\u00f6schungsverlangen entgegenstehen.<\/p>\n<p><\/p>\n<p><strong>Kontakt mit uns, Ihre Datenschutzrechte und Ihr Beschwerderecht bei Datenschutzbeh\u00f6rden<\/strong><\/p>\n<p>Wenn Sie Fragen hinsichtlich der Verwendung Ihrer pers\u00f6nlichen Daten durch uns haben, wenden Sie sich bitte per E-Mail, Telefon oder Brief an uns.<\/p>\n<p>Als Betroffener der Verarbeitung Ihrer Daten k\u00f6nnen Sie aufgrund der EU-Datenschutzgrundverordnung und anderer einschl\u00e4giger datenschutzrechtlicher Vorschriften bestimmte Rechte gegen\u00fcber uns geltend machen. Im Folgenden finden Sie Erl\u00e4uterungen zu Ihren Rechten im Sinne der EU-Datenschutzgrundverordnung. Je nach Art und Umfang Ihrer Anfrage bitten wir Sie, die Anfrage schriftlich zu stellen.<\/p>\n<p><strong>Rechte der betroffenen Personen<br><\/strong>Entsprechend der EU-Datenschutzgrundverordnung haben Sie als Betroffener folgende Rechte:<\/p>\n<p><strong>Recht auf Information (Artikel 15 der EU-Datenschutzgrundverordnung):<br><\/strong>Sie k\u00f6nnen bei uns jederzeit Auskunft \u00fcber Ihre bei uns gespeicherten Daten verlangen. Diese Auskunft betrifft u.a. die Datenkategorien, die wir verarbeiten, zu welchen Zwecken wir sie verarbeiten, die Herkunft der Daten, falls wir sie nicht direkt von Ihnen erhalten haben und ggf. die Empf\u00e4nger, an die wir Ihre Daten \u00fcbermittelt haben. Sie k\u00f6nnen von uns unentgeltlich eine Kopie Ihrer Daten erhalten. Sollten Sie an weiteren Kopien interessiert sein, behalten wir uns vor, diese in Rechnung zu stellen.<\/p>\n<p><strong>Recht auf Berichtigung (Artikel 16 der EU-Datenschutzgrundverordnung):&nbsp;<br><\/strong>Sie k\u00f6nnen uns auffordern, Ihre Daten zu korrigieren. Wir werden geeignete Ma\u00dfnahmen ergreifen, um Ihre Daten, die wir fortlaufend verarbeiten, richtig, vollst\u00e4ndig und auf dem neuesten Stand zu halten, basierend auf den uns zur Verf\u00fcgung stehenden Informationen.<\/p>\n<p><strong>Recht auf L\u00f6schung (Artikel 17 der EU-Datenschutzgrundverordnung):<br><\/strong>Sie k\u00f6nnen verlangen, dass wir Ihre Daten l\u00f6schen, sofern die gesetzlichen Voraussetzungen erf\u00fcllt sind. Gem\u00e4\u00df Artikel 17 der EU-Datenschutzgrundverordnung kann dies der Fall sein, wenn:<\/p>\n<ul>\n<li>Die Daten werden nicht mehr f\u00fcr die Zwecke ben\u00f6tigt, f\u00fcr die sie erhoben oder anderweitig verarbeitet wurden<\/li>\n<li>Sie widerrufen Ihre Einwilligung, die die Grundlage der Datenverarbeitung ist, und es gibt keine andere Rechtsgrundlage f\u00fcr die Verarbeitung.<\/li>\n<li>Sie widersprechen der Verarbeitung Ihrer Daten und es liegen keine berechtigten Gr\u00fcnde f\u00fcr die Verarbeitung vor oder Sie widersprechen der Datenverarbeitung zum Zwecke der Direktwerbung.<\/li>\n<li>Die Daten wurden unrechtm\u00e4\u00dfig verarbeitet.<\/li>\n<\/ul>\n<p><strong>Recht auf Einschr\u00e4nkung der Verarbeitung (Artikel 18 der EU-Datenschutzgrundverordnung):<br><\/strong>Sie k\u00f6nnen verlangen, dass wir die Verarbeitung Ihrer Daten einschr\u00e4nken, wenn<\/p>\n<ul>\n<li>Sie die Richtigkeit der Daten bestreiten - f\u00fcr den Zeitraum, den wir zur \u00dcberpr\u00fcfung der Richtigkeit der Daten ben\u00f6tigen<\/li>\n<li>Die Verarbeitung ist rechtswidrig, aber Sie m\u00f6chten Ihre Daten nicht l\u00f6schen lassen und beantragen stattdessen eine Nutzungseinschr\u00e4nkung.<\/li>\n<li>Wir ben\u00f6tigen Ihre Daten nicht mehr, aber Sie ben\u00f6tigen sie zur Geltendmachung, Aus\u00fcbung oder Verteidigung von Rechtsanspr\u00fcchen.<\/li>\n<li>Sie haben Widerspruch gegen die Verarbeitung eingelegt, wobei noch nicht entschieden ist, ob unsere berechtigten Gr\u00fcnde die Ihren \u00fcberwiegen.<\/li>\n<\/ul>\n<p><strong>Recht auf Daten\u00fcbertragbarkeit (Artikel 20 der EU-Datenschutzgrundverordnung):<br><\/strong>Auf Ihr Verlangen werden wir Ihre Daten - soweit technisch m\u00f6glich - an eine andere verantwortliche Stelle \u00fcbermitteln. Dieses Recht gilt jedoch nur, wenn die Datenverarbeitung auf Ihrer Einwilligung beruht oder zur Erf\u00fcllung eines Vertrages erforderlich ist.<\/p>\n<p><strong>Widerspruchsrecht (Artikel 21 der EU-Datenschutzgrundverordnung):<br><\/strong>Sie k\u00f6nnen der Verarbeitung Ihrer Daten aus Gr\u00fcnden, die sich aus Ihrer besonderen Situation ergeben, jederzeit widersprechen, sofern die Datenverarbeitung auf Ihrer Einwilligung oder unserem berechtigten Interesse oder dem eines Dritten beruht. In diesem Fall werden wir Ihre Daten nicht mehr verarbeiten. Letzteres gilt nicht, wenn wir zwingende, schutzw\u00fcrdige Gr\u00fcnde f\u00fcr die Verarbeitung nachweisen k\u00f6nnen, die Ihre Interessen \u00fcberwiegen, oder wir Ihre Daten zur Geltendmachung, Aus\u00fcbung oder Verteidigung von Rechtsanspr\u00fcchen ben\u00f6tigen.<\/p>\n<p><strong>Fristen f\u00fcr die Einhaltung der Rechte der betroffenen Personen<br><\/strong>Grunds\u00e4tzlich bem\u00fchen wir uns, allen Anfragen innerhalb von 30 Tagen nachzukommen. Diese Frist kann jedoch aus Gr\u00fcnden, die mit den spezifischen Rechten der betroffenen Personen oder der Komplexit\u00e4t Ihrer Anfrage zusammenh\u00e4ngen, verl\u00e4ngert werden.<\/p>\n<p><strong>Einschr\u00e4nkung bei der Bereitstellung von Informationen \u00fcber die Rechte der betroffenen Personen<br><\/strong>In bestimmten Situationen k\u00f6nnen uns gesetzliche Vorgaben dazu verpflichten, nicht \u00fcber alle Ihre Daten Auskunft zu erteilen. Wenn wir Ihr Auskunftsersuchen in einem solchen Fall ablehnen m\u00fcssen, werden wir Sie gleichzeitig \u00fcber die Gr\u00fcnde der Ablehnung informieren.<\/p>\n<p><strong>Beschwerden bei Aufsichtsbeh\u00f6rden<br><\/strong>Wir nehmen Ihre Vorbehalte und Rechte sehr ernst. Sollten Sie jedoch der Meinung sein, dass wir Ihre Beschwerden oder Vorbehalte nicht angemessen behandelt haben, haben Sie das Recht, eine Beschwerde bei den zust\u00e4ndigen Datenschutzbeh\u00f6rden einzureichen.&nbsp; &nbsp;&nbsp;<\/p>\n<p><strong>&nbsp;<\/strong><\/p>\n<p><strong>Rechtsgrundlage f\u00fcr die Verarbeitung von personenbezogenen Daten<\/strong><\/p>\n<p>Wir verarbeiten Ihre Daten nur, wenn dies durch eine anwendbare Rechtsvorschrift erlaubt ist. Wir verarbeiten Ihre Daten insbesondere auf der Grundlage von Artikel 6 und Artikel 9 der EU-Datenschutzgrundverordnung sowie auf der Grundlage einer Einwilligung gem\u00e4\u00df Artikel 7 der EU-Datenschutzgrundverordnung. Dabei st\u00fctzen wir uns bei der Verarbeitung Ihrer Daten u.a. auf die folgenden Rechtsgrundlagen. Bitte beachten Sie, dass es sich hierbei nicht um eine vollst\u00e4ndige oder abschlie\u00dfende Aufz\u00e4hlung der Rechtsgrunds\u00e4tze handelt, sondern nur um Beispiele, die die Rechtsgrunds\u00e4tze transparenter machen sollen.<\/p>\n<ul>\n<li>Einwilligung (Art. 6 Abs. 1 S. 1 a), Art. 7 EU-Datenschutzgrundverordnung, bzw. Art. 9 Abs. 2 a), Art. 7 EU-Datenschutzgrundverordnung): Wir verarbeiten bestimmte Daten nur auf der Grundlage einer von Ihnen ausdr\u00fccklich und freiwillig erteilten Einwilligung. Sie haben das Recht, Ihre Einwilligung jederzeit mit Wirkung f\u00fcr die Zukunft zu widerrufen.<\/li>\n<li>Erf\u00fcllung eines Vertrages \/ vorvertragliche Ma\u00dfnahmen (Art. 6 Abs. 1 S. 1 b) der EU-Datenschutzgrundverordnung): F\u00fcr die Anbahnung und\/oder Durchf\u00fchrung Ihres Vertrages mit B&A, B&A H\u00e4ndlern und B&A Partnern ben\u00f6tigen wir Zugang zu bestimmten Daten.<\/li>\n<li>Erf\u00fcllung einer gesetzlichen Verpflichtung (Artikel 6 Absatz 1 Seite 1 c) der EU-Datenschutzgrundverordnung): Wir unterliegen einer Reihe von gesetzlichen Vorgaben. Um diese Vorgaben zu erf\u00fcllen, m\u00fcssen wir bestimmte Daten verarbeiten.<\/li>\n<\/ul>\n<p>Wahrung berechtigter Interessen (Artikel 6 Absatz 1 Seite 1 f) der EU-Datenschutzgrundverordnung): Wir verarbeiten bestimmte Daten zur Wahrung ihrer berechtigten Interessen oder der Interessen Dritter. Dies gilt jedoch nur, wenn Ihre Interessen im Einzelfall nicht \u00fcberwiegen.&nbsp; &nbsp;&nbsp;<\/p>\n<p><\/p>\t\t\t\t\t\t<\/div>\n\t\t\t\t<\/div>\n\t\t\t\t\t<\/div>\n\t\t<\/div>\n\t\t\t\t\t<\/div>\n\t\t<\/section>\n\t\t\t\t<\/div>","protected":false},"excerpt":{"rendered":"<p>LEARN ABOUT OUR DATA PROTECTION Keith Keller Who is responsible for data processing operations? As defined by the basic EU data protection regulations, B&amp;A Global GmbH, located at Wiesenstra\u00dfe 21 a, 40549&nbsp; D\u00fcsseldorf is responsible for the processing of your personal data. Data protection When do we acquire and process personal data? We acquire and &hellip;<\/p>\n<p class=\"read-more\"> <a class=\"\"   href=\"https:\/\/babike.de\/de\/data-protection\/\"> <span class=\"screen-reader-text\">Elementor #data protection<\/span> Weiterlesen &raquo;<\/a><\/p>","protected":false},"author":1,"featured_media":0,"parent":0,"menu_order":0,"comment_status":"closed","ping_status":"closed","template":"","meta":[],"_links":{"self":[{"href":"https:\/\/babike.de\/de\/wp-json\/wp\/v2\/pages\/2952"}],"collection":[{"href":"https:\/\/babike.de\/de\/wp-json\/wp\/v2\/pages"}],"about":[{"href":"https:\/\/babike.de\/de\/wp-json\/wp\/v2\/types\/page"}],"author":[{"embeddable":true,"href":"https:\/\/babike.de\/de\/wp-json\/wp\/v2\/users\/1"}],"replies":[{"embeddable":true,"href":"https:\/\/babike.de\/de\/wp-json\/wp\/v2\/comments?post=2952"}],"version-history":[{"count":10,"href":"https:\/\/babike.de\/de\/wp-json\/wp\/v2\/pages\/2952\/revisions"}],"predecessor-version":[{"id":5286,"href":"https:\/\/babike.de\/de\/wp-json\/wp\/v2\/pages\/2952\/revisions\/5286"}],"wp:attachment":[{"href":"https:\/\/babike.de\/de\/wp-json\/wp\/v2\/media?parent=2952"}],"curies":[{"name":"wp","href":"https:\/\/api.w.org\/{rel}","templated":true}]}}